{"id":985,"date":"2020-05-09T23:18:10","date_gmt":"2020-05-09T21:18:10","guid":{"rendered":"https:\/\/symbioosi.fr\/?post_type=product&#038;p=985"},"modified":"2022-01-28T21:20:05","modified_gmt":"2022-01-28T20:20:05","slug":"greloo-eco-responsable-nominoo","status":"publish","type":"product","link":"https:\/\/symbioosi.fr\/index.php\/produit\/greloo-eco-responsable-nominoo\/","title":{"rendered":"Greloo \u00e9co-responsable &#8211; Nominoo"},"content":{"rendered":"<p>Ce jouet pour chat s\u2019utilise seul ou \u00e0 balancer avec <strong>les cannap\u00eaches Nominoo<\/strong>. Agite-le rend ta boule de poils compl\u00e8tement folle ! Elle va adorer !<\/p>\n<p>Glingling\u00a0: si ton chat adore jouer avec des choses qui font du bruit, il va adorer le grelot cach\u00e9 \u00e0 l\u2019int\u00e9rieur.<\/p>\n<p><strong>Dimensions :<\/strong> Environ 4 cm de diam\u00e8tre<\/p>\n<p><strong>Origine des mat\u00e9riaux :\u00a0<\/strong><\/p>\n<ul>\n<li>Rivets et\u00a0\u0152illet\u00a0: fabriqu\u00e9s en Italie, achet\u00e9s en France<\/li>\n<li>Cuirs\u00a0: Proviennent de chutes et de r\u00e9cup\u2019<\/li>\n<li>Grelots\u00a0: inconnu (\u00e0 am\u00e9liorer pour avoir une provenance France ou Europe)<\/li>\n<\/ul>\n<p><strong>Pr\u00e9cautions :<\/strong> Si un jouet est trop ab\u00eem\u00e9 il est pr\u00e9f\u00e9rable de lui enlever.<\/p>\n<blockquote><p>Fabriqu\u00e9 \u00e0 la main, une erreur de +\/- 1 cm est possible.<\/p><\/blockquote>\n","protected":false},"excerpt":{"rendered":"<h4 style=\"text-align: center;\"><span style=\"color: #bf7c38;\"><strong>Fait \u00e0 la main en France \u2013 \u00c9co-responsable &#8211; Avec un grelot &#8211; Seul ou avec une Cannap\u00eache<\/strong><\/span><\/h4>\n<p>Les GRELOO Nominoo sont dessin\u00e9s pour apporter un style unique \u00e0 ta boule de poils et \u00e0 ton int\u00e9rieur. R\u00e9alis\u00e9s enti\u00e8rement \u00e0 la main avec des chutes de cuirs.<\/p>\n","protected":false},"featured_media":1102,"comment_status":"open","ping_status":"closed","template":"","meta":[],"product_cat":[237],"product_tag":[71,73,69],"yoast_head":"<!-- This site is optimized with the Yoast SEO plugin v17.3 - https:\/\/yoast.com\/wordpress\/plugins\/seo\/ -->\n<title>Greloo \u00e9co-responsable - Nominoo - SYMBIOOSI<\/title>\n<meta name=\"robots\" content=\"noindex, follow, max-snippet:-1, max-image-preview:large, max-video-preview:-1\" \/>\n<meta property=\"og:locale\" content=\"fr_FR\" \/>\n<meta property=\"og:type\" content=\"article\" \/>\n<meta property=\"og:title\" content=\"Greloo \u00e9co-responsable - Nominoo - SYMBIOOSI\" \/>\n<meta property=\"og:description\" content=\"Fait \u00e0 la main en France \u2013 \u00c9co-responsable - Avec un grelot - Seul ou avec une Cannap\u00eache Les GRELOO Nominoo sont dessin\u00e9s pour apporter un style unique \u00e0 ta boule de poils et \u00e0 ton int\u00e9rieur. R\u00e9alis\u00e9s enti\u00e8rement \u00e0 la main avec des chutes de cuirs.\" \/>\n<meta property=\"og:url\" content=\"https:\/\/symbioosi.fr\/index.php\/produit\/greloo-eco-responsable-nominoo\/\" \/>\n<meta property=\"og:site_name\" content=\"SYMBIOOSI\" \/>\n<meta property=\"article:modified_time\" content=\"2022-01-28T20:20:05+00:00\" \/>\n<meta property=\"og:image\" content=\"https:\/\/symbioosi.fr\/wp-content\/uploads\/2020\/05\/IMG_4015-scaled.jpg\" \/>\n\t<meta property=\"og:image:width\" content=\"1920\" \/>\n\t<meta property=\"og:image:height\" content=\"2560\" \/>\n<meta name=\"twitter:card\" content=\"summary_large_image\" \/>\n<meta name=\"twitter:label1\" content=\"Dur\u00e9e de lecture estim\u00e9e\" \/>\n\t<meta name=\"twitter:data1\" content=\"1 minute\" \/>\n<script type=\"application\/ld+json\" class=\"yoast-schema-graph\">{\"@context\":\"https:\/\/schema.org\",\"@graph\":[{\"@type\":[\"Person\",\"Organization\"],\"@id\":\"https:\/\/symbioosi.fr\/#\/schema\/person\/dd144bbfb16d0edb6ddd70911df0f8d7\",\"name\":\"Symbioosi\",\"image\":{\"@type\":\"ImageObject\",\"@id\":\"https:\/\/symbioosi.fr\/#personlogo\",\"inLanguage\":\"fr-FR\",\"url\":\"https:\/\/symbioosi.fr\/wp-content\/uploads\/2020\/04\/Sans-titre.png\",\"contentUrl\":\"https:\/\/symbioosi.fr\/wp-content\/uploads\/2020\/04\/Sans-titre.png\",\"width\":500,\"height\":500,\"caption\":\"Symbioosi\"},\"logo\":{\"@id\":\"https:\/\/symbioosi.fr\/#personlogo\"},\"sameAs\":[\"https:\/\/www.instagram.com\/symbioosi_store\/\"]},{\"@type\":\"WebSite\",\"@id\":\"https:\/\/symbioosi.fr\/#website\",\"url\":\"https:\/\/symbioosi.fr\/\",\"name\":\"SYMBIOOSI\",\"description\":\"Produits naturels et de qualit\\u00e9 pour chiens, chats, NAC...\",\"publisher\":{\"@id\":\"https:\/\/symbioosi.fr\/#\/schema\/person\/dd144bbfb16d0edb6ddd70911df0f8d7\"},\"potentialAction\":[{\"@type\":\"SearchAction\",\"target\":{\"@type\":\"EntryPoint\",\"urlTemplate\":\"https:\/\/symbioosi.fr\/?s={search_term_string}\"},\"query-input\":\"required name=search_term_string\"}],\"inLanguage\":\"fr-FR\"},{\"@type\":\"ImageObject\",\"@id\":\"https:\/\/symbioosi.fr\/index.php\/produit\/greloo-eco-responsable-nominoo\/#primaryimage\",\"inLanguage\":\"fr-FR\",\"url\":\"https:\/\/symbioosi.fr\/wp-content\/uploads\/2020\/05\/IMG_4015-scaled.jpg\",\"contentUrl\":\"https:\/\/symbioosi.fr\/wp-content\/uploads\/2020\/05\/IMG_4015-scaled.jpg\",\"width\":1920,\"height\":2560},{\"@type\":\"WebPage\",\"@id\":\"https:\/\/symbioosi.fr\/index.php\/produit\/greloo-eco-responsable-nominoo\/#webpage\",\"url\":\"https:\/\/symbioosi.fr\/index.php\/produit\/greloo-eco-responsable-nominoo\/\",\"name\":\"Greloo \\u00e9co-responsable - Nominoo - SYMBIOOSI\",\"isPartOf\":{\"@id\":\"https:\/\/symbioosi.fr\/#website\"},\"primaryImageOfPage\":{\"@id\":\"https:\/\/symbioosi.fr\/index.php\/produit\/greloo-eco-responsable-nominoo\/#primaryimage\"},\"datePublished\":\"2020-05-09T21:18:10+00:00\",\"dateModified\":\"2022-01-28T20:20:05+00:00\",\"breadcrumb\":{\"@id\":\"https:\/\/symbioosi.fr\/index.php\/produit\/greloo-eco-responsable-nominoo\/#breadcrumb\"},\"inLanguage\":\"fr-FR\",\"potentialAction\":[{\"@type\":\"ReadAction\",\"target\":[\"https:\/\/symbioosi.fr\/index.php\/produit\/greloo-eco-responsable-nominoo\/\"]}]},{\"@type\":\"BreadcrumbList\",\"@id\":\"https:\/\/symbioosi.fr\/index.php\/produit\/greloo-eco-responsable-nominoo\/#breadcrumb\",\"itemListElement\":[{\"@type\":\"ListItem\",\"position\":1,\"name\":\"Accueil\",\"item\":\"https:\/\/symbioosi.fr\/\"},{\"@type\":\"ListItem\",\"position\":2,\"name\":\"Boutique\",\"item\":\"https:\/\/symbioosi.fr\/index.php\/boutique\/\"},{\"@type\":\"ListItem\",\"position\":3,\"name\":\"Greloo \\u00e9co-responsable &#8211; Nominoo\"}]}]}<\/script>\n<!-- \/ Yoast SEO plugin. -->","yoast_head_json":{"title":"Greloo \u00e9co-responsable - Nominoo - SYMBIOOSI","robots":{"index":"noindex","follow":"follow","max-snippet":"max-snippet:-1","max-image-preview":"max-image-preview:large","max-video-preview":"max-video-preview:-1"},"og_locale":"fr_FR","og_type":"article","og_title":"Greloo \u00e9co-responsable - Nominoo - SYMBIOOSI","og_description":"Fait \u00e0 la main en France \u2013 \u00c9co-responsable - Avec un grelot - Seul ou avec une Cannap\u00eache Les GRELOO Nominoo sont dessin\u00e9s pour apporter un style unique \u00e0 ta boule de poils et \u00e0 ton int\u00e9rieur. R\u00e9alis\u00e9s enti\u00e8rement \u00e0 la main avec des chutes de cuirs.","og_url":"https:\/\/symbioosi.fr\/index.php\/produit\/greloo-eco-responsable-nominoo\/","og_site_name":"SYMBIOOSI","article_modified_time":"2022-01-28T20:20:05+00:00","og_image":[{"width":1920,"height":2560,"url":"https:\/\/symbioosi.fr\/wp-content\/uploads\/2020\/05\/IMG_4015-scaled.jpg","type":"image\/jpeg"}],"twitter_card":"summary_large_image","twitter_misc":{"Dur\u00e9e de lecture estim\u00e9e":"1 minute"},"schema":{"@context":"https:\/\/schema.org","@graph":[{"@type":["Person","Organization"],"@id":"https:\/\/symbioosi.fr\/#\/schema\/person\/dd144bbfb16d0edb6ddd70911df0f8d7","name":"Symbioosi","image":{"@type":"ImageObject","@id":"https:\/\/symbioosi.fr\/#personlogo","inLanguage":"fr-FR","url":"https:\/\/symbioosi.fr\/wp-content\/uploads\/2020\/04\/Sans-titre.png","contentUrl":"https:\/\/symbioosi.fr\/wp-content\/uploads\/2020\/04\/Sans-titre.png","width":500,"height":500,"caption":"Symbioosi"},"logo":{"@id":"https:\/\/symbioosi.fr\/#personlogo"},"sameAs":["https:\/\/www.instagram.com\/symbioosi_store\/"]},{"@type":"WebSite","@id":"https:\/\/symbioosi.fr\/#website","url":"https:\/\/symbioosi.fr\/","name":"SYMBIOOSI","description":"Produits naturels et de qualit\u00e9 pour chiens, chats, NAC...","publisher":{"@id":"https:\/\/symbioosi.fr\/#\/schema\/person\/dd144bbfb16d0edb6ddd70911df0f8d7"},"potentialAction":[{"@type":"SearchAction","target":{"@type":"EntryPoint","urlTemplate":"https:\/\/symbioosi.fr\/?s={search_term_string}"},"query-input":"required name=search_term_string"}],"inLanguage":"fr-FR"},{"@type":"ImageObject","@id":"https:\/\/symbioosi.fr\/index.php\/produit\/greloo-eco-responsable-nominoo\/#primaryimage","inLanguage":"fr-FR","url":"https:\/\/symbioosi.fr\/wp-content\/uploads\/2020\/05\/IMG_4015-scaled.jpg","contentUrl":"https:\/\/symbioosi.fr\/wp-content\/uploads\/2020\/05\/IMG_4015-scaled.jpg","width":1920,"height":2560},{"@type":"WebPage","@id":"https:\/\/symbioosi.fr\/index.php\/produit\/greloo-eco-responsable-nominoo\/#webpage","url":"https:\/\/symbioosi.fr\/index.php\/produit\/greloo-eco-responsable-nominoo\/","name":"Greloo \u00e9co-responsable - Nominoo - SYMBIOOSI","isPartOf":{"@id":"https:\/\/symbioosi.fr\/#website"},"primaryImageOfPage":{"@id":"https:\/\/symbioosi.fr\/index.php\/produit\/greloo-eco-responsable-nominoo\/#primaryimage"},"datePublished":"2020-05-09T21:18:10+00:00","dateModified":"2022-01-28T20:20:05+00:00","breadcrumb":{"@id":"https:\/\/symbioosi.fr\/index.php\/produit\/greloo-eco-responsable-nominoo\/#breadcrumb"},"inLanguage":"fr-FR","potentialAction":[{"@type":"ReadAction","target":["https:\/\/symbioosi.fr\/index.php\/produit\/greloo-eco-responsable-nominoo\/"]}]},{"@type":"BreadcrumbList","@id":"https:\/\/symbioosi.fr\/index.php\/produit\/greloo-eco-responsable-nominoo\/#breadcrumb","itemListElement":[{"@type":"ListItem","position":1,"name":"Accueil","item":"https:\/\/symbioosi.fr\/"},{"@type":"ListItem","position":2,"name":"Boutique","item":"https:\/\/symbioosi.fr\/index.php\/boutique\/"},{"@type":"ListItem","position":3,"name":"Greloo \u00e9co-responsable &#8211; Nominoo"}]}]}},"_links":{"self":[{"href":"https:\/\/symbioosi.fr\/index.php\/wp-json\/wp\/v2\/product\/985"}],"collection":[{"href":"https:\/\/symbioosi.fr\/index.php\/wp-json\/wp\/v2\/product"}],"about":[{"href":"https:\/\/symbioosi.fr\/index.php\/wp-json\/wp\/v2\/types\/product"}],"replies":[{"embeddable":true,"href":"https:\/\/symbioosi.fr\/index.php\/wp-json\/wp\/v2\/comments?post=985"}],"wp:featuredmedia":[{"embeddable":true,"href":"https:\/\/symbioosi.fr\/index.php\/wp-json\/wp\/v2\/media\/1102"}],"wp:attachment":[{"href":"https:\/\/symbioosi.fr\/index.php\/wp-json\/wp\/v2\/media?parent=985"}],"wp:term":[{"taxonomy":"product_cat","embeddable":true,"href":"https:\/\/symbioosi.fr\/index.php\/wp-json\/wp\/v2\/product_cat?post=985"},{"taxonomy":"product_tag","embeddable":true,"href":"https:\/\/symbioosi.fr\/index.php\/wp-json\/wp\/v2\/product_tag?post=985"}],"curies":[{"name":"wp","href":"https:\/\/api.w.org\/{rel}","templated":true}]}}