{"id":93,"date":"2020-04-15T21:04:12","date_gmt":"2020-04-15T19:04:12","guid":{"rendered":"http:\/\/symbioosi.fr\/?post_type=product&#038;p=93"},"modified":"2022-02-25T21:37:57","modified_gmt":"2022-02-25T20:37:57","slug":"naturanimal-carbo-cat","status":"publish","type":"product","link":"https:\/\/symbioosi.fr\/index.php\/produit\/naturanimal-carbo-cat\/","title":{"rendered":"CarboCats &#8211; NatuR&#8217;animal"},"content":{"rendered":"<p><span style=\"color: #bf7c39;\"><strong>Composition d\u00e9taill\u00e9e :\u00a0<\/strong><\/span><\/p>\n<ul>\n<li><u>Charbon v\u00e9g\u00e9tal<\/u>: Au fort pouvoir absorbant et anti-diarrh\u00e9ique.<\/li>\n<li><u>Propolis<\/u>\u00a0: Anti-infectieux, agit contre les inflammations des intestins et renforce la flore intestinale.<\/li>\n<\/ul>\n<p><span style=\"color: #bf7c39;\"><strong>Doses recommand\u00e9es :<\/strong><\/span><\/p>\n<ul>\n<li>Jusqu&#8217;\u00e0 5,4 kg : 1 g\u00e9lule \/ jour<\/li>\n<li>Plus de 5,4 kg : 2 g\u00e9lules \/ jour.<\/li>\n<\/ul>\n<p><span style=\"color: #bf7c39;\"><strong>Recommandations : <\/strong><\/span><\/p>\n<ul>\n<li>Ne pas d\u00e9passer la dose journali\u00e8re recommand\u00e9e.<\/li>\n<li>Il est pr\u00e9f\u00e9rable de prendre ces g\u00e9lules \u00e0 distance (2 h si possible) d\u2019autres m\u00e9dicaments sous risque de diminuer leur efficacit\u00e9 et en dehors des repas.<\/li>\n<li>\u00c0 donner tous les jours jusqu&#8217;\u00e0 retour des selles normales.<\/li>\n<li>Tenir hors de port\u00e9e des enfants.<\/li>\n<li>Ne pas administrer aux femelles en gestation ou allaitantes.<\/li>\n<\/ul>\n<div class=\"page\" title=\"Page 1\">\n<div class=\"section\">\n<div class=\"layoutArea\">\n<div class=\"column\">\n<div class=\"page\" title=\"Page 1\">\n<div class=\"section\">\n<div class=\"layoutArea\">\n<div class=\"column\">\n<p>Le produit est pr\u00e9sent\u00e9 sous forme de g\u00e9lules, poids net de 10.5 gr.<\/p>\n<p>Il est conditionn\u00e9 dans un pilulier de 30 g\u00e9lules. Dosage des g\u00e9lules 300 mg.<\/p>\n<\/div>\n<\/div>\n<\/div>\n<\/div>\n<\/div>\n<\/div>\n<\/div>\n<\/div>\n<blockquote><p><em>En cas de doutes, si les sympt\u00f4mes persistent, consultez votre v\u00e9t\u00e9rinaire.<\/em><\/p><\/blockquote>\n","protected":false},"excerpt":{"rendered":"<div class=\"page\" title=\"Page 22\">\n<div class=\"section\">\n<div class=\"layoutArea\">\n<div class=\"column\">\n<h4 style=\"text-align: center;\"><span style=\"color: #bf7c39;\"><strong>Facilite la digestion &#8211; Favorise l&#8217;absorption des\u00a0gaz intestinaux &#8211; Limite le ballonnement et les douleurs abdominales &#8211; Pi\u00e8ge les toxines et les \u00e9limine<\/strong><\/span><\/h4>\n<p>&nbsp;<\/p>\n<p><span style=\"color: #bf7c39;\"><strong>Composition :<\/strong><\/span> Charbon v\u00e9g\u00e9tal, propolis<\/p>\n<\/div>\n<\/div>\n<\/div>\n<\/div>\n","protected":false},"featured_media":2292,"comment_status":"open","ping_status":"closed","template":"","meta":[],"product_cat":[261],"product_tag":[71,73,75],"yoast_head":"<!-- This site is optimized with the Yoast SEO plugin v17.3 - https:\/\/yoast.com\/wordpress\/plugins\/seo\/ -->\n<title>CarboCats - NatuR&#039;animal - SYMBIOOSI<\/title>\n<meta name=\"description\" content=\"Compl\u00e9ment alimentaire pour faciliter la digestion des chats de tous \u00e2ges formul\u00e9 exclusivement \u00e0 partir de produits naturels.\" \/>\n<meta name=\"robots\" content=\"noindex, follow, max-snippet:-1, max-image-preview:large, max-video-preview:-1\" \/>\n<meta property=\"og:locale\" content=\"fr_FR\" \/>\n<meta property=\"og:type\" content=\"article\" \/>\n<meta property=\"og:title\" content=\"CarboCats - NatuR&#039;animal - SYMBIOOSI\" \/>\n<meta property=\"og:description\" content=\"Compl\u00e9ment alimentaire pour faciliter la digestion des chats de tous \u00e2ges formul\u00e9 exclusivement \u00e0 partir de produits naturels.\" \/>\n<meta property=\"og:url\" content=\"https:\/\/symbioosi.fr\/index.php\/produit\/naturanimal-carbo-cat\/\" \/>\n<meta property=\"og:site_name\" content=\"SYMBIOOSI\" \/>\n<meta property=\"article:modified_time\" content=\"2022-02-25T20:37:57+00:00\" \/>\n<meta property=\"og:image\" content=\"https:\/\/symbioosi.fr\/wp-content\/uploads\/2020\/04\/carbo-cats-scaled.jpg\" \/>\n\t<meta property=\"og:image:width\" content=\"1920\" \/>\n\t<meta property=\"og:image:height\" content=\"2560\" \/>\n<meta name=\"twitter:card\" content=\"summary_large_image\" \/>\n<meta name=\"twitter:label1\" content=\"Dur\u00e9e de lecture estim\u00e9e\" \/>\n\t<meta name=\"twitter:data1\" content=\"1 minute\" \/>\n<script type=\"application\/ld+json\" class=\"yoast-schema-graph\">{\"@context\":\"https:\/\/schema.org\",\"@graph\":[{\"@type\":[\"Person\",\"Organization\"],\"@id\":\"https:\/\/symbioosi.fr\/#\/schema\/person\/dd144bbfb16d0edb6ddd70911df0f8d7\",\"name\":\"Symbioosi\",\"image\":{\"@type\":\"ImageObject\",\"@id\":\"https:\/\/symbioosi.fr\/#personlogo\",\"inLanguage\":\"fr-FR\",\"url\":\"https:\/\/symbioosi.fr\/wp-content\/uploads\/2020\/04\/Sans-titre.png\",\"contentUrl\":\"https:\/\/symbioosi.fr\/wp-content\/uploads\/2020\/04\/Sans-titre.png\",\"width\":500,\"height\":500,\"caption\":\"Symbioosi\"},\"logo\":{\"@id\":\"https:\/\/symbioosi.fr\/#personlogo\"},\"sameAs\":[\"https:\/\/www.instagram.com\/symbioosi_store\/\"]},{\"@type\":\"WebSite\",\"@id\":\"https:\/\/symbioosi.fr\/#website\",\"url\":\"https:\/\/symbioosi.fr\/\",\"name\":\"SYMBIOOSI\",\"description\":\"Produits naturels et de qualit\\u00e9 pour chiens, chats, NAC...\",\"publisher\":{\"@id\":\"https:\/\/symbioosi.fr\/#\/schema\/person\/dd144bbfb16d0edb6ddd70911df0f8d7\"},\"potentialAction\":[{\"@type\":\"SearchAction\",\"target\":{\"@type\":\"EntryPoint\",\"urlTemplate\":\"https:\/\/symbioosi.fr\/?s={search_term_string}\"},\"query-input\":\"required name=search_term_string\"}],\"inLanguage\":\"fr-FR\"},{\"@type\":\"ImageObject\",\"@id\":\"https:\/\/symbioosi.fr\/index.php\/produit\/naturanimal-carbo-cat\/#primaryimage\",\"inLanguage\":\"fr-FR\",\"url\":\"https:\/\/symbioosi.fr\/wp-content\/uploads\/2020\/04\/carbo-cats-scaled.jpg\",\"contentUrl\":\"https:\/\/symbioosi.fr\/wp-content\/uploads\/2020\/04\/carbo-cats-scaled.jpg\",\"width\":1920,\"height\":2560},{\"@type\":\"WebPage\",\"@id\":\"https:\/\/symbioosi.fr\/index.php\/produit\/naturanimal-carbo-cat\/#webpage\",\"url\":\"https:\/\/symbioosi.fr\/index.php\/produit\/naturanimal-carbo-cat\/\",\"name\":\"CarboCats - NatuR'animal - SYMBIOOSI\",\"isPartOf\":{\"@id\":\"https:\/\/symbioosi.fr\/#website\"},\"primaryImageOfPage\":{\"@id\":\"https:\/\/symbioosi.fr\/index.php\/produit\/naturanimal-carbo-cat\/#primaryimage\"},\"datePublished\":\"2020-04-15T19:04:12+00:00\",\"dateModified\":\"2022-02-25T20:37:57+00:00\",\"description\":\"Compl\\u00e9ment alimentaire pour faciliter la digestion des chats de tous \\u00e2ges formul\\u00e9 exclusivement \\u00e0 partir de produits naturels.\",\"breadcrumb\":{\"@id\":\"https:\/\/symbioosi.fr\/index.php\/produit\/naturanimal-carbo-cat\/#breadcrumb\"},\"inLanguage\":\"fr-FR\",\"potentialAction\":[{\"@type\":\"ReadAction\",\"target\":[\"https:\/\/symbioosi.fr\/index.php\/produit\/naturanimal-carbo-cat\/\"]}]},{\"@type\":\"BreadcrumbList\",\"@id\":\"https:\/\/symbioosi.fr\/index.php\/produit\/naturanimal-carbo-cat\/#breadcrumb\",\"itemListElement\":[{\"@type\":\"ListItem\",\"position\":1,\"name\":\"Accueil\",\"item\":\"https:\/\/symbioosi.fr\/\"},{\"@type\":\"ListItem\",\"position\":2,\"name\":\"Boutique\",\"item\":\"https:\/\/symbioosi.fr\/index.php\/boutique\/\"},{\"@type\":\"ListItem\",\"position\":3,\"name\":\"CarboCats &#8211; NatuR&#8217;animal\"}]}]}<\/script>\n<!-- \/ Yoast SEO plugin. -->","yoast_head_json":{"title":"CarboCats - NatuR'animal - SYMBIOOSI","description":"Compl\u00e9ment alimentaire pour faciliter la digestion des chats de tous \u00e2ges formul\u00e9 exclusivement \u00e0 partir de produits naturels.","robots":{"index":"noindex","follow":"follow","max-snippet":"max-snippet:-1","max-image-preview":"max-image-preview:large","max-video-preview":"max-video-preview:-1"},"og_locale":"fr_FR","og_type":"article","og_title":"CarboCats - NatuR'animal - SYMBIOOSI","og_description":"Compl\u00e9ment alimentaire pour faciliter la digestion des chats de tous \u00e2ges formul\u00e9 exclusivement \u00e0 partir de produits naturels.","og_url":"https:\/\/symbioosi.fr\/index.php\/produit\/naturanimal-carbo-cat\/","og_site_name":"SYMBIOOSI","article_modified_time":"2022-02-25T20:37:57+00:00","og_image":[{"width":1920,"height":2560,"url":"https:\/\/symbioosi.fr\/wp-content\/uploads\/2020\/04\/carbo-cats-scaled.jpg","type":"image\/jpeg"}],"twitter_card":"summary_large_image","twitter_misc":{"Dur\u00e9e de lecture estim\u00e9e":"1 minute"},"schema":{"@context":"https:\/\/schema.org","@graph":[{"@type":["Person","Organization"],"@id":"https:\/\/symbioosi.fr\/#\/schema\/person\/dd144bbfb16d0edb6ddd70911df0f8d7","name":"Symbioosi","image":{"@type":"ImageObject","@id":"https:\/\/symbioosi.fr\/#personlogo","inLanguage":"fr-FR","url":"https:\/\/symbioosi.fr\/wp-content\/uploads\/2020\/04\/Sans-titre.png","contentUrl":"https:\/\/symbioosi.fr\/wp-content\/uploads\/2020\/04\/Sans-titre.png","width":500,"height":500,"caption":"Symbioosi"},"logo":{"@id":"https:\/\/symbioosi.fr\/#personlogo"},"sameAs":["https:\/\/www.instagram.com\/symbioosi_store\/"]},{"@type":"WebSite","@id":"https:\/\/symbioosi.fr\/#website","url":"https:\/\/symbioosi.fr\/","name":"SYMBIOOSI","description":"Produits naturels et de qualit\u00e9 pour chiens, chats, NAC...","publisher":{"@id":"https:\/\/symbioosi.fr\/#\/schema\/person\/dd144bbfb16d0edb6ddd70911df0f8d7"},"potentialAction":[{"@type":"SearchAction","target":{"@type":"EntryPoint","urlTemplate":"https:\/\/symbioosi.fr\/?s={search_term_string}"},"query-input":"required name=search_term_string"}],"inLanguage":"fr-FR"},{"@type":"ImageObject","@id":"https:\/\/symbioosi.fr\/index.php\/produit\/naturanimal-carbo-cat\/#primaryimage","inLanguage":"fr-FR","url":"https:\/\/symbioosi.fr\/wp-content\/uploads\/2020\/04\/carbo-cats-scaled.jpg","contentUrl":"https:\/\/symbioosi.fr\/wp-content\/uploads\/2020\/04\/carbo-cats-scaled.jpg","width":1920,"height":2560},{"@type":"WebPage","@id":"https:\/\/symbioosi.fr\/index.php\/produit\/naturanimal-carbo-cat\/#webpage","url":"https:\/\/symbioosi.fr\/index.php\/produit\/naturanimal-carbo-cat\/","name":"CarboCats - NatuR'animal - SYMBIOOSI","isPartOf":{"@id":"https:\/\/symbioosi.fr\/#website"},"primaryImageOfPage":{"@id":"https:\/\/symbioosi.fr\/index.php\/produit\/naturanimal-carbo-cat\/#primaryimage"},"datePublished":"2020-04-15T19:04:12+00:00","dateModified":"2022-02-25T20:37:57+00:00","description":"Compl\u00e9ment alimentaire pour faciliter la digestion des chats de tous \u00e2ges formul\u00e9 exclusivement \u00e0 partir de produits naturels.","breadcrumb":{"@id":"https:\/\/symbioosi.fr\/index.php\/produit\/naturanimal-carbo-cat\/#breadcrumb"},"inLanguage":"fr-FR","potentialAction":[{"@type":"ReadAction","target":["https:\/\/symbioosi.fr\/index.php\/produit\/naturanimal-carbo-cat\/"]}]},{"@type":"BreadcrumbList","@id":"https:\/\/symbioosi.fr\/index.php\/produit\/naturanimal-carbo-cat\/#breadcrumb","itemListElement":[{"@type":"ListItem","position":1,"name":"Accueil","item":"https:\/\/symbioosi.fr\/"},{"@type":"ListItem","position":2,"name":"Boutique","item":"https:\/\/symbioosi.fr\/index.php\/boutique\/"},{"@type":"ListItem","position":3,"name":"CarboCats &#8211; NatuR&#8217;animal"}]}]}},"_links":{"self":[{"href":"https:\/\/symbioosi.fr\/index.php\/wp-json\/wp\/v2\/product\/93"}],"collection":[{"href":"https:\/\/symbioosi.fr\/index.php\/wp-json\/wp\/v2\/product"}],"about":[{"href":"https:\/\/symbioosi.fr\/index.php\/wp-json\/wp\/v2\/types\/product"}],"replies":[{"embeddable":true,"href":"https:\/\/symbioosi.fr\/index.php\/wp-json\/wp\/v2\/comments?post=93"}],"wp:featuredmedia":[{"embeddable":true,"href":"https:\/\/symbioosi.fr\/index.php\/wp-json\/wp\/v2\/media\/2292"}],"wp:attachment":[{"href":"https:\/\/symbioosi.fr\/index.php\/wp-json\/wp\/v2\/media?parent=93"}],"wp:term":[{"taxonomy":"product_cat","embeddable":true,"href":"https:\/\/symbioosi.fr\/index.php\/wp-json\/wp\/v2\/product_cat?post=93"},{"taxonomy":"product_tag","embeddable":true,"href":"https:\/\/symbioosi.fr\/index.php\/wp-json\/wp\/v2\/product_tag?post=93"}],"curies":[{"name":"wp","href":"https:\/\/api.w.org\/{rel}","templated":true}]}}