{"id":91,"date":"2020-04-15T21:02:54","date_gmt":"2020-04-15T19:02:54","guid":{"rendered":"http:\/\/symbioosi.fr\/?post_type=product&#038;p=91"},"modified":"2022-06-22T20:54:07","modified_gmt":"2022-06-22T18:54:07","slug":"naturanimal-vermifuge-naturel-chat","status":"publish","type":"product","link":"https:\/\/symbioosi.fr\/index.php\/produit\/naturanimal-vermifuge-naturel-chat\/","title":{"rendered":"Vermi&#8217;pet Cats &#8211; NatuR&#8217;animal"},"content":{"rendered":"<p><span style=\"color: #bf7c39;\"><strong>Composition d\u00e9taill\u00e9e :\u00a0<\/strong><\/span><\/p>\n<div class=\"page\" title=\"Page 2\">\n<div class=\"section\">\n<div class=\"layoutArea\">\n<div class=\"column\">\n<ul>\n<li><em>Terre de Diatom\u00e9e<\/em> (Bacillariophyc\u00e9es) : antiparasitaire, insecticide, vermifuge naturels et puissants. R\u00e9duit les douleurs articulaires, le stress. Am\u00e9liore la qualit\u00e9 et la brillance du poil.<\/li>\n<li><em>Graine de Courge<\/em> : Les graines de courge sont avant tout un vermifuge naturel tr\u00e8s puissant et permettent :\u00a0D&#8217;agir sur les parasites intestinaux tels que les t\u00e9nias et les ascaris tout en cicatrisant le tube digestif.\u00a0D&#8217;entretenir les m\u00e9ridiens de l&#8217;estomac et du gros intestin. D&#8217;agir comme un laxatif naturel gr\u00e2ce \u00e0 leur haute teneur en fibres.<\/li>\n<li><em>Graine de Nigelle<\/em> : Les graines de nigelle peuvent \u00eatre utilis\u00e9es pour \u00e9liminer les parasites et les vers intestinaux, ainsi que traiter la dysenterie amibienne (sang dans les selles) ; elles sont reconnues comme pouvant \u00e9radiquer la plupart des types de vers en toute s\u00e9curit\u00e9<\/li>\n<li><em>Noix de coco rap\u00e9e<\/em> : La noix de coco est elle aussi connue pour ses vertus antiseptiques, antifongiques, antivirales mais aussi antiparasitaires. Gr\u00e2ce \u00e0 son contenu en triglyc\u00e9rides \u00e0 chaine moyenne, la noix de coco serait efficace contre les vers plats et la giardase.<\/li>\n<li><em>Ail en poudre<\/em> : L&#8217;ail est un puissant antimicrobien et antibiotique. Il est efficace dans la lutte contre diverses formes d&#8217;infection interne ou externe, tels que les bact\u00e9ries, les virus ou les champignons, y compris les parasites (par exemple les vers plats) et les organismes protozoaires (giardia, par exemple).<\/li>\n<li><em>Thym<\/em> : Efficace pour d\u00e9loger les parasites intestinaux.<\/li>\n<\/ul>\n<\/div>\n<\/div>\n<\/div>\n<\/div>\n<p><span style=\"color: #bf7c39;\"><strong>Doses recommand\u00e9es :<\/strong><\/span><\/p>\n<ul>\n<li>Chat de moins de 5 kg : 1 g\u00e9lule \/ jour<\/li>\n<li>Chat de plus de 5 kg : 2 g\u00e9lules \/ jour<\/li>\n<\/ul>\n<div class=\"page\" title=\"Page 1\">\n<div class=\"section\">\n<div class=\"layoutArea\">\n<div class=\"column\">\n<p>Pendant la p\u00e9riode lunaire : En commen\u00e7ant la cure 3 jours avant la pleine lune et continuer jusqu&#8217;\u00e0 3 jours apr\u00e8s la pleine lune (ci-joint calendrier lunaire)<\/p>\n<p>Hors p\u00e9riode lunaire : 1 g\u00e9lule par jour \u00e0 administrer \u00e0 l\u2019animal pendant 10 jours.<\/p>\n<p>Pour les deux : \u00c0 renouveler 4 fois par An.<\/p>\n<p><img loading=\"lazy\" class=\" wp-image-629 aligncenter\" src=\"http:\/\/symbioosi.fr\/wp-content\/uploads\/2020\/04\/Capture-d\u2019\u00e9cran-2020-04-20-\u00e0-21.38.07-300x171.png\" alt=\"\" width=\"798\" height=\"455\" srcset=\"https:\/\/symbioosi.fr\/wp-content\/uploads\/2020\/04\/Capture-d\u2019\u00e9cran-2020-04-20-\u00e0-21.38.07-300x171.png 300w, https:\/\/symbioosi.fr\/wp-content\/uploads\/2020\/04\/Capture-d\u2019\u00e9cran-2020-04-20-\u00e0-21.38.07-768x437.png 768w, https:\/\/symbioosi.fr\/wp-content\/uploads\/2020\/04\/Capture-d\u2019\u00e9cran-2020-04-20-\u00e0-21.38.07-416x237.png 416w, https:\/\/symbioosi.fr\/wp-content\/uploads\/2020\/04\/Capture-d\u2019\u00e9cran-2020-04-20-\u00e0-21.38.07.png 904w\" sizes=\"(max-width: 798px) 100vw, 798px\" \/><\/p>\n<\/div>\n<\/div>\n<\/div>\n<\/div>\n<p><span style=\"color: #bf7c39;\"><strong>Recommandations : <\/strong><\/span><\/p>\n<ul>\n<li>Ne pas d\u00e9passer la dose journali\u00e8re recommand\u00e9e.<\/li>\n<li>Il est pr\u00e9f\u00e9rable de prendre ces g\u00e9lules \u00e0 distance (2 h si possible) d\u2019autres m\u00e9dicaments sous risque de diminuer leur efficacit\u00e9 et en dehors des repas.<\/li>\n<li>Tenir hors de port\u00e9e des enfants.<\/li>\n<li>Ne pas administrer aux femelles en gestation ou allaitantes.<\/li>\n<li>Irritation mod\u00e9r\u00e9 des yeux. Eviter le contact avec les yeux et les v\u00eatements. Bien laver vos v\u00eatements avec de l&#8217;eau et du savon apr\u00e8s manipulation du produit.<\/li>\n<li>En cas de contact avec les yeux, garder les yeux ouverts et les rincer doucement avec de l&#8217;eau. Si vous portez des lentilles, enlevez-les pour continuer \u00e0 rincer les yeux.)<\/li>\n<\/ul>\n<div class=\"page\" title=\"Page 1\">\n<div class=\"section\">\n<div class=\"layoutArea\"><\/div>\n<\/div>\n<\/div>\n<div class=\"page\" title=\"Page 1\">\n<div class=\"section\">\n<div class=\"layoutArea\">\n<div class=\"column\">\n<div class=\"page\" title=\"Page 1\">\n<div class=\"section\">\n<div class=\"layoutArea\">\n<div class=\"column\">\n<p>Le produit est pr\u00e9sent\u00e9 sous forme de g\u00e9lules, poids net de 21 gr.<\/p>\n<p>Il est conditionn\u00e9 dans un pilulier de 60 g\u00e9lules. Dosage des g\u00e9lules 250 mg.<\/p>\n<\/div>\n<\/div>\n<\/div>\n<\/div>\n<\/div>\n<\/div>\n<\/div>\n<\/div>\n<blockquote><p><em><strong>En cas de doutes, si des sympt\u00f4mes apparaissent, consultez votre v\u00e9t\u00e9rinaire.<\/strong><\/em><\/p><\/blockquote>\n","protected":false},"excerpt":{"rendered":"<div class=\"page\" title=\"Page 1\">\n<div class=\"section\">\n<div class=\"layoutArea\">\n<div class=\"column\">\n<h4 style=\"text-align: center;\"><span style=\"color: #bf7c39;\"><strong>Vermifuge naturel &#8211; Pr\u00e9ventif et curatif &#8211; Renforce la flore intestinale<\/strong><\/span><\/h4>\n<p>&nbsp;<\/p>\n<div class=\"page\" title=\"Page 1\">\n<div class=\"section\">\n<div class=\"layoutArea\">\n<div class=\"column\">\n<p><span style=\"color: #bf7c39;\"><strong>Composition :<\/strong> <\/span>Terre de diatom\u00e9e (Bacillariophyc\u00e9es), graines de courge, thym, graines de nigelle, noix de coco r\u00e2p\u00e9e, ail en poudre<\/p>\n<p>&nbsp;<\/p>\n<\/div>\n<\/div>\n<\/div>\n<\/div>\n<\/div>\n<\/div>\n<\/div>\n<\/div>\n","protected":false},"featured_media":2287,"comment_status":"open","ping_status":"closed","template":"","meta":[],"product_cat":[248],"product_tag":[71,73],"yoast_head":"<!-- This site is optimized with the Yoast SEO plugin v17.3 - https:\/\/yoast.com\/wordpress\/plugins\/seo\/ -->\n<title>Vermi&#039;pet Cats - NatuR&#039;animal (vermifuge naturel pour chat) - SYMBIOOSI<\/title>\n<meta name=\"description\" content=\"Le Vermi&#039;Pets Cats est un vermifuge naturel pour chat \u00e0 base de plusieurs plantes. Il renforce la flore intestinale.\" \/>\n<meta name=\"robots\" content=\"noindex, follow, max-snippet:-1, max-image-preview:large, max-video-preview:-1\" \/>\n<meta property=\"og:locale\" content=\"fr_FR\" \/>\n<meta property=\"og:type\" content=\"article\" \/>\n<meta property=\"og:title\" content=\"Vermi&#039;pet Cats - NatuR&#039;animal (vermifuge naturel pour chat) - SYMBIOOSI\" \/>\n<meta property=\"og:description\" content=\"Le Vermi&#039;Pets Cats est un vermifuge naturel pour chat \u00e0 base de plusieurs plantes. Il renforce la flore intestinale.\" \/>\n<meta property=\"og:url\" content=\"https:\/\/symbioosi.fr\/index.php\/produit\/naturanimal-vermifuge-naturel-chat\/\" \/>\n<meta property=\"og:site_name\" content=\"SYMBIOOSI\" \/>\n<meta property=\"article:modified_time\" content=\"2022-06-22T18:54:07+00:00\" \/>\n<meta property=\"og:image\" content=\"https:\/\/symbioosi.fr\/wp-content\/uploads\/2020\/04\/vermipets-cats-scaled.jpg\" \/>\n\t<meta property=\"og:image:width\" content=\"1920\" \/>\n\t<meta property=\"og:image:height\" content=\"2560\" \/>\n<meta name=\"twitter:card\" content=\"summary_large_image\" \/>\n<meta name=\"twitter:label1\" content=\"Dur\u00e9e de lecture estim\u00e9e\" \/>\n\t<meta name=\"twitter:data1\" content=\"2 minutes\" \/>\n<script type=\"application\/ld+json\" class=\"yoast-schema-graph\">{\"@context\":\"https:\/\/schema.org\",\"@graph\":[{\"@type\":[\"Person\",\"Organization\"],\"@id\":\"https:\/\/symbioosi.fr\/#\/schema\/person\/dd144bbfb16d0edb6ddd70911df0f8d7\",\"name\":\"Symbioosi\",\"image\":{\"@type\":\"ImageObject\",\"@id\":\"https:\/\/symbioosi.fr\/#personlogo\",\"inLanguage\":\"fr-FR\",\"url\":\"https:\/\/symbioosi.fr\/wp-content\/uploads\/2020\/04\/Sans-titre.png\",\"contentUrl\":\"https:\/\/symbioosi.fr\/wp-content\/uploads\/2020\/04\/Sans-titre.png\",\"width\":500,\"height\":500,\"caption\":\"Symbioosi\"},\"logo\":{\"@id\":\"https:\/\/symbioosi.fr\/#personlogo\"},\"sameAs\":[\"https:\/\/www.instagram.com\/symbioosi_store\/\"]},{\"@type\":\"WebSite\",\"@id\":\"https:\/\/symbioosi.fr\/#website\",\"url\":\"https:\/\/symbioosi.fr\/\",\"name\":\"SYMBIOOSI\",\"description\":\"Produits naturels et de qualit\\u00e9 pour chiens, chats, NAC...\",\"publisher\":{\"@id\":\"https:\/\/symbioosi.fr\/#\/schema\/person\/dd144bbfb16d0edb6ddd70911df0f8d7\"},\"potentialAction\":[{\"@type\":\"SearchAction\",\"target\":{\"@type\":\"EntryPoint\",\"urlTemplate\":\"https:\/\/symbioosi.fr\/?s={search_term_string}\"},\"query-input\":\"required name=search_term_string\"}],\"inLanguage\":\"fr-FR\"},{\"@type\":\"ImageObject\",\"@id\":\"https:\/\/symbioosi.fr\/index.php\/produit\/naturanimal-vermifuge-naturel-chat\/#primaryimage\",\"inLanguage\":\"fr-FR\",\"url\":\"https:\/\/symbioosi.fr\/wp-content\/uploads\/2020\/04\/vermipets-cats-scaled.jpg\",\"contentUrl\":\"https:\/\/symbioosi.fr\/wp-content\/uploads\/2020\/04\/vermipets-cats-scaled.jpg\",\"width\":1920,\"height\":2560},{\"@type\":\"WebPage\",\"@id\":\"https:\/\/symbioosi.fr\/index.php\/produit\/naturanimal-vermifuge-naturel-chat\/#webpage\",\"url\":\"https:\/\/symbioosi.fr\/index.php\/produit\/naturanimal-vermifuge-naturel-chat\/\",\"name\":\"Vermi'pet Cats - NatuR'animal (vermifuge naturel pour chat) - SYMBIOOSI\",\"isPartOf\":{\"@id\":\"https:\/\/symbioosi.fr\/#website\"},\"primaryImageOfPage\":{\"@id\":\"https:\/\/symbioosi.fr\/index.php\/produit\/naturanimal-vermifuge-naturel-chat\/#primaryimage\"},\"datePublished\":\"2020-04-15T19:02:54+00:00\",\"dateModified\":\"2022-06-22T18:54:07+00:00\",\"description\":\"Le Vermi'Pets Cats est un vermifuge naturel pour chat \\u00e0 base de plusieurs plantes. Il renforce la flore intestinale.\",\"breadcrumb\":{\"@id\":\"https:\/\/symbioosi.fr\/index.php\/produit\/naturanimal-vermifuge-naturel-chat\/#breadcrumb\"},\"inLanguage\":\"fr-FR\",\"potentialAction\":[{\"@type\":\"ReadAction\",\"target\":[\"https:\/\/symbioosi.fr\/index.php\/produit\/naturanimal-vermifuge-naturel-chat\/\"]}]},{\"@type\":\"BreadcrumbList\",\"@id\":\"https:\/\/symbioosi.fr\/index.php\/produit\/naturanimal-vermifuge-naturel-chat\/#breadcrumb\",\"itemListElement\":[{\"@type\":\"ListItem\",\"position\":1,\"name\":\"Accueil\",\"item\":\"https:\/\/symbioosi.fr\/\"},{\"@type\":\"ListItem\",\"position\":2,\"name\":\"Boutique\",\"item\":\"https:\/\/symbioosi.fr\/index.php\/boutique\/\"},{\"@type\":\"ListItem\",\"position\":3,\"name\":\"Vermi&#8217;pet Cats &#8211; NatuR&#8217;animal\"}]}]}<\/script>\n<!-- \/ Yoast SEO plugin. -->","yoast_head_json":{"title":"Vermi'pet Cats - NatuR'animal (vermifuge naturel pour chat) - SYMBIOOSI","description":"Le Vermi'Pets Cats est un vermifuge naturel pour chat \u00e0 base de plusieurs plantes. Il renforce la flore intestinale.","robots":{"index":"noindex","follow":"follow","max-snippet":"max-snippet:-1","max-image-preview":"max-image-preview:large","max-video-preview":"max-video-preview:-1"},"og_locale":"fr_FR","og_type":"article","og_title":"Vermi'pet Cats - NatuR'animal (vermifuge naturel pour chat) - SYMBIOOSI","og_description":"Le Vermi'Pets Cats est un vermifuge naturel pour chat \u00e0 base de plusieurs plantes. Il renforce la flore intestinale.","og_url":"https:\/\/symbioosi.fr\/index.php\/produit\/naturanimal-vermifuge-naturel-chat\/","og_site_name":"SYMBIOOSI","article_modified_time":"2022-06-22T18:54:07+00:00","og_image":[{"width":1920,"height":2560,"url":"https:\/\/symbioosi.fr\/wp-content\/uploads\/2020\/04\/vermipets-cats-scaled.jpg","type":"image\/jpeg"}],"twitter_card":"summary_large_image","twitter_misc":{"Dur\u00e9e de lecture estim\u00e9e":"2 minutes"},"schema":{"@context":"https:\/\/schema.org","@graph":[{"@type":["Person","Organization"],"@id":"https:\/\/symbioosi.fr\/#\/schema\/person\/dd144bbfb16d0edb6ddd70911df0f8d7","name":"Symbioosi","image":{"@type":"ImageObject","@id":"https:\/\/symbioosi.fr\/#personlogo","inLanguage":"fr-FR","url":"https:\/\/symbioosi.fr\/wp-content\/uploads\/2020\/04\/Sans-titre.png","contentUrl":"https:\/\/symbioosi.fr\/wp-content\/uploads\/2020\/04\/Sans-titre.png","width":500,"height":500,"caption":"Symbioosi"},"logo":{"@id":"https:\/\/symbioosi.fr\/#personlogo"},"sameAs":["https:\/\/www.instagram.com\/symbioosi_store\/"]},{"@type":"WebSite","@id":"https:\/\/symbioosi.fr\/#website","url":"https:\/\/symbioosi.fr\/","name":"SYMBIOOSI","description":"Produits naturels et de qualit\u00e9 pour chiens, chats, NAC...","publisher":{"@id":"https:\/\/symbioosi.fr\/#\/schema\/person\/dd144bbfb16d0edb6ddd70911df0f8d7"},"potentialAction":[{"@type":"SearchAction","target":{"@type":"EntryPoint","urlTemplate":"https:\/\/symbioosi.fr\/?s={search_term_string}"},"query-input":"required name=search_term_string"}],"inLanguage":"fr-FR"},{"@type":"ImageObject","@id":"https:\/\/symbioosi.fr\/index.php\/produit\/naturanimal-vermifuge-naturel-chat\/#primaryimage","inLanguage":"fr-FR","url":"https:\/\/symbioosi.fr\/wp-content\/uploads\/2020\/04\/vermipets-cats-scaled.jpg","contentUrl":"https:\/\/symbioosi.fr\/wp-content\/uploads\/2020\/04\/vermipets-cats-scaled.jpg","width":1920,"height":2560},{"@type":"WebPage","@id":"https:\/\/symbioosi.fr\/index.php\/produit\/naturanimal-vermifuge-naturel-chat\/#webpage","url":"https:\/\/symbioosi.fr\/index.php\/produit\/naturanimal-vermifuge-naturel-chat\/","name":"Vermi'pet Cats - NatuR'animal (vermifuge naturel pour chat) - SYMBIOOSI","isPartOf":{"@id":"https:\/\/symbioosi.fr\/#website"},"primaryImageOfPage":{"@id":"https:\/\/symbioosi.fr\/index.php\/produit\/naturanimal-vermifuge-naturel-chat\/#primaryimage"},"datePublished":"2020-04-15T19:02:54+00:00","dateModified":"2022-06-22T18:54:07+00:00","description":"Le Vermi'Pets Cats est un vermifuge naturel pour chat \u00e0 base de plusieurs plantes. Il renforce la flore intestinale.","breadcrumb":{"@id":"https:\/\/symbioosi.fr\/index.php\/produit\/naturanimal-vermifuge-naturel-chat\/#breadcrumb"},"inLanguage":"fr-FR","potentialAction":[{"@type":"ReadAction","target":["https:\/\/symbioosi.fr\/index.php\/produit\/naturanimal-vermifuge-naturel-chat\/"]}]},{"@type":"BreadcrumbList","@id":"https:\/\/symbioosi.fr\/index.php\/produit\/naturanimal-vermifuge-naturel-chat\/#breadcrumb","itemListElement":[{"@type":"ListItem","position":1,"name":"Accueil","item":"https:\/\/symbioosi.fr\/"},{"@type":"ListItem","position":2,"name":"Boutique","item":"https:\/\/symbioosi.fr\/index.php\/boutique\/"},{"@type":"ListItem","position":3,"name":"Vermi&#8217;pet Cats &#8211; NatuR&#8217;animal"}]}]}},"_links":{"self":[{"href":"https:\/\/symbioosi.fr\/index.php\/wp-json\/wp\/v2\/product\/91"}],"collection":[{"href":"https:\/\/symbioosi.fr\/index.php\/wp-json\/wp\/v2\/product"}],"about":[{"href":"https:\/\/symbioosi.fr\/index.php\/wp-json\/wp\/v2\/types\/product"}],"replies":[{"embeddable":true,"href":"https:\/\/symbioosi.fr\/index.php\/wp-json\/wp\/v2\/comments?post=91"}],"wp:featuredmedia":[{"embeddable":true,"href":"https:\/\/symbioosi.fr\/index.php\/wp-json\/wp\/v2\/media\/2287"}],"wp:attachment":[{"href":"https:\/\/symbioosi.fr\/index.php\/wp-json\/wp\/v2\/media?parent=91"}],"wp:term":[{"taxonomy":"product_cat","embeddable":true,"href":"https:\/\/symbioosi.fr\/index.php\/wp-json\/wp\/v2\/product_cat?post=91"},{"taxonomy":"product_tag","embeddable":true,"href":"https:\/\/symbioosi.fr\/index.php\/wp-json\/wp\/v2\/product_tag?post=91"}],"curies":[{"name":"wp","href":"https:\/\/api.w.org\/{rel}","templated":true}]}}