{"id":60,"date":"2020-04-15T20:13:41","date_gmt":"2020-04-15T18:13:41","guid":{"rendered":"http:\/\/symbioosi.fr\/?post_type=product&#038;p=60"},"modified":"2022-05-10T20:45:39","modified_gmt":"2022-05-10T18:45:39","slug":"naturea-patee-chat-thon-crevettes","status":"publish","type":"product","link":"https:\/\/symbioosi.fr\/index.php\/produit\/naturea-patee-chat-thon-crevettes\/","title":{"rendered":"P\u00e2t\u00e9e au thon et aux crevettes &#8211; Naturea"},"content":{"rendered":"<p>Nos amis les chats \u00e9tant parfois difficile, nous vous avons concoct\u00e9 une s\u00e9lection de p\u00e2t\u00e9es des plus gourmandes pour les conqu\u00e9rir. Le dernier de la gamme, mais pas des moindres, la p\u00e2t\u00e9e au thon frais et aux crevettes fra\u00eeches pour les fans de saveurs marines. Sans c\u00e9r\u00e9ales et compos\u00e9e exclusivement de poisson et d&#8217;eau, cet aliment est parfaitement adapt\u00e9 au r\u00e9gime carnivore des chats. Cette p\u00e2t\u00e9e est adapt\u00e9e \u00e0 tous les chats m\u00eame st\u00e9rilis\u00e9s et au chatons.<\/p>\n<p><strong>Constituants analytiques :<\/strong> Prot\u00e9ines 15%, huiles et graisses brutes 3%, fibres 0,5%, cendres brutes 1%, humidit\u00e9 81%<\/p>\n<p><strong>Suggestion :<\/strong> \u00c0 utiliser en tant que repas exclusif, \u00e0 ajouter aux croquettes ou bien \u00e0 utiliser sur les Lickimats pr\u00e9sents sur la boutique, dans des jouets d\u2019occupation&#8230;<\/p>\n<p><strong>Conservation :<\/strong> Avant ouverture, \u00e0 garder au sec et \u00e0 l\u2019abri de l\u2019humidit\u00e9. Apr\u00e8s ouverture, se conserve 2 jours au r\u00e9frig\u00e9rateur.<\/p>\n<p><strong>Contenant<\/strong> : 85g<\/p>\n<p>&nbsp;<\/p>\n<p>&nbsp;<\/p>\n","protected":false},"excerpt":{"rendered":"<p style=\"text-align: center;\"><strong>Sans colorant artificiel, sans ajout de parfum, ni conservateur \u2013 Haute app\u00e9tence \u2013 Facilit\u00e9 de digestion &#8211; Riche en om\u00e9ga 3 et 6<\/strong><\/p>\n<p><strong>Composition :<\/strong>\u00a0Thon frais (53%), eau (42%), crevettes fra\u00eeches (5%).<\/p>\n","protected":false},"featured_media":5560,"comment_status":"open","ping_status":"closed","template":"","meta":[],"product_cat":[228],"product_tag":[71,73,69],"yoast_head":"<!-- This site is optimized with the Yoast SEO plugin v17.3 - https:\/\/yoast.com\/wordpress\/plugins\/seo\/ -->\n<title>P\u00e2t\u00e9e au thon et aux crevettes - Naturea - SYMBIOOSI<\/title>\n<meta name=\"robots\" content=\"noindex, follow, max-snippet:-1, max-image-preview:large, max-video-preview:-1\" \/>\n<meta property=\"og:locale\" content=\"fr_FR\" \/>\n<meta property=\"og:type\" content=\"article\" \/>\n<meta property=\"og:title\" content=\"P\u00e2t\u00e9e au thon et aux crevettes - Naturea - SYMBIOOSI\" \/>\n<meta property=\"og:description\" content=\"Sans colorant artificiel, sans ajout de parfum, ni conservateur \u2013 Haute app\u00e9tence \u2013 Facilit\u00e9 de digestion - Riche en om\u00e9ga 3 et 6 Composition :\u00a0Thon frais (53%), eau (42%), crevettes fra\u00eeches (5%).\" \/>\n<meta property=\"og:url\" content=\"https:\/\/symbioosi.fr\/index.php\/produit\/naturea-patee-chat-thon-crevettes\/\" \/>\n<meta property=\"og:site_name\" content=\"SYMBIOOSI\" \/>\n<meta property=\"article:modified_time\" content=\"2022-05-10T18:45:39+00:00\" \/>\n<meta property=\"og:image\" content=\"https:\/\/symbioosi.fr\/wp-content\/uploads\/2020\/04\/DSC7351.jpg\" \/>\n\t<meta property=\"og:image:width\" content=\"1365\" \/>\n\t<meta property=\"og:image:height\" content=\"2048\" \/>\n<meta name=\"twitter:card\" content=\"summary_large_image\" \/>\n<meta name=\"twitter:label1\" content=\"Dur\u00e9e de lecture estim\u00e9e\" \/>\n\t<meta name=\"twitter:data1\" content=\"1 minute\" \/>\n<script type=\"application\/ld+json\" class=\"yoast-schema-graph\">{\"@context\":\"https:\/\/schema.org\",\"@graph\":[{\"@type\":[\"Person\",\"Organization\"],\"@id\":\"https:\/\/symbioosi.fr\/#\/schema\/person\/dd144bbfb16d0edb6ddd70911df0f8d7\",\"name\":\"Symbioosi\",\"image\":{\"@type\":\"ImageObject\",\"@id\":\"https:\/\/symbioosi.fr\/#personlogo\",\"inLanguage\":\"fr-FR\",\"url\":\"https:\/\/symbioosi.fr\/wp-content\/uploads\/2020\/04\/Sans-titre.png\",\"contentUrl\":\"https:\/\/symbioosi.fr\/wp-content\/uploads\/2020\/04\/Sans-titre.png\",\"width\":500,\"height\":500,\"caption\":\"Symbioosi\"},\"logo\":{\"@id\":\"https:\/\/symbioosi.fr\/#personlogo\"},\"sameAs\":[\"https:\/\/www.instagram.com\/symbioosi_store\/\"]},{\"@type\":\"WebSite\",\"@id\":\"https:\/\/symbioosi.fr\/#website\",\"url\":\"https:\/\/symbioosi.fr\/\",\"name\":\"SYMBIOOSI\",\"description\":\"Produits naturels et de qualit\\u00e9 pour chiens, chats, NAC...\",\"publisher\":{\"@id\":\"https:\/\/symbioosi.fr\/#\/schema\/person\/dd144bbfb16d0edb6ddd70911df0f8d7\"},\"potentialAction\":[{\"@type\":\"SearchAction\",\"target\":{\"@type\":\"EntryPoint\",\"urlTemplate\":\"https:\/\/symbioosi.fr\/?s={search_term_string}\"},\"query-input\":\"required name=search_term_string\"}],\"inLanguage\":\"fr-FR\"},{\"@type\":\"ImageObject\",\"@id\":\"https:\/\/symbioosi.fr\/index.php\/produit\/naturea-patee-chat-thon-crevettes\/#primaryimage\",\"inLanguage\":\"fr-FR\",\"url\":\"https:\/\/symbioosi.fr\/wp-content\/uploads\/2020\/04\/DSC7351.jpg\",\"contentUrl\":\"https:\/\/symbioosi.fr\/wp-content\/uploads\/2020\/04\/DSC7351.jpg\",\"width\":1365,\"height\":2048},{\"@type\":\"WebPage\",\"@id\":\"https:\/\/symbioosi.fr\/index.php\/produit\/naturea-patee-chat-thon-crevettes\/#webpage\",\"url\":\"https:\/\/symbioosi.fr\/index.php\/produit\/naturea-patee-chat-thon-crevettes\/\",\"name\":\"P\\u00e2t\\u00e9e au thon et aux crevettes - Naturea - SYMBIOOSI\",\"isPartOf\":{\"@id\":\"https:\/\/symbioosi.fr\/#website\"},\"primaryImageOfPage\":{\"@id\":\"https:\/\/symbioosi.fr\/index.php\/produit\/naturea-patee-chat-thon-crevettes\/#primaryimage\"},\"datePublished\":\"2020-04-15T18:13:41+00:00\",\"dateModified\":\"2022-05-10T18:45:39+00:00\",\"breadcrumb\":{\"@id\":\"https:\/\/symbioosi.fr\/index.php\/produit\/naturea-patee-chat-thon-crevettes\/#breadcrumb\"},\"inLanguage\":\"fr-FR\",\"potentialAction\":[{\"@type\":\"ReadAction\",\"target\":[\"https:\/\/symbioosi.fr\/index.php\/produit\/naturea-patee-chat-thon-crevettes\/\"]}]},{\"@type\":\"BreadcrumbList\",\"@id\":\"https:\/\/symbioosi.fr\/index.php\/produit\/naturea-patee-chat-thon-crevettes\/#breadcrumb\",\"itemListElement\":[{\"@type\":\"ListItem\",\"position\":1,\"name\":\"Accueil\",\"item\":\"https:\/\/symbioosi.fr\/\"},{\"@type\":\"ListItem\",\"position\":2,\"name\":\"Boutique\",\"item\":\"https:\/\/symbioosi.fr\/index.php\/boutique\/\"},{\"@type\":\"ListItem\",\"position\":3,\"name\":\"P\\u00e2t\\u00e9e au thon et aux crevettes &#8211; Naturea\"}]}]}<\/script>\n<!-- \/ Yoast SEO plugin. -->","yoast_head_json":{"title":"P\u00e2t\u00e9e au thon et aux crevettes - Naturea - SYMBIOOSI","robots":{"index":"noindex","follow":"follow","max-snippet":"max-snippet:-1","max-image-preview":"max-image-preview:large","max-video-preview":"max-video-preview:-1"},"og_locale":"fr_FR","og_type":"article","og_title":"P\u00e2t\u00e9e au thon et aux crevettes - Naturea - SYMBIOOSI","og_description":"Sans colorant artificiel, sans ajout de parfum, ni conservateur \u2013 Haute app\u00e9tence \u2013 Facilit\u00e9 de digestion - Riche en om\u00e9ga 3 et 6 Composition :\u00a0Thon frais (53%), eau (42%), crevettes fra\u00eeches (5%).","og_url":"https:\/\/symbioosi.fr\/index.php\/produit\/naturea-patee-chat-thon-crevettes\/","og_site_name":"SYMBIOOSI","article_modified_time":"2022-05-10T18:45:39+00:00","og_image":[{"width":1365,"height":2048,"url":"https:\/\/symbioosi.fr\/wp-content\/uploads\/2020\/04\/DSC7351.jpg","type":"image\/jpeg"}],"twitter_card":"summary_large_image","twitter_misc":{"Dur\u00e9e de lecture estim\u00e9e":"1 minute"},"schema":{"@context":"https:\/\/schema.org","@graph":[{"@type":["Person","Organization"],"@id":"https:\/\/symbioosi.fr\/#\/schema\/person\/dd144bbfb16d0edb6ddd70911df0f8d7","name":"Symbioosi","image":{"@type":"ImageObject","@id":"https:\/\/symbioosi.fr\/#personlogo","inLanguage":"fr-FR","url":"https:\/\/symbioosi.fr\/wp-content\/uploads\/2020\/04\/Sans-titre.png","contentUrl":"https:\/\/symbioosi.fr\/wp-content\/uploads\/2020\/04\/Sans-titre.png","width":500,"height":500,"caption":"Symbioosi"},"logo":{"@id":"https:\/\/symbioosi.fr\/#personlogo"},"sameAs":["https:\/\/www.instagram.com\/symbioosi_store\/"]},{"@type":"WebSite","@id":"https:\/\/symbioosi.fr\/#website","url":"https:\/\/symbioosi.fr\/","name":"SYMBIOOSI","description":"Produits naturels et de qualit\u00e9 pour chiens, chats, NAC...","publisher":{"@id":"https:\/\/symbioosi.fr\/#\/schema\/person\/dd144bbfb16d0edb6ddd70911df0f8d7"},"potentialAction":[{"@type":"SearchAction","target":{"@type":"EntryPoint","urlTemplate":"https:\/\/symbioosi.fr\/?s={search_term_string}"},"query-input":"required name=search_term_string"}],"inLanguage":"fr-FR"},{"@type":"ImageObject","@id":"https:\/\/symbioosi.fr\/index.php\/produit\/naturea-patee-chat-thon-crevettes\/#primaryimage","inLanguage":"fr-FR","url":"https:\/\/symbioosi.fr\/wp-content\/uploads\/2020\/04\/DSC7351.jpg","contentUrl":"https:\/\/symbioosi.fr\/wp-content\/uploads\/2020\/04\/DSC7351.jpg","width":1365,"height":2048},{"@type":"WebPage","@id":"https:\/\/symbioosi.fr\/index.php\/produit\/naturea-patee-chat-thon-crevettes\/#webpage","url":"https:\/\/symbioosi.fr\/index.php\/produit\/naturea-patee-chat-thon-crevettes\/","name":"P\u00e2t\u00e9e au thon et aux crevettes - Naturea - SYMBIOOSI","isPartOf":{"@id":"https:\/\/symbioosi.fr\/#website"},"primaryImageOfPage":{"@id":"https:\/\/symbioosi.fr\/index.php\/produit\/naturea-patee-chat-thon-crevettes\/#primaryimage"},"datePublished":"2020-04-15T18:13:41+00:00","dateModified":"2022-05-10T18:45:39+00:00","breadcrumb":{"@id":"https:\/\/symbioosi.fr\/index.php\/produit\/naturea-patee-chat-thon-crevettes\/#breadcrumb"},"inLanguage":"fr-FR","potentialAction":[{"@type":"ReadAction","target":["https:\/\/symbioosi.fr\/index.php\/produit\/naturea-patee-chat-thon-crevettes\/"]}]},{"@type":"BreadcrumbList","@id":"https:\/\/symbioosi.fr\/index.php\/produit\/naturea-patee-chat-thon-crevettes\/#breadcrumb","itemListElement":[{"@type":"ListItem","position":1,"name":"Accueil","item":"https:\/\/symbioosi.fr\/"},{"@type":"ListItem","position":2,"name":"Boutique","item":"https:\/\/symbioosi.fr\/index.php\/boutique\/"},{"@type":"ListItem","position":3,"name":"P\u00e2t\u00e9e au thon et aux crevettes &#8211; Naturea"}]}]}},"_links":{"self":[{"href":"https:\/\/symbioosi.fr\/index.php\/wp-json\/wp\/v2\/product\/60"}],"collection":[{"href":"https:\/\/symbioosi.fr\/index.php\/wp-json\/wp\/v2\/product"}],"about":[{"href":"https:\/\/symbioosi.fr\/index.php\/wp-json\/wp\/v2\/types\/product"}],"replies":[{"embeddable":true,"href":"https:\/\/symbioosi.fr\/index.php\/wp-json\/wp\/v2\/comments?post=60"}],"wp:featuredmedia":[{"embeddable":true,"href":"https:\/\/symbioosi.fr\/index.php\/wp-json\/wp\/v2\/media\/5560"}],"wp:attachment":[{"href":"https:\/\/symbioosi.fr\/index.php\/wp-json\/wp\/v2\/media?parent=60"}],"wp:term":[{"taxonomy":"product_cat","embeddable":true,"href":"https:\/\/symbioosi.fr\/index.php\/wp-json\/wp\/v2\/product_cat?post=60"},{"taxonomy":"product_tag","embeddable":true,"href":"https:\/\/symbioosi.fr\/index.php\/wp-json\/wp\/v2\/product_tag?post=60"}],"curies":[{"name":"wp","href":"https:\/\/api.w.org\/{rel}","templated":true}]}}