{"id":58,"date":"2020-04-15T20:09:37","date_gmt":"2020-04-15T18:09:37","guid":{"rendered":"http:\/\/symbioosi.fr\/?post_type=product&#038;p=58"},"modified":"2022-05-10T20:23:34","modified_gmt":"2022-05-10T18:23:34","slug":"naturea-patee-chien-dinde","status":"publish","type":"product","link":"https:\/\/symbioosi.fr\/index.php\/produit\/naturea-patee-chien-dinde\/","title":{"rendered":"P\u00e2t\u00e9e au poulet frais et \u00e0 la dinde &#8211; Naturea"},"content":{"rendered":"<p>Un grand classique qui s&#8217;adapte aux plus sensibles des loulous, la p\u00e2t\u00e9e \u00e0 la dinde et au poulet frais. La p\u00e2t\u00e9e ne contient pas de c\u00e9r\u00e9ale, simplement de la viande et des l\u00e9gumes. Les ingr\u00e9dients pr\u00e9sents sont de haute qualit\u00e9, ce qui en fait des produits propre \u00e0 la consommation humaine.<\/p>\n<p><strong>Convient pour<\/strong> : chiens, chiots.<\/p>\n<p><strong>Quantit\u00e9s recommand\u00e9es :<br \/>\n<\/strong><\/p>\n<ul>\n<li>De 1-10 kg : \u00a030 gr par kg de poids.<\/li>\n<li>De 11-25 kg : 25 gr par kg de poids.<\/li>\n<li>25 kg et + : \u00a020 gr par kg de poids.<\/li>\n<\/ul>\n<p><strong>Conservation :\u00a0<\/strong>Avant ouverture, \u00e0 garder au sec et \u00e0 l\u2019abri de l\u2019humidit\u00e9. Apr\u00e8s ouverture, se conserve 3 jours au r\u00e9frig\u00e9rateur.<\/p>\n<p><strong>Constituants analytiques :\u00a0<\/strong>Prot\u00e9ines brutes : 9%, mati\u00e8res grasses brutes : 6%, fibres brutes : 1,5%, cendres brutes : 3%, humidit\u00e9 : 80%<\/p>\n<p><strong>Suggestion :<\/strong> \u00c0 utiliser en tant que repas exclusif, \u00e0 ajouter aux croquettes ou bien \u00e0 utiliser sur les Lickimats pr\u00e9sents sur la boutique, dans des jouets d\u2019occupation ou dans les sabots, petites trach\u00e9es\u2026<\/p>\n<p><strong>Contenance :<\/strong>\u00a0375 gr<\/p>\n","protected":false},"excerpt":{"rendered":"<p style=\"text-align: center;\"><strong>Viande fraiche \u2013 Sans colorant artificiel, sans ajout de parfum, ni conservateur \u2013 Haute app\u00e9tence \u2013 Facilit\u00e9 de digestion<\/strong><\/p>\n<p><strong>Composition :\u00a0<\/strong>Poulet frais (47,7%), dinde frais (4%), carotte (1%), l\u00e9gumes d\u00e9shydrat\u00e9s (-1%) (carotte, pomme de terre, poireau, brocoli), sel (-1%) et eau.<\/p>\n","protected":false},"featured_media":5562,"comment_status":"open","ping_status":"closed","template":"","meta":[],"product_cat":[227],"product_tag":[70,72,68],"yoast_head":"<!-- This site is optimized with the Yoast SEO plugin v17.3 - https:\/\/yoast.com\/wordpress\/plugins\/seo\/ -->\n<title>P\u00e2t\u00e9e au poulet frais et \u00e0 la dinde - Naturea - SYMBIOOSI<\/title>\n<meta name=\"robots\" content=\"noindex, follow, max-snippet:-1, max-image-preview:large, max-video-preview:-1\" \/>\n<meta property=\"og:locale\" content=\"fr_FR\" \/>\n<meta property=\"og:type\" content=\"article\" \/>\n<meta property=\"og:title\" content=\"P\u00e2t\u00e9e au poulet frais et \u00e0 la dinde - Naturea - SYMBIOOSI\" \/>\n<meta property=\"og:description\" content=\"Viande fraiche \u2013 Sans colorant artificiel, sans ajout de parfum, ni conservateur \u2013 Haute app\u00e9tence \u2013 Facilit\u00e9 de digestion Composition :\u00a0Poulet frais (47,7%), dinde frais (4%), carotte (1%), l\u00e9gumes d\u00e9shydrat\u00e9s (-1%) (carotte, pomme de terre, poireau, brocoli), sel (-1%) et eau.\" \/>\n<meta property=\"og:url\" content=\"https:\/\/symbioosi.fr\/index.php\/produit\/naturea-patee-chien-dinde\/\" \/>\n<meta property=\"og:site_name\" content=\"SYMBIOOSI\" \/>\n<meta property=\"article:modified_time\" content=\"2022-05-10T18:23:34+00:00\" \/>\n<meta property=\"og:image\" content=\"https:\/\/symbioosi.fr\/wp-content\/uploads\/2020\/04\/DSC7504.jpg\" \/>\n\t<meta property=\"og:image:width\" content=\"1365\" \/>\n\t<meta property=\"og:image:height\" content=\"2048\" \/>\n<meta name=\"twitter:card\" content=\"summary_large_image\" \/>\n<meta name=\"twitter:label1\" content=\"Dur\u00e9e de lecture estim\u00e9e\" \/>\n\t<meta name=\"twitter:data1\" content=\"1 minute\" \/>\n<script type=\"application\/ld+json\" class=\"yoast-schema-graph\">{\"@context\":\"https:\/\/schema.org\",\"@graph\":[{\"@type\":[\"Person\",\"Organization\"],\"@id\":\"https:\/\/symbioosi.fr\/#\/schema\/person\/dd144bbfb16d0edb6ddd70911df0f8d7\",\"name\":\"Symbioosi\",\"image\":{\"@type\":\"ImageObject\",\"@id\":\"https:\/\/symbioosi.fr\/#personlogo\",\"inLanguage\":\"fr-FR\",\"url\":\"https:\/\/symbioosi.fr\/wp-content\/uploads\/2020\/04\/Sans-titre.png\",\"contentUrl\":\"https:\/\/symbioosi.fr\/wp-content\/uploads\/2020\/04\/Sans-titre.png\",\"width\":500,\"height\":500,\"caption\":\"Symbioosi\"},\"logo\":{\"@id\":\"https:\/\/symbioosi.fr\/#personlogo\"},\"sameAs\":[\"https:\/\/www.instagram.com\/symbioosi_store\/\"]},{\"@type\":\"WebSite\",\"@id\":\"https:\/\/symbioosi.fr\/#website\",\"url\":\"https:\/\/symbioosi.fr\/\",\"name\":\"SYMBIOOSI\",\"description\":\"Produits naturels et de qualit\\u00e9 pour chiens, chats, NAC...\",\"publisher\":{\"@id\":\"https:\/\/symbioosi.fr\/#\/schema\/person\/dd144bbfb16d0edb6ddd70911df0f8d7\"},\"potentialAction\":[{\"@type\":\"SearchAction\",\"target\":{\"@type\":\"EntryPoint\",\"urlTemplate\":\"https:\/\/symbioosi.fr\/?s={search_term_string}\"},\"query-input\":\"required name=search_term_string\"}],\"inLanguage\":\"fr-FR\"},{\"@type\":\"ImageObject\",\"@id\":\"https:\/\/symbioosi.fr\/index.php\/produit\/naturea-patee-chien-dinde\/#primaryimage\",\"inLanguage\":\"fr-FR\",\"url\":\"https:\/\/symbioosi.fr\/wp-content\/uploads\/2020\/04\/DSC7504.jpg\",\"contentUrl\":\"https:\/\/symbioosi.fr\/wp-content\/uploads\/2020\/04\/DSC7504.jpg\",\"width\":1365,\"height\":2048},{\"@type\":\"WebPage\",\"@id\":\"https:\/\/symbioosi.fr\/index.php\/produit\/naturea-patee-chien-dinde\/#webpage\",\"url\":\"https:\/\/symbioosi.fr\/index.php\/produit\/naturea-patee-chien-dinde\/\",\"name\":\"P\\u00e2t\\u00e9e au poulet frais et \\u00e0 la dinde - Naturea - SYMBIOOSI\",\"isPartOf\":{\"@id\":\"https:\/\/symbioosi.fr\/#website\"},\"primaryImageOfPage\":{\"@id\":\"https:\/\/symbioosi.fr\/index.php\/produit\/naturea-patee-chien-dinde\/#primaryimage\"},\"datePublished\":\"2020-04-15T18:09:37+00:00\",\"dateModified\":\"2022-05-10T18:23:34+00:00\",\"breadcrumb\":{\"@id\":\"https:\/\/symbioosi.fr\/index.php\/produit\/naturea-patee-chien-dinde\/#breadcrumb\"},\"inLanguage\":\"fr-FR\",\"potentialAction\":[{\"@type\":\"ReadAction\",\"target\":[\"https:\/\/symbioosi.fr\/index.php\/produit\/naturea-patee-chien-dinde\/\"]}]},{\"@type\":\"BreadcrumbList\",\"@id\":\"https:\/\/symbioosi.fr\/index.php\/produit\/naturea-patee-chien-dinde\/#breadcrumb\",\"itemListElement\":[{\"@type\":\"ListItem\",\"position\":1,\"name\":\"Accueil\",\"item\":\"https:\/\/symbioosi.fr\/\"},{\"@type\":\"ListItem\",\"position\":2,\"name\":\"Boutique\",\"item\":\"https:\/\/symbioosi.fr\/index.php\/boutique\/\"},{\"@type\":\"ListItem\",\"position\":3,\"name\":\"P\\u00e2t\\u00e9e au poulet frais et \\u00e0 la dinde &#8211; Naturea\"}]}]}<\/script>\n<!-- \/ Yoast SEO plugin. -->","yoast_head_json":{"title":"P\u00e2t\u00e9e au poulet frais et \u00e0 la dinde - Naturea - SYMBIOOSI","robots":{"index":"noindex","follow":"follow","max-snippet":"max-snippet:-1","max-image-preview":"max-image-preview:large","max-video-preview":"max-video-preview:-1"},"og_locale":"fr_FR","og_type":"article","og_title":"P\u00e2t\u00e9e au poulet frais et \u00e0 la dinde - Naturea - SYMBIOOSI","og_description":"Viande fraiche \u2013 Sans colorant artificiel, sans ajout de parfum, ni conservateur \u2013 Haute app\u00e9tence \u2013 Facilit\u00e9 de digestion Composition :\u00a0Poulet frais (47,7%), dinde frais (4%), carotte (1%), l\u00e9gumes d\u00e9shydrat\u00e9s (-1%) (carotte, pomme de terre, poireau, brocoli), sel (-1%) et eau.","og_url":"https:\/\/symbioosi.fr\/index.php\/produit\/naturea-patee-chien-dinde\/","og_site_name":"SYMBIOOSI","article_modified_time":"2022-05-10T18:23:34+00:00","og_image":[{"width":1365,"height":2048,"url":"https:\/\/symbioosi.fr\/wp-content\/uploads\/2020\/04\/DSC7504.jpg","type":"image\/jpeg"}],"twitter_card":"summary_large_image","twitter_misc":{"Dur\u00e9e de lecture estim\u00e9e":"1 minute"},"schema":{"@context":"https:\/\/schema.org","@graph":[{"@type":["Person","Organization"],"@id":"https:\/\/symbioosi.fr\/#\/schema\/person\/dd144bbfb16d0edb6ddd70911df0f8d7","name":"Symbioosi","image":{"@type":"ImageObject","@id":"https:\/\/symbioosi.fr\/#personlogo","inLanguage":"fr-FR","url":"https:\/\/symbioosi.fr\/wp-content\/uploads\/2020\/04\/Sans-titre.png","contentUrl":"https:\/\/symbioosi.fr\/wp-content\/uploads\/2020\/04\/Sans-titre.png","width":500,"height":500,"caption":"Symbioosi"},"logo":{"@id":"https:\/\/symbioosi.fr\/#personlogo"},"sameAs":["https:\/\/www.instagram.com\/symbioosi_store\/"]},{"@type":"WebSite","@id":"https:\/\/symbioosi.fr\/#website","url":"https:\/\/symbioosi.fr\/","name":"SYMBIOOSI","description":"Produits naturels et de qualit\u00e9 pour chiens, chats, NAC...","publisher":{"@id":"https:\/\/symbioosi.fr\/#\/schema\/person\/dd144bbfb16d0edb6ddd70911df0f8d7"},"potentialAction":[{"@type":"SearchAction","target":{"@type":"EntryPoint","urlTemplate":"https:\/\/symbioosi.fr\/?s={search_term_string}"},"query-input":"required name=search_term_string"}],"inLanguage":"fr-FR"},{"@type":"ImageObject","@id":"https:\/\/symbioosi.fr\/index.php\/produit\/naturea-patee-chien-dinde\/#primaryimage","inLanguage":"fr-FR","url":"https:\/\/symbioosi.fr\/wp-content\/uploads\/2020\/04\/DSC7504.jpg","contentUrl":"https:\/\/symbioosi.fr\/wp-content\/uploads\/2020\/04\/DSC7504.jpg","width":1365,"height":2048},{"@type":"WebPage","@id":"https:\/\/symbioosi.fr\/index.php\/produit\/naturea-patee-chien-dinde\/#webpage","url":"https:\/\/symbioosi.fr\/index.php\/produit\/naturea-patee-chien-dinde\/","name":"P\u00e2t\u00e9e au poulet frais et \u00e0 la dinde - Naturea - SYMBIOOSI","isPartOf":{"@id":"https:\/\/symbioosi.fr\/#website"},"primaryImageOfPage":{"@id":"https:\/\/symbioosi.fr\/index.php\/produit\/naturea-patee-chien-dinde\/#primaryimage"},"datePublished":"2020-04-15T18:09:37+00:00","dateModified":"2022-05-10T18:23:34+00:00","breadcrumb":{"@id":"https:\/\/symbioosi.fr\/index.php\/produit\/naturea-patee-chien-dinde\/#breadcrumb"},"inLanguage":"fr-FR","potentialAction":[{"@type":"ReadAction","target":["https:\/\/symbioosi.fr\/index.php\/produit\/naturea-patee-chien-dinde\/"]}]},{"@type":"BreadcrumbList","@id":"https:\/\/symbioosi.fr\/index.php\/produit\/naturea-patee-chien-dinde\/#breadcrumb","itemListElement":[{"@type":"ListItem","position":1,"name":"Accueil","item":"https:\/\/symbioosi.fr\/"},{"@type":"ListItem","position":2,"name":"Boutique","item":"https:\/\/symbioosi.fr\/index.php\/boutique\/"},{"@type":"ListItem","position":3,"name":"P\u00e2t\u00e9e au poulet frais et \u00e0 la dinde &#8211; Naturea"}]}]}},"_links":{"self":[{"href":"https:\/\/symbioosi.fr\/index.php\/wp-json\/wp\/v2\/product\/58"}],"collection":[{"href":"https:\/\/symbioosi.fr\/index.php\/wp-json\/wp\/v2\/product"}],"about":[{"href":"https:\/\/symbioosi.fr\/index.php\/wp-json\/wp\/v2\/types\/product"}],"replies":[{"embeddable":true,"href":"https:\/\/symbioosi.fr\/index.php\/wp-json\/wp\/v2\/comments?post=58"}],"wp:featuredmedia":[{"embeddable":true,"href":"https:\/\/symbioosi.fr\/index.php\/wp-json\/wp\/v2\/media\/5562"}],"wp:attachment":[{"href":"https:\/\/symbioosi.fr\/index.php\/wp-json\/wp\/v2\/media?parent=58"}],"wp:term":[{"taxonomy":"product_cat","embeddable":true,"href":"https:\/\/symbioosi.fr\/index.php\/wp-json\/wp\/v2\/product_cat?post=58"},{"taxonomy":"product_tag","embeddable":true,"href":"https:\/\/symbioosi.fr\/index.php\/wp-json\/wp\/v2\/product_tag?post=58"}],"curies":[{"name":"wp","href":"https:\/\/api.w.org\/{rel}","templated":true}]}}