{"id":5331,"date":"2021-09-06T13:50:47","date_gmt":"2021-09-06T11:50:47","guid":{"rendered":"https:\/\/symbioosi.fr\/?post_type=product&#038;p=5331"},"modified":"2022-05-10T20:24:42","modified_gmt":"2022-05-10T18:24:42","slug":"anchois-enroule-de-poulet","status":"publish","type":"product","link":"https:\/\/symbioosi.fr\/index.php\/produit\/anchois-enroule-de-poulet\/","title":{"rendered":"Anchois enroul\u00e9 de poulet"},"content":{"rendered":"<p><span style=\"font-weight: 400;\">Ces friandises sont croustillantes et savoureuses, offrant aux grands et petits chiens une dur\u00e9e de mastication courte mais plaisante ! Les chats peuvent aussi s&#8217;en r\u00e9galer.\u00a0<\/span><\/p>\n<p><span style=\"font-weight: 400;\">Tr\u00e8s app\u00e9tentes, ces friandises seront grandement appr\u00e9ci\u00e9es par vos poilus.\u00a0<\/span><\/p>\n<hr \/>\n<p><strong>Odeur :<\/strong> <strong><span style=\"color: #ffcc00;\">\u2666\u2666\u2666\u2666<\/span><span style=\"color: #808080;\">\u2666<\/span><\/strong><\/p>\n<p><strong>Consistance :\u00a0<\/strong><strong><span style=\"color: #ffcc00;\">\u2666<\/span><span style=\"color: #808080;\">\u2666\u2666\u2666\u2666<\/span><\/strong><\/p>\n<p><strong>Taille :<\/strong> <strong><span style=\"color: #ffcc00;\">\u2666<\/span><span style=\"color: #808080;\">\u2666\u2666\u2666\u2666<\/span><\/strong><\/p>\n<p><strong>Pour qui :\u00a0<\/strong>Tous les chiens\/chats \u00e0 partir de 3 mois<\/p>\n<p><strong>Composition : <\/strong>100% anchois s\u00e9ch\u00e9s et viande de poulet<\/p>\n<p><em>Comme ce sont des produits naturels, leur taille et leur texture peuvent varier.<\/em><\/p>\n<hr \/>\n<h5><em>Cassez en petits morceaux pour les petits chiens. Surveillez votre chien lorsque vous lui donnez un produit \u00e0 m\u00e2cher ou une friandise. Enlevez les morceaux cass\u00e9s ou de petites tailles afin de pr\u00e9venir un risque d\u2019\u00e9touffement. Veillez \u00e0 ce qu\u2019il est \u00e0 disposition de l\u2019eau fra\u00eeche \u00e0 tout moment. Conserver dans une boite herm\u00e9tique maximum 6 mois, dans un endroit frais, propre et sec. Ce produit est une friandise et n\u2019est pas destin\u00e9 \u00e0 \u00eatre donn\u00e9 comme repas. Non destin\u00e9 \u00e0 une consommation humaine.<\/em><\/h5>\n","protected":false},"excerpt":{"rendered":"<h4 style=\"text-align: center;\"><span style=\"color: #a36a00;\"><strong>100% naturels \u2013 Riches en prot\u00e9ines, vitamines (B2, B3, B5, B9, B12),\u00a0en om\u00e9ga-3, et pauvres en mati\u00e8res grasses<\/strong><\/span><\/h4>\n<p>&nbsp;<\/p>\n<p><strong>Vendus par 10.<\/strong><\/p>\n","protected":false},"featured_media":5332,"comment_status":"open","ping_status":"closed","template":"","meta":[],"product_cat":[238,239],"product_tag":[],"yoast_head":"<!-- This site is optimized with the Yoast SEO plugin v17.3 - https:\/\/yoast.com\/wordpress\/plugins\/seo\/ -->\n<title>Anchois enroul\u00e9 de poulet - SYMBIOOSI<\/title>\n<meta name=\"robots\" content=\"noindex, follow, max-snippet:-1, max-image-preview:large, max-video-preview:-1\" \/>\n<meta property=\"og:locale\" content=\"fr_FR\" \/>\n<meta property=\"og:type\" content=\"article\" \/>\n<meta property=\"og:title\" content=\"Anchois enroul\u00e9 de poulet - SYMBIOOSI\" \/>\n<meta property=\"og:description\" content=\"100% naturels \u2013 Riches en prot\u00e9ines, vitamines (B2, B3, B5, B9, B12),\u00a0en om\u00e9ga-3, et pauvres en mati\u00e8res grasses &nbsp;  Vendus par 10.\" \/>\n<meta property=\"og:url\" content=\"https:\/\/symbioosi.fr\/index.php\/produit\/anchois-enroule-de-poulet\/\" \/>\n<meta property=\"og:site_name\" content=\"SYMBIOOSI\" \/>\n<meta property=\"article:modified_time\" content=\"2022-05-10T18:24:42+00:00\" \/>\n<meta property=\"og:image\" content=\"https:\/\/symbioosi.fr\/wp-content\/uploads\/2021\/09\/IMG_6132-scaled.jpg\" \/>\n\t<meta property=\"og:image:width\" content=\"1920\" \/>\n\t<meta property=\"og:image:height\" content=\"2560\" \/>\n<meta name=\"twitter:card\" content=\"summary_large_image\" \/>\n<meta name=\"twitter:label1\" content=\"Dur\u00e9e de lecture estim\u00e9e\" \/>\n\t<meta name=\"twitter:data1\" content=\"1 minute\" \/>\n<script type=\"application\/ld+json\" class=\"yoast-schema-graph\">{\"@context\":\"https:\/\/schema.org\",\"@graph\":[{\"@type\":[\"Person\",\"Organization\"],\"@id\":\"https:\/\/symbioosi.fr\/#\/schema\/person\/dd144bbfb16d0edb6ddd70911df0f8d7\",\"name\":\"Symbioosi\",\"image\":{\"@type\":\"ImageObject\",\"@id\":\"https:\/\/symbioosi.fr\/#personlogo\",\"inLanguage\":\"fr-FR\",\"url\":\"https:\/\/symbioosi.fr\/wp-content\/uploads\/2020\/04\/Sans-titre.png\",\"contentUrl\":\"https:\/\/symbioosi.fr\/wp-content\/uploads\/2020\/04\/Sans-titre.png\",\"width\":500,\"height\":500,\"caption\":\"Symbioosi\"},\"logo\":{\"@id\":\"https:\/\/symbioosi.fr\/#personlogo\"},\"sameAs\":[\"https:\/\/www.instagram.com\/symbioosi_store\/\"]},{\"@type\":\"WebSite\",\"@id\":\"https:\/\/symbioosi.fr\/#website\",\"url\":\"https:\/\/symbioosi.fr\/\",\"name\":\"SYMBIOOSI\",\"description\":\"Produits naturels et de qualit\\u00e9 pour chiens, chats, NAC...\",\"publisher\":{\"@id\":\"https:\/\/symbioosi.fr\/#\/schema\/person\/dd144bbfb16d0edb6ddd70911df0f8d7\"},\"potentialAction\":[{\"@type\":\"SearchAction\",\"target\":{\"@type\":\"EntryPoint\",\"urlTemplate\":\"https:\/\/symbioosi.fr\/?s={search_term_string}\"},\"query-input\":\"required name=search_term_string\"}],\"inLanguage\":\"fr-FR\"},{\"@type\":\"ImageObject\",\"@id\":\"https:\/\/symbioosi.fr\/index.php\/produit\/anchois-enroule-de-poulet\/#primaryimage\",\"inLanguage\":\"fr-FR\",\"url\":\"https:\/\/symbioosi.fr\/wp-content\/uploads\/2021\/09\/IMG_6132-scaled.jpg\",\"contentUrl\":\"https:\/\/symbioosi.fr\/wp-content\/uploads\/2021\/09\/IMG_6132-scaled.jpg\",\"width\":1920,\"height\":2560},{\"@type\":\"WebPage\",\"@id\":\"https:\/\/symbioosi.fr\/index.php\/produit\/anchois-enroule-de-poulet\/#webpage\",\"url\":\"https:\/\/symbioosi.fr\/index.php\/produit\/anchois-enroule-de-poulet\/\",\"name\":\"Anchois enroul\\u00e9 de poulet - SYMBIOOSI\",\"isPartOf\":{\"@id\":\"https:\/\/symbioosi.fr\/#website\"},\"primaryImageOfPage\":{\"@id\":\"https:\/\/symbioosi.fr\/index.php\/produit\/anchois-enroule-de-poulet\/#primaryimage\"},\"datePublished\":\"2021-09-06T11:50:47+00:00\",\"dateModified\":\"2022-05-10T18:24:42+00:00\",\"breadcrumb\":{\"@id\":\"https:\/\/symbioosi.fr\/index.php\/produit\/anchois-enroule-de-poulet\/#breadcrumb\"},\"inLanguage\":\"fr-FR\",\"potentialAction\":[{\"@type\":\"ReadAction\",\"target\":[\"https:\/\/symbioosi.fr\/index.php\/produit\/anchois-enroule-de-poulet\/\"]}]},{\"@type\":\"BreadcrumbList\",\"@id\":\"https:\/\/symbioosi.fr\/index.php\/produit\/anchois-enroule-de-poulet\/#breadcrumb\",\"itemListElement\":[{\"@type\":\"ListItem\",\"position\":1,\"name\":\"Accueil\",\"item\":\"https:\/\/symbioosi.fr\/\"},{\"@type\":\"ListItem\",\"position\":2,\"name\":\"Boutique\",\"item\":\"https:\/\/symbioosi.fr\/index.php\/boutique\/\"},{\"@type\":\"ListItem\",\"position\":3,\"name\":\"Anchois enroul\\u00e9 de poulet\"}]}]}<\/script>\n<!-- \/ Yoast SEO plugin. -->","yoast_head_json":{"title":"Anchois enroul\u00e9 de poulet - SYMBIOOSI","robots":{"index":"noindex","follow":"follow","max-snippet":"max-snippet:-1","max-image-preview":"max-image-preview:large","max-video-preview":"max-video-preview:-1"},"og_locale":"fr_FR","og_type":"article","og_title":"Anchois enroul\u00e9 de poulet - SYMBIOOSI","og_description":"100% naturels \u2013 Riches en prot\u00e9ines, vitamines (B2, B3, B5, B9, B12),\u00a0en om\u00e9ga-3, et pauvres en mati\u00e8res grasses &nbsp;  Vendus par 10.","og_url":"https:\/\/symbioosi.fr\/index.php\/produit\/anchois-enroule-de-poulet\/","og_site_name":"SYMBIOOSI","article_modified_time":"2022-05-10T18:24:42+00:00","og_image":[{"width":1920,"height":2560,"url":"https:\/\/symbioosi.fr\/wp-content\/uploads\/2021\/09\/IMG_6132-scaled.jpg","type":"image\/jpeg"}],"twitter_card":"summary_large_image","twitter_misc":{"Dur\u00e9e de lecture estim\u00e9e":"1 minute"},"schema":{"@context":"https:\/\/schema.org","@graph":[{"@type":["Person","Organization"],"@id":"https:\/\/symbioosi.fr\/#\/schema\/person\/dd144bbfb16d0edb6ddd70911df0f8d7","name":"Symbioosi","image":{"@type":"ImageObject","@id":"https:\/\/symbioosi.fr\/#personlogo","inLanguage":"fr-FR","url":"https:\/\/symbioosi.fr\/wp-content\/uploads\/2020\/04\/Sans-titre.png","contentUrl":"https:\/\/symbioosi.fr\/wp-content\/uploads\/2020\/04\/Sans-titre.png","width":500,"height":500,"caption":"Symbioosi"},"logo":{"@id":"https:\/\/symbioosi.fr\/#personlogo"},"sameAs":["https:\/\/www.instagram.com\/symbioosi_store\/"]},{"@type":"WebSite","@id":"https:\/\/symbioosi.fr\/#website","url":"https:\/\/symbioosi.fr\/","name":"SYMBIOOSI","description":"Produits naturels et de qualit\u00e9 pour chiens, chats, NAC...","publisher":{"@id":"https:\/\/symbioosi.fr\/#\/schema\/person\/dd144bbfb16d0edb6ddd70911df0f8d7"},"potentialAction":[{"@type":"SearchAction","target":{"@type":"EntryPoint","urlTemplate":"https:\/\/symbioosi.fr\/?s={search_term_string}"},"query-input":"required name=search_term_string"}],"inLanguage":"fr-FR"},{"@type":"ImageObject","@id":"https:\/\/symbioosi.fr\/index.php\/produit\/anchois-enroule-de-poulet\/#primaryimage","inLanguage":"fr-FR","url":"https:\/\/symbioosi.fr\/wp-content\/uploads\/2021\/09\/IMG_6132-scaled.jpg","contentUrl":"https:\/\/symbioosi.fr\/wp-content\/uploads\/2021\/09\/IMG_6132-scaled.jpg","width":1920,"height":2560},{"@type":"WebPage","@id":"https:\/\/symbioosi.fr\/index.php\/produit\/anchois-enroule-de-poulet\/#webpage","url":"https:\/\/symbioosi.fr\/index.php\/produit\/anchois-enroule-de-poulet\/","name":"Anchois enroul\u00e9 de poulet - SYMBIOOSI","isPartOf":{"@id":"https:\/\/symbioosi.fr\/#website"},"primaryImageOfPage":{"@id":"https:\/\/symbioosi.fr\/index.php\/produit\/anchois-enroule-de-poulet\/#primaryimage"},"datePublished":"2021-09-06T11:50:47+00:00","dateModified":"2022-05-10T18:24:42+00:00","breadcrumb":{"@id":"https:\/\/symbioosi.fr\/index.php\/produit\/anchois-enroule-de-poulet\/#breadcrumb"},"inLanguage":"fr-FR","potentialAction":[{"@type":"ReadAction","target":["https:\/\/symbioosi.fr\/index.php\/produit\/anchois-enroule-de-poulet\/"]}]},{"@type":"BreadcrumbList","@id":"https:\/\/symbioosi.fr\/index.php\/produit\/anchois-enroule-de-poulet\/#breadcrumb","itemListElement":[{"@type":"ListItem","position":1,"name":"Accueil","item":"https:\/\/symbioosi.fr\/"},{"@type":"ListItem","position":2,"name":"Boutique","item":"https:\/\/symbioosi.fr\/index.php\/boutique\/"},{"@type":"ListItem","position":3,"name":"Anchois enroul\u00e9 de poulet"}]}]}},"_links":{"self":[{"href":"https:\/\/symbioosi.fr\/index.php\/wp-json\/wp\/v2\/product\/5331"}],"collection":[{"href":"https:\/\/symbioosi.fr\/index.php\/wp-json\/wp\/v2\/product"}],"about":[{"href":"https:\/\/symbioosi.fr\/index.php\/wp-json\/wp\/v2\/types\/product"}],"replies":[{"embeddable":true,"href":"https:\/\/symbioosi.fr\/index.php\/wp-json\/wp\/v2\/comments?post=5331"}],"wp:featuredmedia":[{"embeddable":true,"href":"https:\/\/symbioosi.fr\/index.php\/wp-json\/wp\/v2\/media\/5332"}],"wp:attachment":[{"href":"https:\/\/symbioosi.fr\/index.php\/wp-json\/wp\/v2\/media?parent=5331"}],"wp:term":[{"taxonomy":"product_cat","embeddable":true,"href":"https:\/\/symbioosi.fr\/index.php\/wp-json\/wp\/v2\/product_cat?post=5331"},{"taxonomy":"product_tag","embeddable":true,"href":"https:\/\/symbioosi.fr\/index.php\/wp-json\/wp\/v2\/product_tag?post=5331"}],"curies":[{"name":"wp","href":"https:\/\/api.w.org\/{rel}","templated":true}]}}