{"id":5145,"date":"2021-08-20T18:31:19","date_gmt":"2021-08-20T16:31:19","guid":{"rendered":"https:\/\/symbioosi.fr\/?post_type=product&#038;p=5145"},"modified":"2022-05-10T20:44:49","modified_gmt":"2022-05-10T18:44:49","slug":"moule-demi-sphere-spatule-collory","status":"publish","type":"product","link":"https:\/\/symbioosi.fr\/index.php\/produit\/moule-demi-sphere-spatule-collory\/","title":{"rendered":"Moule demi-sph\u00e8res + spatule (2 tailles\/plusieurs couleurs) &#8211; Collory"},"content":{"rendered":"<p>Tous les tapis de cuisson s&#8217;adaptent sur une plaque de cuisson standard.<\/p>\n<p><strong>\u00c9COLOGIQUE<\/strong> : Le tapis de cuisson est r\u00e9utilisable et durable. Il peut \u00eatre utilis\u00e9 presque intemporellement.<\/p>\n<ul>\n<li>100% silicone platine de qualit\u00e9 alimentaire<\/li>\n<li>R\u00e9sistance \u00e0 la temp\u00e9rature : -40 \u00b0 C ~ + 240 \u00b0 C<\/li>\n<li>Inodore et insipide<\/li>\n<li>\u00ab Tremp\u00e9 \u00bb : Exempt de polluants<\/li>\n<li>Rev\u00eatement antiadh\u00e9sif maximum<\/li>\n<li>Lave-vaisselle<\/li>\n<li>R\u00e9utilisable<\/li>\n<li>Sans BPA<\/li>\n<\/ul>\n","protected":false},"excerpt":{"rendered":"<h4 style=\"text-align: center;\"><span style=\"color: #a36a00;\"><strong>Moules \u00e0 friandises \u00ab Collory \u00bb en silicone de tailles diff\u00e9rentes : 100 % sans danger pour les aliments, sans BPA et sans odeur (conforme LFGB).<\/strong><\/span><\/h4>\n<p>Faites, vous-m\u00eame, \u00e0 la maison les friandises parfaites pour que votre chien puisse \u00eatre r\u00e9compens\u00e9 de la meilleure mani\u00e8re possible. Vous pouvez ainsi choisir la bonne taille de friandises en fonction de la taille de votre chien et de votre objectif du jour.<\/p>\n<p><strong>2 Tailles :<\/strong><\/p>\n<ul>\n<li><em>Petite<\/em> : Demi-sph\u00e8re 1cm (460 friandises par moule) ; Taille de la plaque totale : 40 cm x 28 cm<\/li>\n<li><em>Moyenne<\/em> : Demi-sph\u00e8re 1,5cm (215 friandises par moule) ; Taille de la plaque totale : 40 cm x 28 cm<\/li>\n<\/ul>\n<p><strong>2 couleurs par taille :\u00a0<\/strong><\/p>\n<ul>\n<li><em>Petites demi-sph\u00e8res<\/em> : Moule orange\/spatule verte claire \u00a0 \u00a0OU \u00a0 \u00a0Moule noir\/spatule orange.<\/li>\n<li><em>Moyennes demi-sph\u00e8res<\/em> : Moule bordeaux\/spatule verte claire \u00a0 \u00a0OU \u00a0 \u00a0Moule bleu clair\/spatule violette pastel<\/li>\n<\/ul>\n","protected":false},"featured_media":5499,"comment_status":"open","ping_status":"closed","template":"","meta":[],"product_cat":[322,323,330,240],"product_tag":[],"yoast_head":"<!-- This site is optimized with the Yoast SEO plugin v17.3 - https:\/\/yoast.com\/wordpress\/plugins\/seo\/ -->\n<title>Moule demi-sph\u00e8res + spatule (2 tailles\/plusieurs couleurs) - Collory - SYMBIOOSI<\/title>\n<meta name=\"robots\" content=\"noindex, follow, max-snippet:-1, max-image-preview:large, max-video-preview:-1\" \/>\n<meta property=\"og:locale\" content=\"fr_FR\" \/>\n<meta property=\"og:type\" content=\"article\" \/>\n<meta property=\"og:title\" content=\"Moule demi-sph\u00e8res + spatule (2 tailles\/plusieurs couleurs) - Collory - SYMBIOOSI\" \/>\n<meta property=\"og:description\" content=\"Moules \u00e0 friandises \u00ab Collory \u00bb en silicone de tailles diff\u00e9rentes : 100 % sans danger pour les aliments, sans BPA et sans odeur (conforme LFGB). Faites, vous-m\u00eame, \u00e0 la maison les friandises parfaites pour que votre chien puisse \u00eatre r\u00e9compens\u00e9 de la meilleure mani\u00e8re possible. Vous pouvez ainsi choisir la bonne taille de friandises en fonction de la taille de votre chien et de votre objectif du jour.  2 Tailles :   Petite : Demi-sph\u00e8re 1cm (460 friandises par moule) ; Taille de la plaque totale : 40 cm x 28 cm  Moyenne : Demi-sph\u00e8re 1,5cm (215 friandises par moule) ; Taille de la plaque totale : 40 cm x 28 cm  2 couleurs par taille :\u00a0   Petites demi-sph\u00e8res : Moule orange\/spatule verte claire \u00a0 \u00a0OU \u00a0 \u00a0Moule noir\/spatule orange.  Moyennes demi-sph\u00e8res : Moule bordeaux\/spatule verte claire \u00a0 \u00a0OU \u00a0 \u00a0Moule bleu clair\/spatule violette pastel\" \/>\n<meta property=\"og:url\" content=\"https:\/\/symbioosi.fr\/index.php\/produit\/moule-demi-sphere-spatule-collory\/\" \/>\n<meta property=\"og:site_name\" content=\"SYMBIOOSI\" \/>\n<meta property=\"article:modified_time\" content=\"2022-05-10T18:44:49+00:00\" \/>\n<meta property=\"og:image\" content=\"https:\/\/symbioosi.fr\/wp-content\/uploads\/2021\/08\/DSC7760.jpg\" \/>\n\t<meta property=\"og:image:width\" content=\"1365\" \/>\n\t<meta property=\"og:image:height\" content=\"2048\" \/>\n<meta name=\"twitter:card\" content=\"summary_large_image\" \/>\n<meta name=\"twitter:label1\" content=\"Dur\u00e9e de lecture estim\u00e9e\" \/>\n\t<meta name=\"twitter:data1\" content=\"1 minute\" \/>\n<script type=\"application\/ld+json\" class=\"yoast-schema-graph\">{\"@context\":\"https:\/\/schema.org\",\"@graph\":[{\"@type\":[\"Person\",\"Organization\"],\"@id\":\"https:\/\/symbioosi.fr\/#\/schema\/person\/dd144bbfb16d0edb6ddd70911df0f8d7\",\"name\":\"Symbioosi\",\"image\":{\"@type\":\"ImageObject\",\"@id\":\"https:\/\/symbioosi.fr\/#personlogo\",\"inLanguage\":\"fr-FR\",\"url\":\"https:\/\/symbioosi.fr\/wp-content\/uploads\/2020\/04\/Sans-titre.png\",\"contentUrl\":\"https:\/\/symbioosi.fr\/wp-content\/uploads\/2020\/04\/Sans-titre.png\",\"width\":500,\"height\":500,\"caption\":\"Symbioosi\"},\"logo\":{\"@id\":\"https:\/\/symbioosi.fr\/#personlogo\"},\"sameAs\":[\"https:\/\/www.instagram.com\/symbioosi_store\/\"]},{\"@type\":\"WebSite\",\"@id\":\"https:\/\/symbioosi.fr\/#website\",\"url\":\"https:\/\/symbioosi.fr\/\",\"name\":\"SYMBIOOSI\",\"description\":\"Produits naturels et de qualit\\u00e9 pour chiens, chats, NAC...\",\"publisher\":{\"@id\":\"https:\/\/symbioosi.fr\/#\/schema\/person\/dd144bbfb16d0edb6ddd70911df0f8d7\"},\"potentialAction\":[{\"@type\":\"SearchAction\",\"target\":{\"@type\":\"EntryPoint\",\"urlTemplate\":\"https:\/\/symbioosi.fr\/?s={search_term_string}\"},\"query-input\":\"required name=search_term_string\"}],\"inLanguage\":\"fr-FR\"},{\"@type\":\"ImageObject\",\"@id\":\"https:\/\/symbioosi.fr\/index.php\/produit\/moule-demi-sphere-spatule-collory\/#primaryimage\",\"inLanguage\":\"fr-FR\",\"url\":\"https:\/\/symbioosi.fr\/wp-content\/uploads\/2021\/08\/DSC7760.jpg\",\"contentUrl\":\"https:\/\/symbioosi.fr\/wp-content\/uploads\/2021\/08\/DSC7760.jpg\",\"width\":1365,\"height\":2048},{\"@type\":\"WebPage\",\"@id\":\"https:\/\/symbioosi.fr\/index.php\/produit\/moule-demi-sphere-spatule-collory\/#webpage\",\"url\":\"https:\/\/symbioosi.fr\/index.php\/produit\/moule-demi-sphere-spatule-collory\/\",\"name\":\"Moule demi-sph\\u00e8res + spatule (2 tailles\/plusieurs couleurs) - Collory - SYMBIOOSI\",\"isPartOf\":{\"@id\":\"https:\/\/symbioosi.fr\/#website\"},\"primaryImageOfPage\":{\"@id\":\"https:\/\/symbioosi.fr\/index.php\/produit\/moule-demi-sphere-spatule-collory\/#primaryimage\"},\"datePublished\":\"2021-08-20T16:31:19+00:00\",\"dateModified\":\"2022-05-10T18:44:49+00:00\",\"breadcrumb\":{\"@id\":\"https:\/\/symbioosi.fr\/index.php\/produit\/moule-demi-sphere-spatule-collory\/#breadcrumb\"},\"inLanguage\":\"fr-FR\",\"potentialAction\":[{\"@type\":\"ReadAction\",\"target\":[\"https:\/\/symbioosi.fr\/index.php\/produit\/moule-demi-sphere-spatule-collory\/\"]}]},{\"@type\":\"BreadcrumbList\",\"@id\":\"https:\/\/symbioosi.fr\/index.php\/produit\/moule-demi-sphere-spatule-collory\/#breadcrumb\",\"itemListElement\":[{\"@type\":\"ListItem\",\"position\":1,\"name\":\"Accueil\",\"item\":\"https:\/\/symbioosi.fr\/\"},{\"@type\":\"ListItem\",\"position\":2,\"name\":\"Boutique\",\"item\":\"https:\/\/symbioosi.fr\/index.php\/boutique\/\"},{\"@type\":\"ListItem\",\"position\":3,\"name\":\"Moule demi-sph\\u00e8res + spatule (2 tailles\/plusieurs couleurs) &#8211; Collory\"}]}]}<\/script>\n<!-- \/ Yoast SEO plugin. -->","yoast_head_json":{"title":"Moule demi-sph\u00e8res + spatule (2 tailles\/plusieurs couleurs) - Collory - SYMBIOOSI","robots":{"index":"noindex","follow":"follow","max-snippet":"max-snippet:-1","max-image-preview":"max-image-preview:large","max-video-preview":"max-video-preview:-1"},"og_locale":"fr_FR","og_type":"article","og_title":"Moule demi-sph\u00e8res + spatule (2 tailles\/plusieurs couleurs) - Collory - SYMBIOOSI","og_description":"Moules \u00e0 friandises \u00ab Collory \u00bb en silicone de tailles diff\u00e9rentes : 100 % sans danger pour les aliments, sans BPA et sans odeur (conforme LFGB). Faites, vous-m\u00eame, \u00e0 la maison les friandises parfaites pour que votre chien puisse \u00eatre r\u00e9compens\u00e9 de la meilleure mani\u00e8re possible. Vous pouvez ainsi choisir la bonne taille de friandises en fonction de la taille de votre chien et de votre objectif du jour.  2 Tailles :   Petite : Demi-sph\u00e8re 1cm (460 friandises par moule) ; Taille de la plaque totale : 40 cm x 28 cm  Moyenne : Demi-sph\u00e8re 1,5cm (215 friandises par moule) ; Taille de la plaque totale : 40 cm x 28 cm  2 couleurs par taille :\u00a0   Petites demi-sph\u00e8res : Moule orange\/spatule verte claire \u00a0 \u00a0OU \u00a0 \u00a0Moule noir\/spatule orange.  Moyennes demi-sph\u00e8res : Moule bordeaux\/spatule verte claire \u00a0 \u00a0OU \u00a0 \u00a0Moule bleu clair\/spatule violette pastel","og_url":"https:\/\/symbioosi.fr\/index.php\/produit\/moule-demi-sphere-spatule-collory\/","og_site_name":"SYMBIOOSI","article_modified_time":"2022-05-10T18:44:49+00:00","og_image":[{"width":1365,"height":2048,"url":"https:\/\/symbioosi.fr\/wp-content\/uploads\/2021\/08\/DSC7760.jpg","type":"image\/jpeg"}],"twitter_card":"summary_large_image","twitter_misc":{"Dur\u00e9e de lecture estim\u00e9e":"1 minute"},"schema":{"@context":"https:\/\/schema.org","@graph":[{"@type":["Person","Organization"],"@id":"https:\/\/symbioosi.fr\/#\/schema\/person\/dd144bbfb16d0edb6ddd70911df0f8d7","name":"Symbioosi","image":{"@type":"ImageObject","@id":"https:\/\/symbioosi.fr\/#personlogo","inLanguage":"fr-FR","url":"https:\/\/symbioosi.fr\/wp-content\/uploads\/2020\/04\/Sans-titre.png","contentUrl":"https:\/\/symbioosi.fr\/wp-content\/uploads\/2020\/04\/Sans-titre.png","width":500,"height":500,"caption":"Symbioosi"},"logo":{"@id":"https:\/\/symbioosi.fr\/#personlogo"},"sameAs":["https:\/\/www.instagram.com\/symbioosi_store\/"]},{"@type":"WebSite","@id":"https:\/\/symbioosi.fr\/#website","url":"https:\/\/symbioosi.fr\/","name":"SYMBIOOSI","description":"Produits naturels et de qualit\u00e9 pour chiens, chats, NAC...","publisher":{"@id":"https:\/\/symbioosi.fr\/#\/schema\/person\/dd144bbfb16d0edb6ddd70911df0f8d7"},"potentialAction":[{"@type":"SearchAction","target":{"@type":"EntryPoint","urlTemplate":"https:\/\/symbioosi.fr\/?s={search_term_string}"},"query-input":"required name=search_term_string"}],"inLanguage":"fr-FR"},{"@type":"ImageObject","@id":"https:\/\/symbioosi.fr\/index.php\/produit\/moule-demi-sphere-spatule-collory\/#primaryimage","inLanguage":"fr-FR","url":"https:\/\/symbioosi.fr\/wp-content\/uploads\/2021\/08\/DSC7760.jpg","contentUrl":"https:\/\/symbioosi.fr\/wp-content\/uploads\/2021\/08\/DSC7760.jpg","width":1365,"height":2048},{"@type":"WebPage","@id":"https:\/\/symbioosi.fr\/index.php\/produit\/moule-demi-sphere-spatule-collory\/#webpage","url":"https:\/\/symbioosi.fr\/index.php\/produit\/moule-demi-sphere-spatule-collory\/","name":"Moule demi-sph\u00e8res + spatule (2 tailles\/plusieurs couleurs) - Collory - SYMBIOOSI","isPartOf":{"@id":"https:\/\/symbioosi.fr\/#website"},"primaryImageOfPage":{"@id":"https:\/\/symbioosi.fr\/index.php\/produit\/moule-demi-sphere-spatule-collory\/#primaryimage"},"datePublished":"2021-08-20T16:31:19+00:00","dateModified":"2022-05-10T18:44:49+00:00","breadcrumb":{"@id":"https:\/\/symbioosi.fr\/index.php\/produit\/moule-demi-sphere-spatule-collory\/#breadcrumb"},"inLanguage":"fr-FR","potentialAction":[{"@type":"ReadAction","target":["https:\/\/symbioosi.fr\/index.php\/produit\/moule-demi-sphere-spatule-collory\/"]}]},{"@type":"BreadcrumbList","@id":"https:\/\/symbioosi.fr\/index.php\/produit\/moule-demi-sphere-spatule-collory\/#breadcrumb","itemListElement":[{"@type":"ListItem","position":1,"name":"Accueil","item":"https:\/\/symbioosi.fr\/"},{"@type":"ListItem","position":2,"name":"Boutique","item":"https:\/\/symbioosi.fr\/index.php\/boutique\/"},{"@type":"ListItem","position":3,"name":"Moule demi-sph\u00e8res + spatule (2 tailles\/plusieurs couleurs) &#8211; Collory"}]}]}},"_links":{"self":[{"href":"https:\/\/symbioosi.fr\/index.php\/wp-json\/wp\/v2\/product\/5145"}],"collection":[{"href":"https:\/\/symbioosi.fr\/index.php\/wp-json\/wp\/v2\/product"}],"about":[{"href":"https:\/\/symbioosi.fr\/index.php\/wp-json\/wp\/v2\/types\/product"}],"replies":[{"embeddable":true,"href":"https:\/\/symbioosi.fr\/index.php\/wp-json\/wp\/v2\/comments?post=5145"}],"wp:featuredmedia":[{"embeddable":true,"href":"https:\/\/symbioosi.fr\/index.php\/wp-json\/wp\/v2\/media\/5499"}],"wp:attachment":[{"href":"https:\/\/symbioosi.fr\/index.php\/wp-json\/wp\/v2\/media?parent=5145"}],"wp:term":[{"taxonomy":"product_cat","embeddable":true,"href":"https:\/\/symbioosi.fr\/index.php\/wp-json\/wp\/v2\/product_cat?post=5145"},{"taxonomy":"product_tag","embeddable":true,"href":"https:\/\/symbioosi.fr\/index.php\/wp-json\/wp\/v2\/product_tag?post=5145"}],"curies":[{"name":"wp","href":"https:\/\/api.w.org\/{rel}","templated":true}]}}