{"id":4809,"date":"2021-08-01T22:47:59","date_gmt":"2021-08-01T20:47:59","guid":{"rendered":"https:\/\/symbioosi.fr\/?post_type=product&#038;p=4809"},"modified":"2022-05-10T20:32:12","modified_gmt":"2022-05-10T18:32:12","slug":"carmen-la-cactus-zippypaws","status":"publish","type":"product","link":"https:\/\/symbioosi.fr\/index.php\/produit\/carmen-la-cactus-zippypaws\/","title":{"rendered":"Carmen la Cactus &#8211; ZippyPaws"},"content":{"rendered":"<p><strong>Carmen<\/strong> la cactus est une <strong>peluche de chez ZippyPaws<\/strong>.<\/p>\n<p>Les pouics \u00e0 l\u2019int\u00e9rieur de ce jouet le rendent fun pour les chiens.<\/p>\n<p>Carmen vous permettra de renforcer votre complicit\u00e9 avec votre animal en jouant avec lui.<\/p>\n<hr \/>\n<p><em>Jouet \u00e0 donner que sous surveillance. Retirez le jouet et remplacez le si il est endommag\u00e9 ou si des pi\u00e8ces se d\u00e9tachent. Aucun jouet n\u2019est indestructible.<\/em><\/p>\n","protected":false},"excerpt":{"rendered":"<h4 style=\"text-align: center;\"><span style=\"color: #a36a00;\"><strong>Peluche \u2013 Pouics<\/strong><\/span><\/h4>\n","protected":false},"featured_media":5062,"comment_status":"open","ping_status":"closed","template":"","meta":[],"product_cat":[236,286],"product_tag":[],"yoast_head":"<!-- This site is optimized with the Yoast SEO plugin v17.3 - https:\/\/yoast.com\/wordpress\/plugins\/seo\/ -->\n<title>Carmen la Cactus - ZippyPaws - SYMBIOOSI<\/title>\n<meta name=\"robots\" content=\"noindex, follow, max-snippet:-1, max-image-preview:large, max-video-preview:-1\" \/>\n<meta property=\"og:locale\" content=\"fr_FR\" \/>\n<meta property=\"og:type\" content=\"article\" \/>\n<meta property=\"og:title\" content=\"Carmen la Cactus - ZippyPaws - SYMBIOOSI\" \/>\n<meta property=\"og:description\" content=\"Peluche \u2013 Pouics\" \/>\n<meta property=\"og:url\" content=\"https:\/\/symbioosi.fr\/index.php\/produit\/carmen-la-cactus-zippypaws\/\" \/>\n<meta property=\"og:site_name\" content=\"SYMBIOOSI\" \/>\n<meta property=\"article:modified_time\" content=\"2022-05-10T18:32:12+00:00\" \/>\n<meta property=\"og:image\" content=\"https:\/\/symbioosi.fr\/wp-content\/uploads\/2021\/08\/IMG_5124.jpg\" \/>\n\t<meta property=\"og:image:width\" content=\"1125\" \/>\n\t<meta property=\"og:image:height\" content=\"1671\" \/>\n<meta name=\"twitter:card\" content=\"summary_large_image\" \/>\n<meta name=\"twitter:label1\" content=\"Dur\u00e9e de lecture estim\u00e9e\" \/>\n\t<meta name=\"twitter:data1\" content=\"1 minute\" \/>\n<script type=\"application\/ld+json\" class=\"yoast-schema-graph\">{\"@context\":\"https:\/\/schema.org\",\"@graph\":[{\"@type\":[\"Person\",\"Organization\"],\"@id\":\"https:\/\/symbioosi.fr\/#\/schema\/person\/dd144bbfb16d0edb6ddd70911df0f8d7\",\"name\":\"Symbioosi\",\"image\":{\"@type\":\"ImageObject\",\"@id\":\"https:\/\/symbioosi.fr\/#personlogo\",\"inLanguage\":\"fr-FR\",\"url\":\"https:\/\/symbioosi.fr\/wp-content\/uploads\/2020\/04\/Sans-titre.png\",\"contentUrl\":\"https:\/\/symbioosi.fr\/wp-content\/uploads\/2020\/04\/Sans-titre.png\",\"width\":500,\"height\":500,\"caption\":\"Symbioosi\"},\"logo\":{\"@id\":\"https:\/\/symbioosi.fr\/#personlogo\"},\"sameAs\":[\"https:\/\/www.instagram.com\/symbioosi_store\/\"]},{\"@type\":\"WebSite\",\"@id\":\"https:\/\/symbioosi.fr\/#website\",\"url\":\"https:\/\/symbioosi.fr\/\",\"name\":\"SYMBIOOSI\",\"description\":\"Produits naturels et de qualit\\u00e9 pour chiens, chats, NAC...\",\"publisher\":{\"@id\":\"https:\/\/symbioosi.fr\/#\/schema\/person\/dd144bbfb16d0edb6ddd70911df0f8d7\"},\"potentialAction\":[{\"@type\":\"SearchAction\",\"target\":{\"@type\":\"EntryPoint\",\"urlTemplate\":\"https:\/\/symbioosi.fr\/?s={search_term_string}\"},\"query-input\":\"required name=search_term_string\"}],\"inLanguage\":\"fr-FR\"},{\"@type\":\"ImageObject\",\"@id\":\"https:\/\/symbioosi.fr\/index.php\/produit\/carmen-la-cactus-zippypaws\/#primaryimage\",\"inLanguage\":\"fr-FR\",\"url\":\"https:\/\/symbioosi.fr\/wp-content\/uploads\/2021\/08\/IMG_5124.jpg\",\"contentUrl\":\"https:\/\/symbioosi.fr\/wp-content\/uploads\/2021\/08\/IMG_5124.jpg\",\"width\":1125,\"height\":1671},{\"@type\":\"WebPage\",\"@id\":\"https:\/\/symbioosi.fr\/index.php\/produit\/carmen-la-cactus-zippypaws\/#webpage\",\"url\":\"https:\/\/symbioosi.fr\/index.php\/produit\/carmen-la-cactus-zippypaws\/\",\"name\":\"Carmen la Cactus - ZippyPaws - SYMBIOOSI\",\"isPartOf\":{\"@id\":\"https:\/\/symbioosi.fr\/#website\"},\"primaryImageOfPage\":{\"@id\":\"https:\/\/symbioosi.fr\/index.php\/produit\/carmen-la-cactus-zippypaws\/#primaryimage\"},\"datePublished\":\"2021-08-01T20:47:59+00:00\",\"dateModified\":\"2022-05-10T18:32:12+00:00\",\"breadcrumb\":{\"@id\":\"https:\/\/symbioosi.fr\/index.php\/produit\/carmen-la-cactus-zippypaws\/#breadcrumb\"},\"inLanguage\":\"fr-FR\",\"potentialAction\":[{\"@type\":\"ReadAction\",\"target\":[\"https:\/\/symbioosi.fr\/index.php\/produit\/carmen-la-cactus-zippypaws\/\"]}]},{\"@type\":\"BreadcrumbList\",\"@id\":\"https:\/\/symbioosi.fr\/index.php\/produit\/carmen-la-cactus-zippypaws\/#breadcrumb\",\"itemListElement\":[{\"@type\":\"ListItem\",\"position\":1,\"name\":\"Accueil\",\"item\":\"https:\/\/symbioosi.fr\/\"},{\"@type\":\"ListItem\",\"position\":2,\"name\":\"Boutique\",\"item\":\"https:\/\/symbioosi.fr\/index.php\/boutique\/\"},{\"@type\":\"ListItem\",\"position\":3,\"name\":\"Carmen la Cactus &#8211; ZippyPaws\"}]}]}<\/script>\n<!-- \/ Yoast SEO plugin. -->","yoast_head_json":{"title":"Carmen la Cactus - ZippyPaws - SYMBIOOSI","robots":{"index":"noindex","follow":"follow","max-snippet":"max-snippet:-1","max-image-preview":"max-image-preview:large","max-video-preview":"max-video-preview:-1"},"og_locale":"fr_FR","og_type":"article","og_title":"Carmen la Cactus - ZippyPaws - SYMBIOOSI","og_description":"Peluche \u2013 Pouics","og_url":"https:\/\/symbioosi.fr\/index.php\/produit\/carmen-la-cactus-zippypaws\/","og_site_name":"SYMBIOOSI","article_modified_time":"2022-05-10T18:32:12+00:00","og_image":[{"width":1125,"height":1671,"url":"https:\/\/symbioosi.fr\/wp-content\/uploads\/2021\/08\/IMG_5124.jpg","type":"image\/jpeg"}],"twitter_card":"summary_large_image","twitter_misc":{"Dur\u00e9e de lecture estim\u00e9e":"1 minute"},"schema":{"@context":"https:\/\/schema.org","@graph":[{"@type":["Person","Organization"],"@id":"https:\/\/symbioosi.fr\/#\/schema\/person\/dd144bbfb16d0edb6ddd70911df0f8d7","name":"Symbioosi","image":{"@type":"ImageObject","@id":"https:\/\/symbioosi.fr\/#personlogo","inLanguage":"fr-FR","url":"https:\/\/symbioosi.fr\/wp-content\/uploads\/2020\/04\/Sans-titre.png","contentUrl":"https:\/\/symbioosi.fr\/wp-content\/uploads\/2020\/04\/Sans-titre.png","width":500,"height":500,"caption":"Symbioosi"},"logo":{"@id":"https:\/\/symbioosi.fr\/#personlogo"},"sameAs":["https:\/\/www.instagram.com\/symbioosi_store\/"]},{"@type":"WebSite","@id":"https:\/\/symbioosi.fr\/#website","url":"https:\/\/symbioosi.fr\/","name":"SYMBIOOSI","description":"Produits naturels et de qualit\u00e9 pour chiens, chats, NAC...","publisher":{"@id":"https:\/\/symbioosi.fr\/#\/schema\/person\/dd144bbfb16d0edb6ddd70911df0f8d7"},"potentialAction":[{"@type":"SearchAction","target":{"@type":"EntryPoint","urlTemplate":"https:\/\/symbioosi.fr\/?s={search_term_string}"},"query-input":"required name=search_term_string"}],"inLanguage":"fr-FR"},{"@type":"ImageObject","@id":"https:\/\/symbioosi.fr\/index.php\/produit\/carmen-la-cactus-zippypaws\/#primaryimage","inLanguage":"fr-FR","url":"https:\/\/symbioosi.fr\/wp-content\/uploads\/2021\/08\/IMG_5124.jpg","contentUrl":"https:\/\/symbioosi.fr\/wp-content\/uploads\/2021\/08\/IMG_5124.jpg","width":1125,"height":1671},{"@type":"WebPage","@id":"https:\/\/symbioosi.fr\/index.php\/produit\/carmen-la-cactus-zippypaws\/#webpage","url":"https:\/\/symbioosi.fr\/index.php\/produit\/carmen-la-cactus-zippypaws\/","name":"Carmen la Cactus - ZippyPaws - SYMBIOOSI","isPartOf":{"@id":"https:\/\/symbioosi.fr\/#website"},"primaryImageOfPage":{"@id":"https:\/\/symbioosi.fr\/index.php\/produit\/carmen-la-cactus-zippypaws\/#primaryimage"},"datePublished":"2021-08-01T20:47:59+00:00","dateModified":"2022-05-10T18:32:12+00:00","breadcrumb":{"@id":"https:\/\/symbioosi.fr\/index.php\/produit\/carmen-la-cactus-zippypaws\/#breadcrumb"},"inLanguage":"fr-FR","potentialAction":[{"@type":"ReadAction","target":["https:\/\/symbioosi.fr\/index.php\/produit\/carmen-la-cactus-zippypaws\/"]}]},{"@type":"BreadcrumbList","@id":"https:\/\/symbioosi.fr\/index.php\/produit\/carmen-la-cactus-zippypaws\/#breadcrumb","itemListElement":[{"@type":"ListItem","position":1,"name":"Accueil","item":"https:\/\/symbioosi.fr\/"},{"@type":"ListItem","position":2,"name":"Boutique","item":"https:\/\/symbioosi.fr\/index.php\/boutique\/"},{"@type":"ListItem","position":3,"name":"Carmen la Cactus &#8211; ZippyPaws"}]}]}},"_links":{"self":[{"href":"https:\/\/symbioosi.fr\/index.php\/wp-json\/wp\/v2\/product\/4809"}],"collection":[{"href":"https:\/\/symbioosi.fr\/index.php\/wp-json\/wp\/v2\/product"}],"about":[{"href":"https:\/\/symbioosi.fr\/index.php\/wp-json\/wp\/v2\/types\/product"}],"replies":[{"embeddable":true,"href":"https:\/\/symbioosi.fr\/index.php\/wp-json\/wp\/v2\/comments?post=4809"}],"wp:featuredmedia":[{"embeddable":true,"href":"https:\/\/symbioosi.fr\/index.php\/wp-json\/wp\/v2\/media\/5062"}],"wp:attachment":[{"href":"https:\/\/symbioosi.fr\/index.php\/wp-json\/wp\/v2\/media?parent=4809"}],"wp:term":[{"taxonomy":"product_cat","embeddable":true,"href":"https:\/\/symbioosi.fr\/index.php\/wp-json\/wp\/v2\/product_cat?post=4809"},{"taxonomy":"product_tag","embeddable":true,"href":"https:\/\/symbioosi.fr\/index.php\/wp-json\/wp\/v2\/product_tag?post=4809"}],"curies":[{"name":"wp","href":"https:\/\/api.w.org\/{rel}","templated":true}]}}