{"id":44,"date":"2020-04-15T19:56:16","date_gmt":"2020-04-15T17:56:16","guid":{"rendered":"http:\/\/symbioosi.fr\/?post_type=product&#038;p=44"},"modified":"2022-05-10T20:39:23","modified_gmt":"2022-05-10T18:39:23","slug":"lickimat-playdate","status":"publish","type":"product","link":"https:\/\/symbioosi.fr\/index.php\/produit\/lickimat-playdate\/","title":{"rendered":"Lickimat Playdate"},"content":{"rendered":"<p>Le <strong>Lickimat Playdate<\/strong>, con\u00e7u par des v\u00e9t\u00e9rinaires, est un tapis d\u2019occupation et de stimulation mentale. Vous pouvez \u00e9taler dessus toutes sortes de m\u00e9langes : p\u00e2t\u00e9e, friandises, recettes maisons&#8230;<\/p>\n<p>Lorsque votre animal l\u00e8che le tapis, il produit de l\u2019endorphine, l\u2019hormone de bonheur, ce qui lui permet de s\u2019<em><strong>apaiser<\/strong><\/em> en plus de l\u2019<em><strong>occuper<\/strong><\/em>.<\/p>\n<p>Le lickimat, de par ses nombreux reliefs, permet de <em><strong>nettoyer la langue, les dents et les gencives<\/strong><\/em>. La digestion sera \u00e9galement favoris\u00e9e par cette production de salive qui contient l\u2019enzyme amylase.<\/p>\n<p>Nous vous conseillons de mettre le lickimat au cong\u00e9lateur 4-5h avant la d\u00e9gustation pour que l\u2019occupation soit plus longue.<\/p>\n<p>Il peut convenir aux chats\/chatons, chiens\/chiots.<\/p>\n<hr \/>\n<p><strong>Existe en cinq coloris :<\/strong> vert, orange, rose, violet et turquoise<\/p>\n<p><strong>Dimensions :\u00a0<\/strong>Longueur : 20 cm x\u00a0Largeur : 20 cm<\/p>\n<p><strong>Conseil d\u2019entretien :\u00a0<\/strong>Lavage \u00e0 la main uniquement.<\/p>\n<hr \/>\n<p><span style=\"color: #a36a00;\"><em><strong>Le mot de votre ost\u00e9opathe : Tr\u00e8s utile en m\u00e9dical training, le lickimat permet de rendre les soins beaucoup plus agr\u00e9ables pour tout le monde.\u00a0<\/strong><\/em><\/span><\/p>\n<hr \/>\n<p><em>D\u2019autres versions de disponibles sur le site : <\/em><\/p>\n<ul>\n<li><em>Avec picots : <a href=\"https:\/\/symbioosi.fr\/index.php\/produit\/lickimat-soother\/\"><strong>SOOTHER<\/strong><\/a><\/em><\/li>\n<li><em>Avec croix : <strong><a href=\"https:\/\/symbioosi.fr\/index.php\/produit\/lickimat-buddy\/\">BUDDY<\/a><\/strong><\/em><\/li>\n<li><em>Avec croix + grande taille : <strong><a href=\"https:\/\/symbioosi.fr\/index.php\/produit\/lickimat-buddy-large\/\">BUDDY LARGE<\/a><\/strong><\/em><\/li>\n<\/ul>\n","protected":false},"excerpt":{"rendered":"<h4 style=\"text-align: center;\"><span style=\"color: #bf7c39;\"><strong>Stimulation mentale &#8211; Silicone alimentaire non toxique &#8211; Peut \u00eatre congel\u00e9 ou pass\u00e9 au micro-onde<\/strong><\/span><\/h4>\n<p><em><strong>Sa particularit\u00e9 (carr\u00e9s) :<\/strong><\/em> parfait pour pi\u00e9ger de grosses friandises, de la viande, du poisson ou de la p\u00e2t\u00e9e.<\/p>\n<p><em>Existe en plusieurs autres versions sur la boutique.<\/em><\/p>\n<p>&nbsp;<\/p>\n","protected":false},"featured_media":4860,"comment_status":"open","ping_status":"closed","template":"","meta":[],"product_cat":[233,234,286],"product_tag":[71,73,69,70,72,68],"yoast_head":"<!-- This site is optimized with the Yoast SEO plugin v17.3 - https:\/\/yoast.com\/wordpress\/plugins\/seo\/ -->\n<title>Lickimat Playdate (Plusieurs couleurs, chien, chat) - SYMBIOOSI<\/title>\n<meta name=\"description\" content=\"Le Lickimat Playdate, est un tapis d\u2019occupation et de stimulation mentale. Vous pouvez \u00e9taler dessus toutes sortes de m\u00e9langes.\" \/>\n<meta name=\"robots\" content=\"noindex, follow, max-snippet:-1, max-image-preview:large, max-video-preview:-1\" \/>\n<meta property=\"og:locale\" content=\"fr_FR\" \/>\n<meta property=\"og:type\" content=\"article\" \/>\n<meta property=\"og:title\" content=\"Lickimat Playdate (Plusieurs couleurs, chien, chat) - SYMBIOOSI\" \/>\n<meta property=\"og:description\" content=\"Le Lickimat Playdate, est un tapis d\u2019occupation et de stimulation mentale. Vous pouvez \u00e9taler dessus toutes sortes de m\u00e9langes.\" \/>\n<meta property=\"og:url\" content=\"https:\/\/symbioosi.fr\/index.php\/produit\/lickimat-playdate\/\" \/>\n<meta property=\"og:site_name\" content=\"SYMBIOOSI\" \/>\n<meta property=\"article:modified_time\" content=\"2022-05-10T18:39:23+00:00\" \/>\n<meta property=\"og:image\" content=\"https:\/\/symbioosi.fr\/wp-content\/uploads\/2020\/04\/IMG_4295-e1628026946541.jpg\" \/>\n\t<meta property=\"og:image:width\" content=\"1125\" \/>\n\t<meta property=\"og:image:height\" content=\"1229\" \/>\n<meta name=\"twitter:card\" content=\"summary_large_image\" \/>\n<meta name=\"twitter:label1\" content=\"Dur\u00e9e de lecture estim\u00e9e\" \/>\n\t<meta name=\"twitter:data1\" content=\"1 minute\" \/>\n<script type=\"application\/ld+json\" class=\"yoast-schema-graph\">{\"@context\":\"https:\/\/schema.org\",\"@graph\":[{\"@type\":[\"Person\",\"Organization\"],\"@id\":\"https:\/\/symbioosi.fr\/#\/schema\/person\/dd144bbfb16d0edb6ddd70911df0f8d7\",\"name\":\"Symbioosi\",\"image\":{\"@type\":\"ImageObject\",\"@id\":\"https:\/\/symbioosi.fr\/#personlogo\",\"inLanguage\":\"fr-FR\",\"url\":\"https:\/\/symbioosi.fr\/wp-content\/uploads\/2020\/04\/Sans-titre.png\",\"contentUrl\":\"https:\/\/symbioosi.fr\/wp-content\/uploads\/2020\/04\/Sans-titre.png\",\"width\":500,\"height\":500,\"caption\":\"Symbioosi\"},\"logo\":{\"@id\":\"https:\/\/symbioosi.fr\/#personlogo\"},\"sameAs\":[\"https:\/\/www.instagram.com\/symbioosi_store\/\"]},{\"@type\":\"WebSite\",\"@id\":\"https:\/\/symbioosi.fr\/#website\",\"url\":\"https:\/\/symbioosi.fr\/\",\"name\":\"SYMBIOOSI\",\"description\":\"Produits naturels et de qualit\\u00e9 pour chiens, chats, NAC...\",\"publisher\":{\"@id\":\"https:\/\/symbioosi.fr\/#\/schema\/person\/dd144bbfb16d0edb6ddd70911df0f8d7\"},\"potentialAction\":[{\"@type\":\"SearchAction\",\"target\":{\"@type\":\"EntryPoint\",\"urlTemplate\":\"https:\/\/symbioosi.fr\/?s={search_term_string}\"},\"query-input\":\"required name=search_term_string\"}],\"inLanguage\":\"fr-FR\"},{\"@type\":\"ImageObject\",\"@id\":\"https:\/\/symbioosi.fr\/index.php\/produit\/lickimat-playdate\/#primaryimage\",\"inLanguage\":\"fr-FR\",\"url\":\"https:\/\/symbioosi.fr\/wp-content\/uploads\/2020\/04\/IMG_4295-e1628026946541.jpg\",\"contentUrl\":\"https:\/\/symbioosi.fr\/wp-content\/uploads\/2020\/04\/IMG_4295-e1628026946541.jpg\",\"width\":1125,\"height\":1229},{\"@type\":\"WebPage\",\"@id\":\"https:\/\/symbioosi.fr\/index.php\/produit\/lickimat-playdate\/#webpage\",\"url\":\"https:\/\/symbioosi.fr\/index.php\/produit\/lickimat-playdate\/\",\"name\":\"Lickimat Playdate (Plusieurs couleurs, chien, chat) - SYMBIOOSI\",\"isPartOf\":{\"@id\":\"https:\/\/symbioosi.fr\/#website\"},\"primaryImageOfPage\":{\"@id\":\"https:\/\/symbioosi.fr\/index.php\/produit\/lickimat-playdate\/#primaryimage\"},\"datePublished\":\"2020-04-15T17:56:16+00:00\",\"dateModified\":\"2022-05-10T18:39:23+00:00\",\"description\":\"Le Lickimat Playdate, est un tapis d\\u2019occupation et de stimulation mentale. Vous pouvez \\u00e9taler dessus toutes sortes de m\\u00e9langes.\",\"breadcrumb\":{\"@id\":\"https:\/\/symbioosi.fr\/index.php\/produit\/lickimat-playdate\/#breadcrumb\"},\"inLanguage\":\"fr-FR\",\"potentialAction\":[{\"@type\":\"ReadAction\",\"target\":[\"https:\/\/symbioosi.fr\/index.php\/produit\/lickimat-playdate\/\"]}]},{\"@type\":\"BreadcrumbList\",\"@id\":\"https:\/\/symbioosi.fr\/index.php\/produit\/lickimat-playdate\/#breadcrumb\",\"itemListElement\":[{\"@type\":\"ListItem\",\"position\":1,\"name\":\"Accueil\",\"item\":\"https:\/\/symbioosi.fr\/\"},{\"@type\":\"ListItem\",\"position\":2,\"name\":\"Boutique\",\"item\":\"https:\/\/symbioosi.fr\/index.php\/boutique\/\"},{\"@type\":\"ListItem\",\"position\":3,\"name\":\"Lickimat Playdate\"}]}]}<\/script>\n<!-- \/ Yoast SEO plugin. -->","yoast_head_json":{"title":"Lickimat Playdate (Plusieurs couleurs, chien, chat) - SYMBIOOSI","description":"Le Lickimat Playdate, est un tapis d\u2019occupation et de stimulation mentale. Vous pouvez \u00e9taler dessus toutes sortes de m\u00e9langes.","robots":{"index":"noindex","follow":"follow","max-snippet":"max-snippet:-1","max-image-preview":"max-image-preview:large","max-video-preview":"max-video-preview:-1"},"og_locale":"fr_FR","og_type":"article","og_title":"Lickimat Playdate (Plusieurs couleurs, chien, chat) - SYMBIOOSI","og_description":"Le Lickimat Playdate, est un tapis d\u2019occupation et de stimulation mentale. Vous pouvez \u00e9taler dessus toutes sortes de m\u00e9langes.","og_url":"https:\/\/symbioosi.fr\/index.php\/produit\/lickimat-playdate\/","og_site_name":"SYMBIOOSI","article_modified_time":"2022-05-10T18:39:23+00:00","og_image":[{"width":1125,"height":1229,"url":"https:\/\/symbioosi.fr\/wp-content\/uploads\/2020\/04\/IMG_4295-e1628026946541.jpg","type":"image\/jpeg"}],"twitter_card":"summary_large_image","twitter_misc":{"Dur\u00e9e de lecture estim\u00e9e":"1 minute"},"schema":{"@context":"https:\/\/schema.org","@graph":[{"@type":["Person","Organization"],"@id":"https:\/\/symbioosi.fr\/#\/schema\/person\/dd144bbfb16d0edb6ddd70911df0f8d7","name":"Symbioosi","image":{"@type":"ImageObject","@id":"https:\/\/symbioosi.fr\/#personlogo","inLanguage":"fr-FR","url":"https:\/\/symbioosi.fr\/wp-content\/uploads\/2020\/04\/Sans-titre.png","contentUrl":"https:\/\/symbioosi.fr\/wp-content\/uploads\/2020\/04\/Sans-titre.png","width":500,"height":500,"caption":"Symbioosi"},"logo":{"@id":"https:\/\/symbioosi.fr\/#personlogo"},"sameAs":["https:\/\/www.instagram.com\/symbioosi_store\/"]},{"@type":"WebSite","@id":"https:\/\/symbioosi.fr\/#website","url":"https:\/\/symbioosi.fr\/","name":"SYMBIOOSI","description":"Produits naturels et de qualit\u00e9 pour chiens, chats, NAC...","publisher":{"@id":"https:\/\/symbioosi.fr\/#\/schema\/person\/dd144bbfb16d0edb6ddd70911df0f8d7"},"potentialAction":[{"@type":"SearchAction","target":{"@type":"EntryPoint","urlTemplate":"https:\/\/symbioosi.fr\/?s={search_term_string}"},"query-input":"required name=search_term_string"}],"inLanguage":"fr-FR"},{"@type":"ImageObject","@id":"https:\/\/symbioosi.fr\/index.php\/produit\/lickimat-playdate\/#primaryimage","inLanguage":"fr-FR","url":"https:\/\/symbioosi.fr\/wp-content\/uploads\/2020\/04\/IMG_4295-e1628026946541.jpg","contentUrl":"https:\/\/symbioosi.fr\/wp-content\/uploads\/2020\/04\/IMG_4295-e1628026946541.jpg","width":1125,"height":1229},{"@type":"WebPage","@id":"https:\/\/symbioosi.fr\/index.php\/produit\/lickimat-playdate\/#webpage","url":"https:\/\/symbioosi.fr\/index.php\/produit\/lickimat-playdate\/","name":"Lickimat Playdate (Plusieurs couleurs, chien, chat) - SYMBIOOSI","isPartOf":{"@id":"https:\/\/symbioosi.fr\/#website"},"primaryImageOfPage":{"@id":"https:\/\/symbioosi.fr\/index.php\/produit\/lickimat-playdate\/#primaryimage"},"datePublished":"2020-04-15T17:56:16+00:00","dateModified":"2022-05-10T18:39:23+00:00","description":"Le Lickimat Playdate, est un tapis d\u2019occupation et de stimulation mentale. Vous pouvez \u00e9taler dessus toutes sortes de m\u00e9langes.","breadcrumb":{"@id":"https:\/\/symbioosi.fr\/index.php\/produit\/lickimat-playdate\/#breadcrumb"},"inLanguage":"fr-FR","potentialAction":[{"@type":"ReadAction","target":["https:\/\/symbioosi.fr\/index.php\/produit\/lickimat-playdate\/"]}]},{"@type":"BreadcrumbList","@id":"https:\/\/symbioosi.fr\/index.php\/produit\/lickimat-playdate\/#breadcrumb","itemListElement":[{"@type":"ListItem","position":1,"name":"Accueil","item":"https:\/\/symbioosi.fr\/"},{"@type":"ListItem","position":2,"name":"Boutique","item":"https:\/\/symbioosi.fr\/index.php\/boutique\/"},{"@type":"ListItem","position":3,"name":"Lickimat Playdate"}]}]}},"_links":{"self":[{"href":"https:\/\/symbioosi.fr\/index.php\/wp-json\/wp\/v2\/product\/44"}],"collection":[{"href":"https:\/\/symbioosi.fr\/index.php\/wp-json\/wp\/v2\/product"}],"about":[{"href":"https:\/\/symbioosi.fr\/index.php\/wp-json\/wp\/v2\/types\/product"}],"replies":[{"embeddable":true,"href":"https:\/\/symbioosi.fr\/index.php\/wp-json\/wp\/v2\/comments?post=44"}],"wp:featuredmedia":[{"embeddable":true,"href":"https:\/\/symbioosi.fr\/index.php\/wp-json\/wp\/v2\/media\/4860"}],"wp:attachment":[{"href":"https:\/\/symbioosi.fr\/index.php\/wp-json\/wp\/v2\/media?parent=44"}],"wp:term":[{"taxonomy":"product_cat","embeddable":true,"href":"https:\/\/symbioosi.fr\/index.php\/wp-json\/wp\/v2\/product_cat?post=44"},{"taxonomy":"product_tag","embeddable":true,"href":"https:\/\/symbioosi.fr\/index.php\/wp-json\/wp\/v2\/product_tag?post=44"}],"curies":[{"name":"wp","href":"https:\/\/api.w.org\/{rel}","templated":true}]}}