{"id":4310,"date":"2021-06-09T08:16:33","date_gmt":"2021-06-09T06:16:33","guid":{"rendered":"https:\/\/symbioosi.fr\/?post_type=product&#038;p=4310"},"modified":"2022-05-10T20:34:40","modified_gmt":"2022-05-10T18:34:40","slug":"sudoku-small-basic-my-intelligent-pets","status":"publish","type":"product","link":"https:\/\/symbioosi.fr\/index.php\/produit\/sudoku-small-basic-my-intelligent-pets\/","title":{"rendered":"Sudoku Small Basic &#8211; My Intelligent Pets"},"content":{"rendered":"<p>Le jeu <strong>Sudoku Small Basic de chez My Intelligent Pets<\/strong> est le parfait plateau pour commencer la d\u00e9couverte des jeux de r\u00e9flexion avec votre compagnon. Les cases \u00e0 coulisser vont laisser appara\u00eetre la r\u00e9compense. Pour corser le jeu et le faire \u00e9voluer vous avez la possibilit\u00e9 d&#8217;acheter 4 pions en plus et de les placer sur le haut des cases.<\/p>\n<p>C\u2019est un tr\u00e8s bon moyen de rendre les repas ludiques ou alors d\u2019occuper, de stimuler et donc de d\u00e9tendre son compagnon. Vous pourrez \u00e9galement renforcer votre complicit\u00e9 en passant un moment d\u2019entraide avec votre chien. Des dizaines de possibilit\u00e9s s\u2019offrent \u00e0 vous avec ce jeu !<\/p>\n<p><strong>Le kit comprend :\u00a0<\/strong><\/p>\n<ul>\n<li>4 carr\u00e9s coulissants<\/li>\n<\/ul>\n<p>\u2192 Vous pouvez \u00e9galement acheter de nouveaux pions sur la boutique pour le compl\u00e9ter ou remplacer des pi\u00e8ces usagers.<\/p>\n<hr \/>\n<p><em>Tous les puzzles sont fabriqu\u00e9s \u00e0 partir de bois certifi\u00e9 recouvert d\u2019un vernis \u00e0 base d\u2019eau qui n\u2019est pas nocif pour l\u2019humain ni les animaux. Veuillez garder le jeu sec et exempt d\u2019eau afin d\u2019\u00e9viter le gonflement du bois. N\u2019utilisez que des friandises s\u00e8ches. Il faudra remplacer les pions usagers. Ne pas laisser l\u2019animal jouer sans surveillance.<\/em><\/p>\n","protected":false},"excerpt":{"rendered":"<h4 style=\"text-align: center;\"><span style=\"color: #a36a00;\"><strong>Jeux de r\u00e9flexion en bois<\/strong><\/span><\/h4>\n<p>&nbsp;<\/p>\n<p><strong><span style=\"color: #a36a00;\">Niveau :<\/span>\u00a0<\/strong>1, \u00e9volutif<\/p>\n<p><span style=\"color: #a36a00;\"><strong>Difficult\u00e9s<\/strong> <strong>:<\/strong><\/span>\u00a0 faire coulisser les carr\u00e9s du sudoku<\/p>\n<p><span style=\"color: #a36a00;\"><strong>Dimensions :<\/strong>\u00a0<\/span>17,5 cm x 17 cm x 3,5 cm<\/p>\n<p><span style=\"color: #a36a00;\"><strong>Poids :<\/strong><\/span>\u00a00,5 kg<\/p>\n","protected":false},"featured_media":4311,"comment_status":"open","ping_status":"closed","template":"","meta":[],"product_cat":[325,326,286],"product_tag":[],"yoast_head":"<!-- This site is optimized with the Yoast SEO plugin v17.3 - https:\/\/yoast.com\/wordpress\/plugins\/seo\/ -->\n<title>Sudoku Small Basic - My Intelligent Pets - SYMBIOOSI<\/title>\n<meta name=\"robots\" content=\"noindex, follow, max-snippet:-1, max-image-preview:large, max-video-preview:-1\" \/>\n<meta property=\"og:locale\" content=\"fr_FR\" \/>\n<meta property=\"og:type\" content=\"article\" \/>\n<meta property=\"og:title\" content=\"Sudoku Small Basic - My Intelligent Pets - SYMBIOOSI\" \/>\n<meta property=\"og:description\" content=\"Jeux de r\u00e9flexion en bois &nbsp;  Niveau :\u00a01, \u00e9volutif  Difficult\u00e9s :\u00a0 faire coulisser les carr\u00e9s du sudoku  Dimensions :\u00a017,5 cm x 17 cm x 3,5 cm  Poids :\u00a00,5 kg\" \/>\n<meta property=\"og:url\" content=\"https:\/\/symbioosi.fr\/index.php\/produit\/sudoku-small-basic-my-intelligent-pets\/\" \/>\n<meta property=\"og:site_name\" content=\"SYMBIOOSI\" \/>\n<meta property=\"article:modified_time\" content=\"2022-05-10T18:34:40+00:00\" \/>\n<meta property=\"og:image\" content=\"https:\/\/symbioosi.fr\/wp-content\/uploads\/2021\/06\/sudoku-S-bois-basic-scaled.jpg\" \/>\n\t<meta property=\"og:image:width\" content=\"1920\" \/>\n\t<meta property=\"og:image:height\" content=\"2560\" \/>\n<meta name=\"twitter:card\" content=\"summary_large_image\" \/>\n<meta name=\"twitter:label1\" content=\"Dur\u00e9e de lecture estim\u00e9e\" \/>\n\t<meta name=\"twitter:data1\" content=\"1 minute\" \/>\n<script type=\"application\/ld+json\" class=\"yoast-schema-graph\">{\"@context\":\"https:\/\/schema.org\",\"@graph\":[{\"@type\":[\"Person\",\"Organization\"],\"@id\":\"https:\/\/symbioosi.fr\/#\/schema\/person\/dd144bbfb16d0edb6ddd70911df0f8d7\",\"name\":\"Symbioosi\",\"image\":{\"@type\":\"ImageObject\",\"@id\":\"https:\/\/symbioosi.fr\/#personlogo\",\"inLanguage\":\"fr-FR\",\"url\":\"https:\/\/symbioosi.fr\/wp-content\/uploads\/2020\/04\/Sans-titre.png\",\"contentUrl\":\"https:\/\/symbioosi.fr\/wp-content\/uploads\/2020\/04\/Sans-titre.png\",\"width\":500,\"height\":500,\"caption\":\"Symbioosi\"},\"logo\":{\"@id\":\"https:\/\/symbioosi.fr\/#personlogo\"},\"sameAs\":[\"https:\/\/www.instagram.com\/symbioosi_store\/\"]},{\"@type\":\"WebSite\",\"@id\":\"https:\/\/symbioosi.fr\/#website\",\"url\":\"https:\/\/symbioosi.fr\/\",\"name\":\"SYMBIOOSI\",\"description\":\"Produits naturels et de qualit\\u00e9 pour chiens, chats, NAC...\",\"publisher\":{\"@id\":\"https:\/\/symbioosi.fr\/#\/schema\/person\/dd144bbfb16d0edb6ddd70911df0f8d7\"},\"potentialAction\":[{\"@type\":\"SearchAction\",\"target\":{\"@type\":\"EntryPoint\",\"urlTemplate\":\"https:\/\/symbioosi.fr\/?s={search_term_string}\"},\"query-input\":\"required name=search_term_string\"}],\"inLanguage\":\"fr-FR\"},{\"@type\":\"ImageObject\",\"@id\":\"https:\/\/symbioosi.fr\/index.php\/produit\/sudoku-small-basic-my-intelligent-pets\/#primaryimage\",\"inLanguage\":\"fr-FR\",\"url\":\"https:\/\/symbioosi.fr\/wp-content\/uploads\/2021\/06\/sudoku-S-bois-basic-scaled.jpg\",\"contentUrl\":\"https:\/\/symbioosi.fr\/wp-content\/uploads\/2021\/06\/sudoku-S-bois-basic-scaled.jpg\",\"width\":1920,\"height\":2560},{\"@type\":\"WebPage\",\"@id\":\"https:\/\/symbioosi.fr\/index.php\/produit\/sudoku-small-basic-my-intelligent-pets\/#webpage\",\"url\":\"https:\/\/symbioosi.fr\/index.php\/produit\/sudoku-small-basic-my-intelligent-pets\/\",\"name\":\"Sudoku Small Basic - My Intelligent Pets - SYMBIOOSI\",\"isPartOf\":{\"@id\":\"https:\/\/symbioosi.fr\/#website\"},\"primaryImageOfPage\":{\"@id\":\"https:\/\/symbioosi.fr\/index.php\/produit\/sudoku-small-basic-my-intelligent-pets\/#primaryimage\"},\"datePublished\":\"2021-06-09T06:16:33+00:00\",\"dateModified\":\"2022-05-10T18:34:40+00:00\",\"breadcrumb\":{\"@id\":\"https:\/\/symbioosi.fr\/index.php\/produit\/sudoku-small-basic-my-intelligent-pets\/#breadcrumb\"},\"inLanguage\":\"fr-FR\",\"potentialAction\":[{\"@type\":\"ReadAction\",\"target\":[\"https:\/\/symbioosi.fr\/index.php\/produit\/sudoku-small-basic-my-intelligent-pets\/\"]}]},{\"@type\":\"BreadcrumbList\",\"@id\":\"https:\/\/symbioosi.fr\/index.php\/produit\/sudoku-small-basic-my-intelligent-pets\/#breadcrumb\",\"itemListElement\":[{\"@type\":\"ListItem\",\"position\":1,\"name\":\"Accueil\",\"item\":\"https:\/\/symbioosi.fr\/\"},{\"@type\":\"ListItem\",\"position\":2,\"name\":\"Boutique\",\"item\":\"https:\/\/symbioosi.fr\/index.php\/boutique\/\"},{\"@type\":\"ListItem\",\"position\":3,\"name\":\"Sudoku Small Basic &#8211; My Intelligent Pets\"}]}]}<\/script>\n<!-- \/ Yoast SEO plugin. -->","yoast_head_json":{"title":"Sudoku Small Basic - My Intelligent Pets - SYMBIOOSI","robots":{"index":"noindex","follow":"follow","max-snippet":"max-snippet:-1","max-image-preview":"max-image-preview:large","max-video-preview":"max-video-preview:-1"},"og_locale":"fr_FR","og_type":"article","og_title":"Sudoku Small Basic - My Intelligent Pets - SYMBIOOSI","og_description":"Jeux de r\u00e9flexion en bois &nbsp;  Niveau :\u00a01, \u00e9volutif  Difficult\u00e9s :\u00a0 faire coulisser les carr\u00e9s du sudoku  Dimensions :\u00a017,5 cm x 17 cm x 3,5 cm  Poids :\u00a00,5 kg","og_url":"https:\/\/symbioosi.fr\/index.php\/produit\/sudoku-small-basic-my-intelligent-pets\/","og_site_name":"SYMBIOOSI","article_modified_time":"2022-05-10T18:34:40+00:00","og_image":[{"width":1920,"height":2560,"url":"https:\/\/symbioosi.fr\/wp-content\/uploads\/2021\/06\/sudoku-S-bois-basic-scaled.jpg","type":"image\/jpeg"}],"twitter_card":"summary_large_image","twitter_misc":{"Dur\u00e9e de lecture estim\u00e9e":"1 minute"},"schema":{"@context":"https:\/\/schema.org","@graph":[{"@type":["Person","Organization"],"@id":"https:\/\/symbioosi.fr\/#\/schema\/person\/dd144bbfb16d0edb6ddd70911df0f8d7","name":"Symbioosi","image":{"@type":"ImageObject","@id":"https:\/\/symbioosi.fr\/#personlogo","inLanguage":"fr-FR","url":"https:\/\/symbioosi.fr\/wp-content\/uploads\/2020\/04\/Sans-titre.png","contentUrl":"https:\/\/symbioosi.fr\/wp-content\/uploads\/2020\/04\/Sans-titre.png","width":500,"height":500,"caption":"Symbioosi"},"logo":{"@id":"https:\/\/symbioosi.fr\/#personlogo"},"sameAs":["https:\/\/www.instagram.com\/symbioosi_store\/"]},{"@type":"WebSite","@id":"https:\/\/symbioosi.fr\/#website","url":"https:\/\/symbioosi.fr\/","name":"SYMBIOOSI","description":"Produits naturels et de qualit\u00e9 pour chiens, chats, NAC...","publisher":{"@id":"https:\/\/symbioosi.fr\/#\/schema\/person\/dd144bbfb16d0edb6ddd70911df0f8d7"},"potentialAction":[{"@type":"SearchAction","target":{"@type":"EntryPoint","urlTemplate":"https:\/\/symbioosi.fr\/?s={search_term_string}"},"query-input":"required name=search_term_string"}],"inLanguage":"fr-FR"},{"@type":"ImageObject","@id":"https:\/\/symbioosi.fr\/index.php\/produit\/sudoku-small-basic-my-intelligent-pets\/#primaryimage","inLanguage":"fr-FR","url":"https:\/\/symbioosi.fr\/wp-content\/uploads\/2021\/06\/sudoku-S-bois-basic-scaled.jpg","contentUrl":"https:\/\/symbioosi.fr\/wp-content\/uploads\/2021\/06\/sudoku-S-bois-basic-scaled.jpg","width":1920,"height":2560},{"@type":"WebPage","@id":"https:\/\/symbioosi.fr\/index.php\/produit\/sudoku-small-basic-my-intelligent-pets\/#webpage","url":"https:\/\/symbioosi.fr\/index.php\/produit\/sudoku-small-basic-my-intelligent-pets\/","name":"Sudoku Small Basic - My Intelligent Pets - SYMBIOOSI","isPartOf":{"@id":"https:\/\/symbioosi.fr\/#website"},"primaryImageOfPage":{"@id":"https:\/\/symbioosi.fr\/index.php\/produit\/sudoku-small-basic-my-intelligent-pets\/#primaryimage"},"datePublished":"2021-06-09T06:16:33+00:00","dateModified":"2022-05-10T18:34:40+00:00","breadcrumb":{"@id":"https:\/\/symbioosi.fr\/index.php\/produit\/sudoku-small-basic-my-intelligent-pets\/#breadcrumb"},"inLanguage":"fr-FR","potentialAction":[{"@type":"ReadAction","target":["https:\/\/symbioosi.fr\/index.php\/produit\/sudoku-small-basic-my-intelligent-pets\/"]}]},{"@type":"BreadcrumbList","@id":"https:\/\/symbioosi.fr\/index.php\/produit\/sudoku-small-basic-my-intelligent-pets\/#breadcrumb","itemListElement":[{"@type":"ListItem","position":1,"name":"Accueil","item":"https:\/\/symbioosi.fr\/"},{"@type":"ListItem","position":2,"name":"Boutique","item":"https:\/\/symbioosi.fr\/index.php\/boutique\/"},{"@type":"ListItem","position":3,"name":"Sudoku Small Basic &#8211; My Intelligent Pets"}]}]}},"_links":{"self":[{"href":"https:\/\/symbioosi.fr\/index.php\/wp-json\/wp\/v2\/product\/4310"}],"collection":[{"href":"https:\/\/symbioosi.fr\/index.php\/wp-json\/wp\/v2\/product"}],"about":[{"href":"https:\/\/symbioosi.fr\/index.php\/wp-json\/wp\/v2\/types\/product"}],"replies":[{"embeddable":true,"href":"https:\/\/symbioosi.fr\/index.php\/wp-json\/wp\/v2\/comments?post=4310"}],"wp:featuredmedia":[{"embeddable":true,"href":"https:\/\/symbioosi.fr\/index.php\/wp-json\/wp\/v2\/media\/4311"}],"wp:attachment":[{"href":"https:\/\/symbioosi.fr\/index.php\/wp-json\/wp\/v2\/media?parent=4310"}],"wp:term":[{"taxonomy":"product_cat","embeddable":true,"href":"https:\/\/symbioosi.fr\/index.php\/wp-json\/wp\/v2\/product_cat?post=4310"},{"taxonomy":"product_tag","embeddable":true,"href":"https:\/\/symbioosi.fr\/index.php\/wp-json\/wp\/v2\/product_tag?post=4310"}],"curies":[{"name":"wp","href":"https:\/\/api.w.org\/{rel}","templated":true}]}}