{"id":4278,"date":"2021-06-08T09:53:54","date_gmt":"2021-06-08T07:53:54","guid":{"rendered":"https:\/\/symbioosi.fr\/?post_type=product&#038;p=4278"},"modified":"2022-05-10T20:35:06","modified_gmt":"2022-05-10T18:35:06","slug":"mandala-and-star","status":"publish","type":"product","link":"https:\/\/symbioosi.fr\/index.php\/produit\/mandala-and-star\/","title":{"rendered":"Mandala and Star &#8211; My Intelligent Pets"},"content":{"rendered":"<p>Le jeu <strong>Mandala and Star de chez My Intelligent Pets<\/strong> est un deux en un : vous pouvez choisir un c\u00f4t\u00e9 ou alors retourner le plateau pour faire \u00e9voluer votre chien sur l&#8217;autre face. Il est \u00e9galement \u00e9volutif puisqu&#8217;il y a la possibilit\u00e9 de placer les pions comme on le souhaite. C&#8217;est un tr\u00e8s bon moyen de rendre les repas ludiques ou alors d&#8217;occuper, de stimuler et donc de d\u00e9tendre son compagnon. Vous pourrez \u00e9galement renforcer votre complicit\u00e9 en passant un moment d&#8217;entraide avec votre chien. Des dizaines de possibilit\u00e9s s&#8217;offrent \u00e0 vous avec ce jeu !<\/p>\n<p><strong>Le kit comprend :\u00a0<\/strong><\/p>\n<ul>\n<li>Une face mandala<\/li>\n<li>Une face \u00e9toile<\/li>\n<li>10 gros pions<\/li>\n<li>10 petits pions<\/li>\n<\/ul>\n<p>\u2192 Vous pouvez \u00e9galement acheter de nouveaux pions sur la boutique pour le compl\u00e9ter ou remplacer des pi\u00e8ces usagers.<\/p>\n<hr \/>\n<p><em>Tous les puzzles sont fabriqu\u00e9s \u00e0 partir de bois certifi\u00e9 recouvert d&#8217;un vernis \u00e0 base d&#8217;eau qui n&#8217;est pas nocif pour l&#8217;humain ni les animaux. Veuillez garder le jeu sec et exempt d&#8217;eau afin d&#8217;\u00e9viter le gonflement du bois. N&#8217;utilisez que des friandises s\u00e8ches. Il faudra remplacer les pions usagers. Ne pas laisser l&#8217;animal jouer sans surveillance.<\/em><\/p>\n","protected":false},"excerpt":{"rendered":"<h4 style=\"text-align: center;\"><span style=\"color: #a36a00;\"><strong>Jeux de r\u00e9flexion en bois &#8211; Double plateau<\/strong><\/span><\/h4>\n<p>&nbsp;<\/p>\n<p><strong><span style=\"color: #a36a00;\">Niveau :<\/span> <\/strong>2, \u00e9volutif puisqu&#8217;il y a la possibilit\u00e9 de placer les pions o\u00f9 l&#8217;on veut<\/p>\n<p><span style=\"color: #a36a00;\"><strong>Difficult\u00e9s :<\/strong>\u00a0<\/span>Faire coulisser et soulever les pions<\/p>\n<p><strong><span style=\"color: #a36a00;\">Dimensions :<\/span><\/strong> 28 cm de diam\u00e8tre<\/p>\n<p><span style=\"color: #a36a00;\"><strong>Poids :<\/strong><\/span> 1,5 kg<\/p>\n","protected":false},"featured_media":4279,"comment_status":"open","ping_status":"closed","template":"","meta":[],"product_cat":[325,326,286],"product_tag":[],"yoast_head":"<!-- This site is optimized with the Yoast SEO plugin v17.3 - https:\/\/yoast.com\/wordpress\/plugins\/seo\/ -->\n<title>Mandala and Star - My Intelligent Pets - SYMBIOOSI<\/title>\n<meta name=\"robots\" content=\"noindex, follow, max-snippet:-1, max-image-preview:large, max-video-preview:-1\" \/>\n<meta property=\"og:locale\" content=\"fr_FR\" \/>\n<meta property=\"og:type\" content=\"article\" \/>\n<meta property=\"og:title\" content=\"Mandala and Star - My Intelligent Pets - SYMBIOOSI\" \/>\n<meta property=\"og:description\" content=\"Jeux de r\u00e9flexion en bois - Double plateau &nbsp;  Niveau : 2, \u00e9volutif puisqu&#039;il y a la possibilit\u00e9 de placer les pions o\u00f9 l&#039;on veut  Difficult\u00e9s :\u00a0Faire coulisser et soulever les pions  Dimensions : 28 cm de diam\u00e8tre  Poids : 1,5 kg\" \/>\n<meta property=\"og:url\" content=\"https:\/\/symbioosi.fr\/index.php\/produit\/mandala-and-star\/\" \/>\n<meta property=\"og:site_name\" content=\"SYMBIOOSI\" \/>\n<meta property=\"article:modified_time\" content=\"2022-05-10T18:35:06+00:00\" \/>\n<meta property=\"og:image\" content=\"https:\/\/symbioosi.fr\/wp-content\/uploads\/2021\/06\/mandala-star-scaled.jpg\" \/>\n\t<meta property=\"og:image:width\" content=\"1920\" \/>\n\t<meta property=\"og:image:height\" content=\"2560\" \/>\n<meta name=\"twitter:card\" content=\"summary_large_image\" \/>\n<meta name=\"twitter:label1\" content=\"Dur\u00e9e de lecture estim\u00e9e\" \/>\n\t<meta name=\"twitter:data1\" content=\"1 minute\" \/>\n<script type=\"application\/ld+json\" class=\"yoast-schema-graph\">{\"@context\":\"https:\/\/schema.org\",\"@graph\":[{\"@type\":[\"Person\",\"Organization\"],\"@id\":\"https:\/\/symbioosi.fr\/#\/schema\/person\/dd144bbfb16d0edb6ddd70911df0f8d7\",\"name\":\"Symbioosi\",\"image\":{\"@type\":\"ImageObject\",\"@id\":\"https:\/\/symbioosi.fr\/#personlogo\",\"inLanguage\":\"fr-FR\",\"url\":\"https:\/\/symbioosi.fr\/wp-content\/uploads\/2020\/04\/Sans-titre.png\",\"contentUrl\":\"https:\/\/symbioosi.fr\/wp-content\/uploads\/2020\/04\/Sans-titre.png\",\"width\":500,\"height\":500,\"caption\":\"Symbioosi\"},\"logo\":{\"@id\":\"https:\/\/symbioosi.fr\/#personlogo\"},\"sameAs\":[\"https:\/\/www.instagram.com\/symbioosi_store\/\"]},{\"@type\":\"WebSite\",\"@id\":\"https:\/\/symbioosi.fr\/#website\",\"url\":\"https:\/\/symbioosi.fr\/\",\"name\":\"SYMBIOOSI\",\"description\":\"Produits naturels et de qualit\\u00e9 pour chiens, chats, NAC...\",\"publisher\":{\"@id\":\"https:\/\/symbioosi.fr\/#\/schema\/person\/dd144bbfb16d0edb6ddd70911df0f8d7\"},\"potentialAction\":[{\"@type\":\"SearchAction\",\"target\":{\"@type\":\"EntryPoint\",\"urlTemplate\":\"https:\/\/symbioosi.fr\/?s={search_term_string}\"},\"query-input\":\"required name=search_term_string\"}],\"inLanguage\":\"fr-FR\"},{\"@type\":\"ImageObject\",\"@id\":\"https:\/\/symbioosi.fr\/index.php\/produit\/mandala-and-star\/#primaryimage\",\"inLanguage\":\"fr-FR\",\"url\":\"https:\/\/symbioosi.fr\/wp-content\/uploads\/2021\/06\/mandala-star-scaled.jpg\",\"contentUrl\":\"https:\/\/symbioosi.fr\/wp-content\/uploads\/2021\/06\/mandala-star-scaled.jpg\",\"width\":1920,\"height\":2560},{\"@type\":\"WebPage\",\"@id\":\"https:\/\/symbioosi.fr\/index.php\/produit\/mandala-and-star\/#webpage\",\"url\":\"https:\/\/symbioosi.fr\/index.php\/produit\/mandala-and-star\/\",\"name\":\"Mandala and Star - My Intelligent Pets - SYMBIOOSI\",\"isPartOf\":{\"@id\":\"https:\/\/symbioosi.fr\/#website\"},\"primaryImageOfPage\":{\"@id\":\"https:\/\/symbioosi.fr\/index.php\/produit\/mandala-and-star\/#primaryimage\"},\"datePublished\":\"2021-06-08T07:53:54+00:00\",\"dateModified\":\"2022-05-10T18:35:06+00:00\",\"breadcrumb\":{\"@id\":\"https:\/\/symbioosi.fr\/index.php\/produit\/mandala-and-star\/#breadcrumb\"},\"inLanguage\":\"fr-FR\",\"potentialAction\":[{\"@type\":\"ReadAction\",\"target\":[\"https:\/\/symbioosi.fr\/index.php\/produit\/mandala-and-star\/\"]}]},{\"@type\":\"BreadcrumbList\",\"@id\":\"https:\/\/symbioosi.fr\/index.php\/produit\/mandala-and-star\/#breadcrumb\",\"itemListElement\":[{\"@type\":\"ListItem\",\"position\":1,\"name\":\"Accueil\",\"item\":\"https:\/\/symbioosi.fr\/\"},{\"@type\":\"ListItem\",\"position\":2,\"name\":\"Boutique\",\"item\":\"https:\/\/symbioosi.fr\/index.php\/boutique\/\"},{\"@type\":\"ListItem\",\"position\":3,\"name\":\"Mandala and Star &#8211; My Intelligent Pets\"}]}]}<\/script>\n<!-- \/ Yoast SEO plugin. -->","yoast_head_json":{"title":"Mandala and Star - My Intelligent Pets - SYMBIOOSI","robots":{"index":"noindex","follow":"follow","max-snippet":"max-snippet:-1","max-image-preview":"max-image-preview:large","max-video-preview":"max-video-preview:-1"},"og_locale":"fr_FR","og_type":"article","og_title":"Mandala and Star - My Intelligent Pets - SYMBIOOSI","og_description":"Jeux de r\u00e9flexion en bois - Double plateau &nbsp;  Niveau : 2, \u00e9volutif puisqu'il y a la possibilit\u00e9 de placer les pions o\u00f9 l'on veut  Difficult\u00e9s :\u00a0Faire coulisser et soulever les pions  Dimensions : 28 cm de diam\u00e8tre  Poids : 1,5 kg","og_url":"https:\/\/symbioosi.fr\/index.php\/produit\/mandala-and-star\/","og_site_name":"SYMBIOOSI","article_modified_time":"2022-05-10T18:35:06+00:00","og_image":[{"width":1920,"height":2560,"url":"https:\/\/symbioosi.fr\/wp-content\/uploads\/2021\/06\/mandala-star-scaled.jpg","type":"image\/jpeg"}],"twitter_card":"summary_large_image","twitter_misc":{"Dur\u00e9e de lecture estim\u00e9e":"1 minute"},"schema":{"@context":"https:\/\/schema.org","@graph":[{"@type":["Person","Organization"],"@id":"https:\/\/symbioosi.fr\/#\/schema\/person\/dd144bbfb16d0edb6ddd70911df0f8d7","name":"Symbioosi","image":{"@type":"ImageObject","@id":"https:\/\/symbioosi.fr\/#personlogo","inLanguage":"fr-FR","url":"https:\/\/symbioosi.fr\/wp-content\/uploads\/2020\/04\/Sans-titre.png","contentUrl":"https:\/\/symbioosi.fr\/wp-content\/uploads\/2020\/04\/Sans-titre.png","width":500,"height":500,"caption":"Symbioosi"},"logo":{"@id":"https:\/\/symbioosi.fr\/#personlogo"},"sameAs":["https:\/\/www.instagram.com\/symbioosi_store\/"]},{"@type":"WebSite","@id":"https:\/\/symbioosi.fr\/#website","url":"https:\/\/symbioosi.fr\/","name":"SYMBIOOSI","description":"Produits naturels et de qualit\u00e9 pour chiens, chats, NAC...","publisher":{"@id":"https:\/\/symbioosi.fr\/#\/schema\/person\/dd144bbfb16d0edb6ddd70911df0f8d7"},"potentialAction":[{"@type":"SearchAction","target":{"@type":"EntryPoint","urlTemplate":"https:\/\/symbioosi.fr\/?s={search_term_string}"},"query-input":"required name=search_term_string"}],"inLanguage":"fr-FR"},{"@type":"ImageObject","@id":"https:\/\/symbioosi.fr\/index.php\/produit\/mandala-and-star\/#primaryimage","inLanguage":"fr-FR","url":"https:\/\/symbioosi.fr\/wp-content\/uploads\/2021\/06\/mandala-star-scaled.jpg","contentUrl":"https:\/\/symbioosi.fr\/wp-content\/uploads\/2021\/06\/mandala-star-scaled.jpg","width":1920,"height":2560},{"@type":"WebPage","@id":"https:\/\/symbioosi.fr\/index.php\/produit\/mandala-and-star\/#webpage","url":"https:\/\/symbioosi.fr\/index.php\/produit\/mandala-and-star\/","name":"Mandala and Star - My Intelligent Pets - SYMBIOOSI","isPartOf":{"@id":"https:\/\/symbioosi.fr\/#website"},"primaryImageOfPage":{"@id":"https:\/\/symbioosi.fr\/index.php\/produit\/mandala-and-star\/#primaryimage"},"datePublished":"2021-06-08T07:53:54+00:00","dateModified":"2022-05-10T18:35:06+00:00","breadcrumb":{"@id":"https:\/\/symbioosi.fr\/index.php\/produit\/mandala-and-star\/#breadcrumb"},"inLanguage":"fr-FR","potentialAction":[{"@type":"ReadAction","target":["https:\/\/symbioosi.fr\/index.php\/produit\/mandala-and-star\/"]}]},{"@type":"BreadcrumbList","@id":"https:\/\/symbioosi.fr\/index.php\/produit\/mandala-and-star\/#breadcrumb","itemListElement":[{"@type":"ListItem","position":1,"name":"Accueil","item":"https:\/\/symbioosi.fr\/"},{"@type":"ListItem","position":2,"name":"Boutique","item":"https:\/\/symbioosi.fr\/index.php\/boutique\/"},{"@type":"ListItem","position":3,"name":"Mandala and Star &#8211; My Intelligent Pets"}]}]}},"_links":{"self":[{"href":"https:\/\/symbioosi.fr\/index.php\/wp-json\/wp\/v2\/product\/4278"}],"collection":[{"href":"https:\/\/symbioosi.fr\/index.php\/wp-json\/wp\/v2\/product"}],"about":[{"href":"https:\/\/symbioosi.fr\/index.php\/wp-json\/wp\/v2\/types\/product"}],"replies":[{"embeddable":true,"href":"https:\/\/symbioosi.fr\/index.php\/wp-json\/wp\/v2\/comments?post=4278"}],"wp:featuredmedia":[{"embeddable":true,"href":"https:\/\/symbioosi.fr\/index.php\/wp-json\/wp\/v2\/media\/4279"}],"wp:attachment":[{"href":"https:\/\/symbioosi.fr\/index.php\/wp-json\/wp\/v2\/media?parent=4278"}],"wp:term":[{"taxonomy":"product_cat","embeddable":true,"href":"https:\/\/symbioosi.fr\/index.php\/wp-json\/wp\/v2\/product_cat?post=4278"},{"taxonomy":"product_tag","embeddable":true,"href":"https:\/\/symbioosi.fr\/index.php\/wp-json\/wp\/v2\/product_tag?post=4278"}],"curies":[{"name":"wp","href":"https:\/\/api.w.org\/{rel}","templated":true}]}}