{"id":4067,"date":"2021-05-16T15:43:48","date_gmt":"2021-05-16T13:43:48","guid":{"rendered":"https:\/\/symbioosi.fr\/?post_type=product&#038;p=4067"},"modified":"2022-05-10T20:45:00","modified_gmt":"2022-05-10T18:45:00","slug":"patee-a-la-morue-a-la-figue-naturea","status":"publish","type":"product","link":"https:\/\/symbioosi.fr\/index.php\/produit\/patee-a-la-morue-a-la-figue-naturea\/","title":{"rendered":"P\u00e2t\u00e9e \u00e0 la morue &#038; \u00e0 la figue &#8211; Naturea"},"content":{"rendered":"<p>Cette recette compos\u00e9e de morue et de figue procurera un intense moment de plaisir \u00e0 vos chats. Sans c\u00e9r\u00e9ale et contenant essentiellement des ingr\u00e9dients de haute qualit\u00e9, cette p\u00e2t\u00e9e est adapt\u00e9e \u00e0 tous les chats m\u00eame st\u00e9rilis\u00e9s et aux chatons. Elle est \u00e9galement tr\u00e8s pauvre en gras.<\/p>\n<p>Elle contient des min\u00e9raux, des vitamines et des nutriments pour contribuer quotidiennement \u00e0 la sant\u00e9 de vos chats. Vous pouvez utiliser cette p\u00e2t\u00e9e pour remplir les jouets d\u2019occupation comme les lickimats pr\u00e9vu \u00e0 cet effet. (En vente sur la boutique)<\/p>\n<p><strong>Convient pour<\/strong> : chats, chats st\u00e9rilis\u00e9s, chatons.<\/p>\n<p><strong>Constituants analytiques :<\/strong>\u00a0Prot\u00e9ines 10,1%, huiles et graisses brutes 1,5%, fibres: 0,6%, cendres brutes 3,4%, humidit\u00e9: 83,1%<\/p>\n<p><strong>Suggestion :<\/strong> \u00c0 utiliser en tant que repas exclusif, \u00e0 ajouter aux croquettes ou bien \u00e0 utiliser sur les tapis Lickimats (pr\u00e9sents sur la boutique).<\/p>\n<p><strong>Conservation :<\/strong> Avant ouverture, \u00e0 garder au sec et \u00e0 l\u2019abri de l\u2019humidit\u00e9. Apr\u00e8s ouverture, se conserve 2 jours au r\u00e9frig\u00e9rateur.<\/p>\n<p><strong>Contenant<\/strong> : 85g.<\/p>\n","protected":false},"excerpt":{"rendered":"<h4 style=\"text-align: center;\"><span style=\"color: #a36a00;\"><strong>Sans colorant artificiel, sans ajout de parfum, ni conservateur \u2013 Haute app\u00e9tence \u2013 Facilit\u00e9 de digestion \u2013 Om\u00e9ga 3-6<\/strong><\/span><\/h4>\n<p>&nbsp;<\/p>\n<p><strong>Composition :<\/strong> Morue (27%), Thon (27%), Figue (7% d\u00e9shydrat\u00e9e), Min\u00e9raux, Huile de saumon<\/p>\n","protected":false},"featured_media":5521,"comment_status":"open","ping_status":"closed","template":"","meta":[],"product_cat":[228],"product_tag":[71,73,69],"yoast_head":"<!-- This site is optimized with the Yoast SEO plugin v17.3 - https:\/\/yoast.com\/wordpress\/plugins\/seo\/ -->\n<title>P\u00e2t\u00e9e \u00e0 la morue &amp; \u00e0 la figue - Naturea - SYMBIOOSI<\/title>\n<meta name=\"robots\" content=\"noindex, follow, max-snippet:-1, max-image-preview:large, max-video-preview:-1\" \/>\n<meta property=\"og:locale\" content=\"fr_FR\" \/>\n<meta property=\"og:type\" content=\"article\" \/>\n<meta property=\"og:title\" content=\"P\u00e2t\u00e9e \u00e0 la morue &amp; \u00e0 la figue - Naturea - SYMBIOOSI\" \/>\n<meta property=\"og:description\" content=\"Sans colorant artificiel, sans ajout de parfum, ni conservateur \u2013 Haute app\u00e9tence \u2013 Facilit\u00e9 de digestion \u2013 Om\u00e9ga 3-6 &nbsp;  Composition : Morue (27%), Thon (27%), Figue (7% d\u00e9shydrat\u00e9e), Min\u00e9raux, Huile de saumon\" \/>\n<meta property=\"og:url\" content=\"https:\/\/symbioosi.fr\/index.php\/produit\/patee-a-la-morue-a-la-figue-naturea\/\" \/>\n<meta property=\"og:site_name\" content=\"SYMBIOOSI\" \/>\n<meta property=\"article:modified_time\" content=\"2022-05-10T18:45:00+00:00\" \/>\n<meta property=\"og:image\" content=\"https:\/\/symbioosi.fr\/wp-content\/uploads\/2021\/05\/DSC7410.jpg\" \/>\n\t<meta property=\"og:image:width\" content=\"1365\" \/>\n\t<meta property=\"og:image:height\" content=\"2048\" \/>\n<meta name=\"twitter:card\" content=\"summary_large_image\" \/>\n<meta name=\"twitter:label1\" content=\"Dur\u00e9e de lecture estim\u00e9e\" \/>\n\t<meta name=\"twitter:data1\" content=\"1 minute\" \/>\n<script type=\"application\/ld+json\" class=\"yoast-schema-graph\">{\"@context\":\"https:\/\/schema.org\",\"@graph\":[{\"@type\":[\"Person\",\"Organization\"],\"@id\":\"https:\/\/symbioosi.fr\/#\/schema\/person\/dd144bbfb16d0edb6ddd70911df0f8d7\",\"name\":\"Symbioosi\",\"image\":{\"@type\":\"ImageObject\",\"@id\":\"https:\/\/symbioosi.fr\/#personlogo\",\"inLanguage\":\"fr-FR\",\"url\":\"https:\/\/symbioosi.fr\/wp-content\/uploads\/2020\/04\/Sans-titre.png\",\"contentUrl\":\"https:\/\/symbioosi.fr\/wp-content\/uploads\/2020\/04\/Sans-titre.png\",\"width\":500,\"height\":500,\"caption\":\"Symbioosi\"},\"logo\":{\"@id\":\"https:\/\/symbioosi.fr\/#personlogo\"},\"sameAs\":[\"https:\/\/www.instagram.com\/symbioosi_store\/\"]},{\"@type\":\"WebSite\",\"@id\":\"https:\/\/symbioosi.fr\/#website\",\"url\":\"https:\/\/symbioosi.fr\/\",\"name\":\"SYMBIOOSI\",\"description\":\"Produits naturels et de qualit\\u00e9 pour chiens, chats, NAC...\",\"publisher\":{\"@id\":\"https:\/\/symbioosi.fr\/#\/schema\/person\/dd144bbfb16d0edb6ddd70911df0f8d7\"},\"potentialAction\":[{\"@type\":\"SearchAction\",\"target\":{\"@type\":\"EntryPoint\",\"urlTemplate\":\"https:\/\/symbioosi.fr\/?s={search_term_string}\"},\"query-input\":\"required name=search_term_string\"}],\"inLanguage\":\"fr-FR\"},{\"@type\":\"ImageObject\",\"@id\":\"https:\/\/symbioosi.fr\/index.php\/produit\/patee-a-la-morue-a-la-figue-naturea\/#primaryimage\",\"inLanguage\":\"fr-FR\",\"url\":\"https:\/\/symbioosi.fr\/wp-content\/uploads\/2021\/05\/DSC7410.jpg\",\"contentUrl\":\"https:\/\/symbioosi.fr\/wp-content\/uploads\/2021\/05\/DSC7410.jpg\",\"width\":1365,\"height\":2048},{\"@type\":\"WebPage\",\"@id\":\"https:\/\/symbioosi.fr\/index.php\/produit\/patee-a-la-morue-a-la-figue-naturea\/#webpage\",\"url\":\"https:\/\/symbioosi.fr\/index.php\/produit\/patee-a-la-morue-a-la-figue-naturea\/\",\"name\":\"P\\u00e2t\\u00e9e \\u00e0 la morue & \\u00e0 la figue - Naturea - SYMBIOOSI\",\"isPartOf\":{\"@id\":\"https:\/\/symbioosi.fr\/#website\"},\"primaryImageOfPage\":{\"@id\":\"https:\/\/symbioosi.fr\/index.php\/produit\/patee-a-la-morue-a-la-figue-naturea\/#primaryimage\"},\"datePublished\":\"2021-05-16T13:43:48+00:00\",\"dateModified\":\"2022-05-10T18:45:00+00:00\",\"breadcrumb\":{\"@id\":\"https:\/\/symbioosi.fr\/index.php\/produit\/patee-a-la-morue-a-la-figue-naturea\/#breadcrumb\"},\"inLanguage\":\"fr-FR\",\"potentialAction\":[{\"@type\":\"ReadAction\",\"target\":[\"https:\/\/symbioosi.fr\/index.php\/produit\/patee-a-la-morue-a-la-figue-naturea\/\"]}]},{\"@type\":\"BreadcrumbList\",\"@id\":\"https:\/\/symbioosi.fr\/index.php\/produit\/patee-a-la-morue-a-la-figue-naturea\/#breadcrumb\",\"itemListElement\":[{\"@type\":\"ListItem\",\"position\":1,\"name\":\"Accueil\",\"item\":\"https:\/\/symbioosi.fr\/\"},{\"@type\":\"ListItem\",\"position\":2,\"name\":\"Boutique\",\"item\":\"https:\/\/symbioosi.fr\/index.php\/boutique\/\"},{\"@type\":\"ListItem\",\"position\":3,\"name\":\"P\\u00e2t\\u00e9e \\u00e0 la morue &#038; \\u00e0 la figue &#8211; Naturea\"}]}]}<\/script>\n<!-- \/ Yoast SEO plugin. -->","yoast_head_json":{"title":"P\u00e2t\u00e9e \u00e0 la morue & \u00e0 la figue - Naturea - SYMBIOOSI","robots":{"index":"noindex","follow":"follow","max-snippet":"max-snippet:-1","max-image-preview":"max-image-preview:large","max-video-preview":"max-video-preview:-1"},"og_locale":"fr_FR","og_type":"article","og_title":"P\u00e2t\u00e9e \u00e0 la morue & \u00e0 la figue - Naturea - SYMBIOOSI","og_description":"Sans colorant artificiel, sans ajout de parfum, ni conservateur \u2013 Haute app\u00e9tence \u2013 Facilit\u00e9 de digestion \u2013 Om\u00e9ga 3-6 &nbsp;  Composition : Morue (27%), Thon (27%), Figue (7% d\u00e9shydrat\u00e9e), Min\u00e9raux, Huile de saumon","og_url":"https:\/\/symbioosi.fr\/index.php\/produit\/patee-a-la-morue-a-la-figue-naturea\/","og_site_name":"SYMBIOOSI","article_modified_time":"2022-05-10T18:45:00+00:00","og_image":[{"width":1365,"height":2048,"url":"https:\/\/symbioosi.fr\/wp-content\/uploads\/2021\/05\/DSC7410.jpg","type":"image\/jpeg"}],"twitter_card":"summary_large_image","twitter_misc":{"Dur\u00e9e de lecture estim\u00e9e":"1 minute"},"schema":{"@context":"https:\/\/schema.org","@graph":[{"@type":["Person","Organization"],"@id":"https:\/\/symbioosi.fr\/#\/schema\/person\/dd144bbfb16d0edb6ddd70911df0f8d7","name":"Symbioosi","image":{"@type":"ImageObject","@id":"https:\/\/symbioosi.fr\/#personlogo","inLanguage":"fr-FR","url":"https:\/\/symbioosi.fr\/wp-content\/uploads\/2020\/04\/Sans-titre.png","contentUrl":"https:\/\/symbioosi.fr\/wp-content\/uploads\/2020\/04\/Sans-titre.png","width":500,"height":500,"caption":"Symbioosi"},"logo":{"@id":"https:\/\/symbioosi.fr\/#personlogo"},"sameAs":["https:\/\/www.instagram.com\/symbioosi_store\/"]},{"@type":"WebSite","@id":"https:\/\/symbioosi.fr\/#website","url":"https:\/\/symbioosi.fr\/","name":"SYMBIOOSI","description":"Produits naturels et de qualit\u00e9 pour chiens, chats, NAC...","publisher":{"@id":"https:\/\/symbioosi.fr\/#\/schema\/person\/dd144bbfb16d0edb6ddd70911df0f8d7"},"potentialAction":[{"@type":"SearchAction","target":{"@type":"EntryPoint","urlTemplate":"https:\/\/symbioosi.fr\/?s={search_term_string}"},"query-input":"required name=search_term_string"}],"inLanguage":"fr-FR"},{"@type":"ImageObject","@id":"https:\/\/symbioosi.fr\/index.php\/produit\/patee-a-la-morue-a-la-figue-naturea\/#primaryimage","inLanguage":"fr-FR","url":"https:\/\/symbioosi.fr\/wp-content\/uploads\/2021\/05\/DSC7410.jpg","contentUrl":"https:\/\/symbioosi.fr\/wp-content\/uploads\/2021\/05\/DSC7410.jpg","width":1365,"height":2048},{"@type":"WebPage","@id":"https:\/\/symbioosi.fr\/index.php\/produit\/patee-a-la-morue-a-la-figue-naturea\/#webpage","url":"https:\/\/symbioosi.fr\/index.php\/produit\/patee-a-la-morue-a-la-figue-naturea\/","name":"P\u00e2t\u00e9e \u00e0 la morue & \u00e0 la figue - Naturea - SYMBIOOSI","isPartOf":{"@id":"https:\/\/symbioosi.fr\/#website"},"primaryImageOfPage":{"@id":"https:\/\/symbioosi.fr\/index.php\/produit\/patee-a-la-morue-a-la-figue-naturea\/#primaryimage"},"datePublished":"2021-05-16T13:43:48+00:00","dateModified":"2022-05-10T18:45:00+00:00","breadcrumb":{"@id":"https:\/\/symbioosi.fr\/index.php\/produit\/patee-a-la-morue-a-la-figue-naturea\/#breadcrumb"},"inLanguage":"fr-FR","potentialAction":[{"@type":"ReadAction","target":["https:\/\/symbioosi.fr\/index.php\/produit\/patee-a-la-morue-a-la-figue-naturea\/"]}]},{"@type":"BreadcrumbList","@id":"https:\/\/symbioosi.fr\/index.php\/produit\/patee-a-la-morue-a-la-figue-naturea\/#breadcrumb","itemListElement":[{"@type":"ListItem","position":1,"name":"Accueil","item":"https:\/\/symbioosi.fr\/"},{"@type":"ListItem","position":2,"name":"Boutique","item":"https:\/\/symbioosi.fr\/index.php\/boutique\/"},{"@type":"ListItem","position":3,"name":"P\u00e2t\u00e9e \u00e0 la morue &#038; \u00e0 la figue &#8211; Naturea"}]}]}},"_links":{"self":[{"href":"https:\/\/symbioosi.fr\/index.php\/wp-json\/wp\/v2\/product\/4067"}],"collection":[{"href":"https:\/\/symbioosi.fr\/index.php\/wp-json\/wp\/v2\/product"}],"about":[{"href":"https:\/\/symbioosi.fr\/index.php\/wp-json\/wp\/v2\/types\/product"}],"replies":[{"embeddable":true,"href":"https:\/\/symbioosi.fr\/index.php\/wp-json\/wp\/v2\/comments?post=4067"}],"wp:featuredmedia":[{"embeddable":true,"href":"https:\/\/symbioosi.fr\/index.php\/wp-json\/wp\/v2\/media\/5521"}],"wp:attachment":[{"href":"https:\/\/symbioosi.fr\/index.php\/wp-json\/wp\/v2\/media?parent=4067"}],"wp:term":[{"taxonomy":"product_cat","embeddable":true,"href":"https:\/\/symbioosi.fr\/index.php\/wp-json\/wp\/v2\/product_cat?post=4067"},{"taxonomy":"product_tag","embeddable":true,"href":"https:\/\/symbioosi.fr\/index.php\/wp-json\/wp\/v2\/product_tag?post=4067"}],"curies":[{"name":"wp","href":"https:\/\/api.w.org\/{rel}","templated":true}]}}