{"id":3542,"date":"2021-04-03T19:17:01","date_gmt":"2021-04-03T17:17:01","guid":{"rendered":"https:\/\/symbioosi.fr\/?post_type=product&#038;p=3542"},"modified":"2022-05-10T20:25:18","modified_gmt":"2022-05-10T18:25:18","slug":"groin-de-cochon","status":"publish","type":"product","link":"https:\/\/symbioosi.fr\/index.php\/produit\/groin-de-cochon\/","title":{"rendered":"Groin de cochon"},"content":{"rendered":"<p>Les groins sont la parfaite friandise d\u2019occupation pour vos jeunes chiens et une succulente d\u00e9gustation pour vos plus grands.<\/p>\n<p>En les mastiquant, vos compagnons peuvent alors att\u00e9nuer leurs \u00e9ventuelles douleurs dentaires de chiots.<\/p>\n<hr \/>\n<p><strong>Odeur :<\/strong> <strong><span style=\"color: #ff9900;\">\u00a0\u2666\u2666<\/span><span style=\"color: #808080;\">\u2666\u2666\u2666<\/span><\/strong><\/p>\n<p><strong>Consistance :<span style=\"color: #ff9900;\"> \u2666\u2666<\/span><span style=\"color: #808080;\">\u2666\u2666\u2666<\/span><\/strong><\/p>\n<p><strong>Taille :<\/strong> <strong><span style=\"color: #ff9900;\">\u2666\u2666<\/span><span style=\"color: #999999;\">\u2666\u2666\u2666<\/span><\/strong><\/p>\n<p><strong>Pour qui :\u00a0<\/strong>Tous les chiens \u00e0 partir de 4 mois.<\/p>\n<p><strong>Composition : <\/strong>100% groin de porc<\/p>\n<p><em>Comme ce sont des produits naturels, leur taille et leur texture peuvent varier.<\/em><\/p>\n<hr \/>\n<h5><em>Cassez en petits morceaux pour les petits chiens. Surveillez votre chien lorsque vous lui donnez un produit \u00e0 m\u00e2cher ou une friandise. Enlevez les morceaux cass\u00e9s ou de petites tailles afin de pr\u00e9venir un risque d\u2019\u00e9touffement. Veillez \u00e0 ce qu\u2019il est \u00e0 disposition de l\u2019eau fra\u00eeche \u00e0 tout moment. Conserver dans une boite herm\u00e9tique maximum 6 mois, dans un endroit frais, propre et sec. Ce produit est une friandise et n\u2019est pas destin\u00e9 \u00e0 \u00eatre donn\u00e9 comme repas. Non destin\u00e9 \u00e0 une consommation humaine.<\/em><\/h5>\n","protected":false},"excerpt":{"rendered":"<h4 style=\"text-align: center;\"><span style=\"color: #a36a00;\"><strong>100% naturel \u2013 Sans conservateur, ni colorant artificiel \u2013\u00a0Id\u00e9al pour les chiots\u00a0<\/strong><\/span><\/h4>\n<p>&nbsp;<\/p>\n<p><strong><em>Vendus \u00e0 l\u2019unit\u00e9.<\/em><\/strong><\/p>\n","protected":false},"featured_media":1534,"comment_status":"open","ping_status":"closed","template":"","meta":[],"product_cat":[319,238],"product_tag":[],"yoast_head":"<!-- This site is optimized with the Yoast SEO plugin v17.3 - https:\/\/yoast.com\/wordpress\/plugins\/seo\/ -->\n<title>Groin de cochon - SYMBIOOSI<\/title>\n<meta name=\"robots\" content=\"noindex, follow, max-snippet:-1, max-image-preview:large, max-video-preview:-1\" \/>\n<meta property=\"og:locale\" content=\"fr_FR\" \/>\n<meta property=\"og:type\" content=\"article\" \/>\n<meta property=\"og:title\" content=\"Groin de cochon - SYMBIOOSI\" \/>\n<meta property=\"og:description\" content=\"100% naturel \u2013 Sans conservateur, ni colorant artificiel \u2013\u00a0Id\u00e9al pour les chiots\u00a0 &nbsp;  Vendus \u00e0 l\u2019unit\u00e9.\" \/>\n<meta property=\"og:url\" content=\"https:\/\/symbioosi.fr\/index.php\/produit\/groin-de-cochon\/\" \/>\n<meta property=\"og:site_name\" content=\"SYMBIOOSI\" \/>\n<meta property=\"article:modified_time\" content=\"2022-05-10T18:25:18+00:00\" \/>\n<meta property=\"og:image\" content=\"https:\/\/symbioosi.fr\/wp-content\/uploads\/2020\/05\/IMG_7844-scaled.jpg\" \/>\n\t<meta property=\"og:image:width\" content=\"1920\" \/>\n\t<meta property=\"og:image:height\" content=\"2560\" \/>\n<meta name=\"twitter:card\" content=\"summary_large_image\" \/>\n<meta name=\"twitter:label1\" content=\"Dur\u00e9e de lecture estim\u00e9e\" \/>\n\t<meta name=\"twitter:data1\" content=\"1 minute\" \/>\n<script type=\"application\/ld+json\" class=\"yoast-schema-graph\">{\"@context\":\"https:\/\/schema.org\",\"@graph\":[{\"@type\":[\"Person\",\"Organization\"],\"@id\":\"https:\/\/symbioosi.fr\/#\/schema\/person\/dd144bbfb16d0edb6ddd70911df0f8d7\",\"name\":\"Symbioosi\",\"image\":{\"@type\":\"ImageObject\",\"@id\":\"https:\/\/symbioosi.fr\/#personlogo\",\"inLanguage\":\"fr-FR\",\"url\":\"https:\/\/symbioosi.fr\/wp-content\/uploads\/2020\/04\/Sans-titre.png\",\"contentUrl\":\"https:\/\/symbioosi.fr\/wp-content\/uploads\/2020\/04\/Sans-titre.png\",\"width\":500,\"height\":500,\"caption\":\"Symbioosi\"},\"logo\":{\"@id\":\"https:\/\/symbioosi.fr\/#personlogo\"},\"sameAs\":[\"https:\/\/www.instagram.com\/symbioosi_store\/\"]},{\"@type\":\"WebSite\",\"@id\":\"https:\/\/symbioosi.fr\/#website\",\"url\":\"https:\/\/symbioosi.fr\/\",\"name\":\"SYMBIOOSI\",\"description\":\"Produits naturels et de qualit\\u00e9 pour chiens, chats, NAC...\",\"publisher\":{\"@id\":\"https:\/\/symbioosi.fr\/#\/schema\/person\/dd144bbfb16d0edb6ddd70911df0f8d7\"},\"potentialAction\":[{\"@type\":\"SearchAction\",\"target\":{\"@type\":\"EntryPoint\",\"urlTemplate\":\"https:\/\/symbioosi.fr\/?s={search_term_string}\"},\"query-input\":\"required name=search_term_string\"}],\"inLanguage\":\"fr-FR\"},{\"@type\":\"ImageObject\",\"@id\":\"https:\/\/symbioosi.fr\/index.php\/produit\/groin-de-cochon\/#primaryimage\",\"inLanguage\":\"fr-FR\",\"url\":\"https:\/\/symbioosi.fr\/wp-content\/uploads\/2020\/05\/IMG_7844-scaled.jpg\",\"contentUrl\":\"https:\/\/symbioosi.fr\/wp-content\/uploads\/2020\/05\/IMG_7844-scaled.jpg\",\"width\":1920,\"height\":2560},{\"@type\":\"WebPage\",\"@id\":\"https:\/\/symbioosi.fr\/index.php\/produit\/groin-de-cochon\/#webpage\",\"url\":\"https:\/\/symbioosi.fr\/index.php\/produit\/groin-de-cochon\/\",\"name\":\"Groin de cochon - SYMBIOOSI\",\"isPartOf\":{\"@id\":\"https:\/\/symbioosi.fr\/#website\"},\"primaryImageOfPage\":{\"@id\":\"https:\/\/symbioosi.fr\/index.php\/produit\/groin-de-cochon\/#primaryimage\"},\"datePublished\":\"2021-04-03T17:17:01+00:00\",\"dateModified\":\"2022-05-10T18:25:18+00:00\",\"breadcrumb\":{\"@id\":\"https:\/\/symbioosi.fr\/index.php\/produit\/groin-de-cochon\/#breadcrumb\"},\"inLanguage\":\"fr-FR\",\"potentialAction\":[{\"@type\":\"ReadAction\",\"target\":[\"https:\/\/symbioosi.fr\/index.php\/produit\/groin-de-cochon\/\"]}]},{\"@type\":\"BreadcrumbList\",\"@id\":\"https:\/\/symbioosi.fr\/index.php\/produit\/groin-de-cochon\/#breadcrumb\",\"itemListElement\":[{\"@type\":\"ListItem\",\"position\":1,\"name\":\"Accueil\",\"item\":\"https:\/\/symbioosi.fr\/\"},{\"@type\":\"ListItem\",\"position\":2,\"name\":\"Boutique\",\"item\":\"https:\/\/symbioosi.fr\/index.php\/boutique\/\"},{\"@type\":\"ListItem\",\"position\":3,\"name\":\"Groin de cochon\"}]}]}<\/script>\n<!-- \/ Yoast SEO plugin. -->","yoast_head_json":{"title":"Groin de cochon - SYMBIOOSI","robots":{"index":"noindex","follow":"follow","max-snippet":"max-snippet:-1","max-image-preview":"max-image-preview:large","max-video-preview":"max-video-preview:-1"},"og_locale":"fr_FR","og_type":"article","og_title":"Groin de cochon - SYMBIOOSI","og_description":"100% naturel \u2013 Sans conservateur, ni colorant artificiel \u2013\u00a0Id\u00e9al pour les chiots\u00a0 &nbsp;  Vendus \u00e0 l\u2019unit\u00e9.","og_url":"https:\/\/symbioosi.fr\/index.php\/produit\/groin-de-cochon\/","og_site_name":"SYMBIOOSI","article_modified_time":"2022-05-10T18:25:18+00:00","og_image":[{"width":1920,"height":2560,"url":"https:\/\/symbioosi.fr\/wp-content\/uploads\/2020\/05\/IMG_7844-scaled.jpg","type":"image\/jpeg"}],"twitter_card":"summary_large_image","twitter_misc":{"Dur\u00e9e de lecture estim\u00e9e":"1 minute"},"schema":{"@context":"https:\/\/schema.org","@graph":[{"@type":["Person","Organization"],"@id":"https:\/\/symbioosi.fr\/#\/schema\/person\/dd144bbfb16d0edb6ddd70911df0f8d7","name":"Symbioosi","image":{"@type":"ImageObject","@id":"https:\/\/symbioosi.fr\/#personlogo","inLanguage":"fr-FR","url":"https:\/\/symbioosi.fr\/wp-content\/uploads\/2020\/04\/Sans-titre.png","contentUrl":"https:\/\/symbioosi.fr\/wp-content\/uploads\/2020\/04\/Sans-titre.png","width":500,"height":500,"caption":"Symbioosi"},"logo":{"@id":"https:\/\/symbioosi.fr\/#personlogo"},"sameAs":["https:\/\/www.instagram.com\/symbioosi_store\/"]},{"@type":"WebSite","@id":"https:\/\/symbioosi.fr\/#website","url":"https:\/\/symbioosi.fr\/","name":"SYMBIOOSI","description":"Produits naturels et de qualit\u00e9 pour chiens, chats, NAC...","publisher":{"@id":"https:\/\/symbioosi.fr\/#\/schema\/person\/dd144bbfb16d0edb6ddd70911df0f8d7"},"potentialAction":[{"@type":"SearchAction","target":{"@type":"EntryPoint","urlTemplate":"https:\/\/symbioosi.fr\/?s={search_term_string}"},"query-input":"required name=search_term_string"}],"inLanguage":"fr-FR"},{"@type":"ImageObject","@id":"https:\/\/symbioosi.fr\/index.php\/produit\/groin-de-cochon\/#primaryimage","inLanguage":"fr-FR","url":"https:\/\/symbioosi.fr\/wp-content\/uploads\/2020\/05\/IMG_7844-scaled.jpg","contentUrl":"https:\/\/symbioosi.fr\/wp-content\/uploads\/2020\/05\/IMG_7844-scaled.jpg","width":1920,"height":2560},{"@type":"WebPage","@id":"https:\/\/symbioosi.fr\/index.php\/produit\/groin-de-cochon\/#webpage","url":"https:\/\/symbioosi.fr\/index.php\/produit\/groin-de-cochon\/","name":"Groin de cochon - SYMBIOOSI","isPartOf":{"@id":"https:\/\/symbioosi.fr\/#website"},"primaryImageOfPage":{"@id":"https:\/\/symbioosi.fr\/index.php\/produit\/groin-de-cochon\/#primaryimage"},"datePublished":"2021-04-03T17:17:01+00:00","dateModified":"2022-05-10T18:25:18+00:00","breadcrumb":{"@id":"https:\/\/symbioosi.fr\/index.php\/produit\/groin-de-cochon\/#breadcrumb"},"inLanguage":"fr-FR","potentialAction":[{"@type":"ReadAction","target":["https:\/\/symbioosi.fr\/index.php\/produit\/groin-de-cochon\/"]}]},{"@type":"BreadcrumbList","@id":"https:\/\/symbioosi.fr\/index.php\/produit\/groin-de-cochon\/#breadcrumb","itemListElement":[{"@type":"ListItem","position":1,"name":"Accueil","item":"https:\/\/symbioosi.fr\/"},{"@type":"ListItem","position":2,"name":"Boutique","item":"https:\/\/symbioosi.fr\/index.php\/boutique\/"},{"@type":"ListItem","position":3,"name":"Groin de cochon"}]}]}},"_links":{"self":[{"href":"https:\/\/symbioosi.fr\/index.php\/wp-json\/wp\/v2\/product\/3542"}],"collection":[{"href":"https:\/\/symbioosi.fr\/index.php\/wp-json\/wp\/v2\/product"}],"about":[{"href":"https:\/\/symbioosi.fr\/index.php\/wp-json\/wp\/v2\/types\/product"}],"replies":[{"embeddable":true,"href":"https:\/\/symbioosi.fr\/index.php\/wp-json\/wp\/v2\/comments?post=3542"}],"wp:featuredmedia":[{"embeddable":true,"href":"https:\/\/symbioosi.fr\/index.php\/wp-json\/wp\/v2\/media\/1534"}],"wp:attachment":[{"href":"https:\/\/symbioosi.fr\/index.php\/wp-json\/wp\/v2\/media?parent=3542"}],"wp:term":[{"taxonomy":"product_cat","embeddable":true,"href":"https:\/\/symbioosi.fr\/index.php\/wp-json\/wp\/v2\/product_cat?post=3542"},{"taxonomy":"product_tag","embeddable":true,"href":"https:\/\/symbioosi.fr\/index.php\/wp-json\/wp\/v2\/product_tag?post=3542"}],"curies":[{"name":"wp","href":"https:\/\/api.w.org\/{rel}","templated":true}]}}