{"id":3494,"date":"2021-04-01T10:26:01","date_gmt":"2021-04-01T08:26:01","guid":{"rendered":"https:\/\/symbioosi.fr\/?post_type=product&#038;p=3494"},"modified":"2022-05-10T20:36:10","modified_gmt":"2022-05-10T18:36:10","slug":"soda-retro-sodapup","status":"publish","type":"product","link":"https:\/\/symbioosi.fr\/index.php\/produit\/soda-retro-sodapup\/","title":{"rendered":"Soda r\u00e9tro &#8211; Sodapup"},"content":{"rendered":"<p>Le Soda R\u00e9tro Sodapup va \u00eatre le meilleur ami de votre chien. Il r\u00e9duit l\u2019ennui et peut aider \u00e0 r\u00e9soudre les probl\u00e8mes d\u2019anxi\u00e9t\u00e9 de s\u00e9paration.<\/p>\n<p>Vous pouvez le remplir de croquettes pour un repas plus long, de friandises mais \u00e9galement de p\u00e2t\u00e9e congel\u00e9e pour un long moment gourmand. Le fait de l\u00e9cher lib\u00e8re des endorphines ce qui d\u00e9tend votre chien et l\u2019apaise.<\/p>\n<p>Ce jouet \u00e0 garnir<span class=\"a-list-item\">\u00a0est<\/span>\u00a0conforme \u00e0 la FDA, non toxique et biod\u00e9gradable.\u00a0Le caoutchouc est r\u00e9colt\u00e9 de mani\u00e8re durable, ce qui r\u00e9duit l\u2019empreinte carbone.<\/p>\n<p>Le Soda R\u00e9tro Sodapup se passe au lave-vaisselle sur le panier du haut et peut se congeler.<\/p>\n","protected":false},"excerpt":{"rendered":"<h4 style=\"text-align: center;\"><span style=\"color: #a36a00;\"><strong>Non toxique \u2013 Biod\u00e9gradable \u2013 Jouet \u00e0 remplir<\/strong><\/span><\/h4>\n<p>&nbsp;<\/p>\n<p><strong>Taille L (15-23 kgs)<\/strong><\/p>\n","protected":false},"featured_media":5038,"comment_status":"open","ping_status":"closed","template":"","meta":[],"product_cat":[235,286],"product_tag":[],"yoast_head":"<!-- This site is optimized with the Yoast SEO plugin v17.3 - https:\/\/yoast.com\/wordpress\/plugins\/seo\/ -->\n<title>Soda r\u00e9tro - Sodapup - SYMBIOOSI<\/title>\n<meta name=\"description\" content=\"Vous pouvez remplir le Soda R\u00e9tro Sodapup de croquettes pour un repas plus long, de friandises mais \u00e9galement de p\u00e2t\u00e9e congel\u00e9e\" \/>\n<meta name=\"robots\" content=\"noindex, follow, max-snippet:-1, max-image-preview:large, max-video-preview:-1\" \/>\n<meta property=\"og:locale\" content=\"fr_FR\" \/>\n<meta property=\"og:type\" content=\"article\" \/>\n<meta property=\"og:title\" content=\"Soda r\u00e9tro - Sodapup - SYMBIOOSI\" \/>\n<meta property=\"og:description\" content=\"Vous pouvez remplir le Soda R\u00e9tro Sodapup de croquettes pour un repas plus long, de friandises mais \u00e9galement de p\u00e2t\u00e9e congel\u00e9e\" \/>\n<meta property=\"og:url\" content=\"https:\/\/symbioosi.fr\/index.php\/produit\/soda-retro-sodapup\/\" \/>\n<meta property=\"og:site_name\" content=\"SYMBIOOSI\" \/>\n<meta property=\"article:modified_time\" content=\"2022-05-10T18:36:10+00:00\" \/>\n<meta property=\"og:image\" content=\"https:\/\/symbioosi.fr\/wp-content\/uploads\/2021\/04\/IMG_5069.jpg\" \/>\n\t<meta property=\"og:image:width\" content=\"1125\" \/>\n\t<meta property=\"og:image:height\" content=\"1673\" \/>\n<meta name=\"twitter:card\" content=\"summary_large_image\" \/>\n<meta name=\"twitter:label1\" content=\"Dur\u00e9e de lecture estim\u00e9e\" \/>\n\t<meta name=\"twitter:data1\" content=\"1 minute\" \/>\n<script type=\"application\/ld+json\" class=\"yoast-schema-graph\">{\"@context\":\"https:\/\/schema.org\",\"@graph\":[{\"@type\":[\"Person\",\"Organization\"],\"@id\":\"https:\/\/symbioosi.fr\/#\/schema\/person\/dd144bbfb16d0edb6ddd70911df0f8d7\",\"name\":\"Symbioosi\",\"image\":{\"@type\":\"ImageObject\",\"@id\":\"https:\/\/symbioosi.fr\/#personlogo\",\"inLanguage\":\"fr-FR\",\"url\":\"https:\/\/symbioosi.fr\/wp-content\/uploads\/2020\/04\/Sans-titre.png\",\"contentUrl\":\"https:\/\/symbioosi.fr\/wp-content\/uploads\/2020\/04\/Sans-titre.png\",\"width\":500,\"height\":500,\"caption\":\"Symbioosi\"},\"logo\":{\"@id\":\"https:\/\/symbioosi.fr\/#personlogo\"},\"sameAs\":[\"https:\/\/www.instagram.com\/symbioosi_store\/\"]},{\"@type\":\"WebSite\",\"@id\":\"https:\/\/symbioosi.fr\/#website\",\"url\":\"https:\/\/symbioosi.fr\/\",\"name\":\"SYMBIOOSI\",\"description\":\"Produits naturels et de qualit\\u00e9 pour chiens, chats, NAC...\",\"publisher\":{\"@id\":\"https:\/\/symbioosi.fr\/#\/schema\/person\/dd144bbfb16d0edb6ddd70911df0f8d7\"},\"potentialAction\":[{\"@type\":\"SearchAction\",\"target\":{\"@type\":\"EntryPoint\",\"urlTemplate\":\"https:\/\/symbioosi.fr\/?s={search_term_string}\"},\"query-input\":\"required name=search_term_string\"}],\"inLanguage\":\"fr-FR\"},{\"@type\":\"ImageObject\",\"@id\":\"https:\/\/symbioosi.fr\/index.php\/produit\/soda-retro-sodapup\/#primaryimage\",\"inLanguage\":\"fr-FR\",\"url\":\"https:\/\/symbioosi.fr\/wp-content\/uploads\/2021\/04\/IMG_5069.jpg\",\"contentUrl\":\"https:\/\/symbioosi.fr\/wp-content\/uploads\/2021\/04\/IMG_5069.jpg\",\"width\":1125,\"height\":1673},{\"@type\":\"WebPage\",\"@id\":\"https:\/\/symbioosi.fr\/index.php\/produit\/soda-retro-sodapup\/#webpage\",\"url\":\"https:\/\/symbioosi.fr\/index.php\/produit\/soda-retro-sodapup\/\",\"name\":\"Soda r\\u00e9tro - Sodapup - SYMBIOOSI\",\"isPartOf\":{\"@id\":\"https:\/\/symbioosi.fr\/#website\"},\"primaryImageOfPage\":{\"@id\":\"https:\/\/symbioosi.fr\/index.php\/produit\/soda-retro-sodapup\/#primaryimage\"},\"datePublished\":\"2021-04-01T08:26:01+00:00\",\"dateModified\":\"2022-05-10T18:36:10+00:00\",\"description\":\"Vous pouvez remplir le Soda R\\u00e9tro Sodapup de croquettes pour un repas plus long, de friandises mais \\u00e9galement de p\\u00e2t\\u00e9e congel\\u00e9e\",\"breadcrumb\":{\"@id\":\"https:\/\/symbioosi.fr\/index.php\/produit\/soda-retro-sodapup\/#breadcrumb\"},\"inLanguage\":\"fr-FR\",\"potentialAction\":[{\"@type\":\"ReadAction\",\"target\":[\"https:\/\/symbioosi.fr\/index.php\/produit\/soda-retro-sodapup\/\"]}]},{\"@type\":\"BreadcrumbList\",\"@id\":\"https:\/\/symbioosi.fr\/index.php\/produit\/soda-retro-sodapup\/#breadcrumb\",\"itemListElement\":[{\"@type\":\"ListItem\",\"position\":1,\"name\":\"Accueil\",\"item\":\"https:\/\/symbioosi.fr\/\"},{\"@type\":\"ListItem\",\"position\":2,\"name\":\"Boutique\",\"item\":\"https:\/\/symbioosi.fr\/index.php\/boutique\/\"},{\"@type\":\"ListItem\",\"position\":3,\"name\":\"Soda r\\u00e9tro &#8211; Sodapup\"}]}]}<\/script>\n<!-- \/ Yoast SEO plugin. -->","yoast_head_json":{"title":"Soda r\u00e9tro - Sodapup - SYMBIOOSI","description":"Vous pouvez remplir le Soda R\u00e9tro Sodapup de croquettes pour un repas plus long, de friandises mais \u00e9galement de p\u00e2t\u00e9e congel\u00e9e","robots":{"index":"noindex","follow":"follow","max-snippet":"max-snippet:-1","max-image-preview":"max-image-preview:large","max-video-preview":"max-video-preview:-1"},"og_locale":"fr_FR","og_type":"article","og_title":"Soda r\u00e9tro - Sodapup - SYMBIOOSI","og_description":"Vous pouvez remplir le Soda R\u00e9tro Sodapup de croquettes pour un repas plus long, de friandises mais \u00e9galement de p\u00e2t\u00e9e congel\u00e9e","og_url":"https:\/\/symbioosi.fr\/index.php\/produit\/soda-retro-sodapup\/","og_site_name":"SYMBIOOSI","article_modified_time":"2022-05-10T18:36:10+00:00","og_image":[{"width":1125,"height":1673,"url":"https:\/\/symbioosi.fr\/wp-content\/uploads\/2021\/04\/IMG_5069.jpg","type":"image\/jpeg"}],"twitter_card":"summary_large_image","twitter_misc":{"Dur\u00e9e de lecture estim\u00e9e":"1 minute"},"schema":{"@context":"https:\/\/schema.org","@graph":[{"@type":["Person","Organization"],"@id":"https:\/\/symbioosi.fr\/#\/schema\/person\/dd144bbfb16d0edb6ddd70911df0f8d7","name":"Symbioosi","image":{"@type":"ImageObject","@id":"https:\/\/symbioosi.fr\/#personlogo","inLanguage":"fr-FR","url":"https:\/\/symbioosi.fr\/wp-content\/uploads\/2020\/04\/Sans-titre.png","contentUrl":"https:\/\/symbioosi.fr\/wp-content\/uploads\/2020\/04\/Sans-titre.png","width":500,"height":500,"caption":"Symbioosi"},"logo":{"@id":"https:\/\/symbioosi.fr\/#personlogo"},"sameAs":["https:\/\/www.instagram.com\/symbioosi_store\/"]},{"@type":"WebSite","@id":"https:\/\/symbioosi.fr\/#website","url":"https:\/\/symbioosi.fr\/","name":"SYMBIOOSI","description":"Produits naturels et de qualit\u00e9 pour chiens, chats, NAC...","publisher":{"@id":"https:\/\/symbioosi.fr\/#\/schema\/person\/dd144bbfb16d0edb6ddd70911df0f8d7"},"potentialAction":[{"@type":"SearchAction","target":{"@type":"EntryPoint","urlTemplate":"https:\/\/symbioosi.fr\/?s={search_term_string}"},"query-input":"required name=search_term_string"}],"inLanguage":"fr-FR"},{"@type":"ImageObject","@id":"https:\/\/symbioosi.fr\/index.php\/produit\/soda-retro-sodapup\/#primaryimage","inLanguage":"fr-FR","url":"https:\/\/symbioosi.fr\/wp-content\/uploads\/2021\/04\/IMG_5069.jpg","contentUrl":"https:\/\/symbioosi.fr\/wp-content\/uploads\/2021\/04\/IMG_5069.jpg","width":1125,"height":1673},{"@type":"WebPage","@id":"https:\/\/symbioosi.fr\/index.php\/produit\/soda-retro-sodapup\/#webpage","url":"https:\/\/symbioosi.fr\/index.php\/produit\/soda-retro-sodapup\/","name":"Soda r\u00e9tro - Sodapup - SYMBIOOSI","isPartOf":{"@id":"https:\/\/symbioosi.fr\/#website"},"primaryImageOfPage":{"@id":"https:\/\/symbioosi.fr\/index.php\/produit\/soda-retro-sodapup\/#primaryimage"},"datePublished":"2021-04-01T08:26:01+00:00","dateModified":"2022-05-10T18:36:10+00:00","description":"Vous pouvez remplir le Soda R\u00e9tro Sodapup de croquettes pour un repas plus long, de friandises mais \u00e9galement de p\u00e2t\u00e9e congel\u00e9e","breadcrumb":{"@id":"https:\/\/symbioosi.fr\/index.php\/produit\/soda-retro-sodapup\/#breadcrumb"},"inLanguage":"fr-FR","potentialAction":[{"@type":"ReadAction","target":["https:\/\/symbioosi.fr\/index.php\/produit\/soda-retro-sodapup\/"]}]},{"@type":"BreadcrumbList","@id":"https:\/\/symbioosi.fr\/index.php\/produit\/soda-retro-sodapup\/#breadcrumb","itemListElement":[{"@type":"ListItem","position":1,"name":"Accueil","item":"https:\/\/symbioosi.fr\/"},{"@type":"ListItem","position":2,"name":"Boutique","item":"https:\/\/symbioosi.fr\/index.php\/boutique\/"},{"@type":"ListItem","position":3,"name":"Soda r\u00e9tro &#8211; Sodapup"}]}]}},"_links":{"self":[{"href":"https:\/\/symbioosi.fr\/index.php\/wp-json\/wp\/v2\/product\/3494"}],"collection":[{"href":"https:\/\/symbioosi.fr\/index.php\/wp-json\/wp\/v2\/product"}],"about":[{"href":"https:\/\/symbioosi.fr\/index.php\/wp-json\/wp\/v2\/types\/product"}],"replies":[{"embeddable":true,"href":"https:\/\/symbioosi.fr\/index.php\/wp-json\/wp\/v2\/comments?post=3494"}],"wp:featuredmedia":[{"embeddable":true,"href":"https:\/\/symbioosi.fr\/index.php\/wp-json\/wp\/v2\/media\/5038"}],"wp:attachment":[{"href":"https:\/\/symbioosi.fr\/index.php\/wp-json\/wp\/v2\/media?parent=3494"}],"wp:term":[{"taxonomy":"product_cat","embeddable":true,"href":"https:\/\/symbioosi.fr\/index.php\/wp-json\/wp\/v2\/product_cat?post=3494"},{"taxonomy":"product_tag","embeddable":true,"href":"https:\/\/symbioosi.fr\/index.php\/wp-json\/wp\/v2\/product_tag?post=3494"}],"curies":[{"name":"wp","href":"https:\/\/api.w.org\/{rel}","templated":true}]}}