{"id":2846,"date":"2021-02-11T14:14:26","date_gmt":"2021-02-11T13:14:26","guid":{"rendered":"https:\/\/symbioosi.fr\/?post_type=product&#038;p=2846"},"modified":"2022-05-10T20:37:42","modified_gmt":"2022-05-10T18:37:42","slug":"bouee-sauvetage-sodapup","status":"publish","type":"product","link":"https:\/\/symbioosi.fr\/index.php\/produit\/bouee-sauvetage-sodapup\/","title":{"rendered":"Bou\u00e9e sauvetage &#8211; Sodapup"},"content":{"rendered":"<p>La bou\u00e9e de sauvetage Sodapup va \u00eatre la meilleure amie de votre chien . Elle r\u00e9duit l\u2019ennui et peut aider \u00e0 r\u00e9soudre les probl\u00e8mes d\u2019anxi\u00e9t\u00e9 de s\u00e9paration.<\/p>\n<p>Vous pouvez la remplir de croquettes pour un repas plus long, de friandises mais \u00e9galement de p\u00e2t\u00e9e congel\u00e9e pour un long moment gourmand. Le fait de l\u00e9cher lib\u00e8re des endorphines ce qui d\u00e9tend votre chien et l\u2019apaise.<\/p>\n<p>Ce jouet \u00e0 garnir<span class=\"a-list-item\">\u00a0est<\/span>\u00a0conforme \u00e0 la FDA, non toxique et biod\u00e9gradable.\u00a0Le caoutchouc est r\u00e9colt\u00e9 de mani\u00e8re durable, ce qui r\u00e9duit l\u2019empreinte carbone.<\/p>\n<p>La bou\u00e9e de sauvetage se passe au lave-vaisselle sur le panier du haut et peut se congeler.<\/p>\n","protected":false},"excerpt":{"rendered":"<h4 style=\"text-align: center;\"><span style=\"color: #bf7c38;\"><strong>Non toxique \u2013 Biod\u00e9gradable \u2013 Jouet \u00e0 remplir<\/strong><\/span><\/h4>\n<p>&nbsp;<\/p>\n<p><strong>Taille L (15-30 kgs)<\/strong><\/p>\n<p><a href=\"https:\/\/symbioosi.fr\/index.php\/2021\/03\/16\/comment-choisir-sa-sodapup\/\" target=\"_blank\" rel=\"noopener\"><span style=\"color: #ff9900;\"><em><strong>\u2192 Guide pour choisir sa Sodapup !<\/strong><\/em><\/span><\/a><\/p>\n","protected":false},"featured_media":5044,"comment_status":"open","ping_status":"closed","template":"","meta":[],"product_cat":[235,286],"product_tag":[284],"yoast_head":"<!-- This site is optimized with the Yoast SEO plugin v17.3 - https:\/\/yoast.com\/wordpress\/plugins\/seo\/ -->\n<title>Bou\u00e9e sauvetage - Sodapup - SYMBIOOSI<\/title>\n<meta name=\"robots\" content=\"noindex, follow, max-snippet:-1, max-image-preview:large, max-video-preview:-1\" \/>\n<meta property=\"og:locale\" content=\"fr_FR\" \/>\n<meta property=\"og:type\" content=\"article\" \/>\n<meta property=\"og:title\" content=\"Bou\u00e9e sauvetage - Sodapup - SYMBIOOSI\" \/>\n<meta property=\"og:description\" content=\"Non toxique \u2013 Biod\u00e9gradable \u2013 Jouet \u00e0 remplir &nbsp;  Taille L (15-30 kgs)  \u2192 Guide pour choisir sa Sodapup !\" \/>\n<meta property=\"og:url\" content=\"https:\/\/symbioosi.fr\/index.php\/produit\/bouee-sauvetage-sodapup\/\" \/>\n<meta property=\"og:site_name\" content=\"SYMBIOOSI\" \/>\n<meta property=\"article:modified_time\" content=\"2022-05-10T18:37:42+00:00\" \/>\n<meta property=\"og:image\" content=\"https:\/\/symbioosi.fr\/wp-content\/uploads\/2021\/02\/IMG_5077.jpg\" \/>\n\t<meta property=\"og:image:width\" content=\"1125\" \/>\n\t<meta property=\"og:image:height\" content=\"1670\" \/>\n<meta name=\"twitter:card\" content=\"summary_large_image\" \/>\n<meta name=\"twitter:label1\" content=\"Dur\u00e9e de lecture estim\u00e9e\" \/>\n\t<meta name=\"twitter:data1\" content=\"1 minute\" \/>\n<script type=\"application\/ld+json\" class=\"yoast-schema-graph\">{\"@context\":\"https:\/\/schema.org\",\"@graph\":[{\"@type\":[\"Person\",\"Organization\"],\"@id\":\"https:\/\/symbioosi.fr\/#\/schema\/person\/dd144bbfb16d0edb6ddd70911df0f8d7\",\"name\":\"Symbioosi\",\"image\":{\"@type\":\"ImageObject\",\"@id\":\"https:\/\/symbioosi.fr\/#personlogo\",\"inLanguage\":\"fr-FR\",\"url\":\"https:\/\/symbioosi.fr\/wp-content\/uploads\/2020\/04\/Sans-titre.png\",\"contentUrl\":\"https:\/\/symbioosi.fr\/wp-content\/uploads\/2020\/04\/Sans-titre.png\",\"width\":500,\"height\":500,\"caption\":\"Symbioosi\"},\"logo\":{\"@id\":\"https:\/\/symbioosi.fr\/#personlogo\"},\"sameAs\":[\"https:\/\/www.instagram.com\/symbioosi_store\/\"]},{\"@type\":\"WebSite\",\"@id\":\"https:\/\/symbioosi.fr\/#website\",\"url\":\"https:\/\/symbioosi.fr\/\",\"name\":\"SYMBIOOSI\",\"description\":\"Produits naturels et de qualit\\u00e9 pour chiens, chats, NAC...\",\"publisher\":{\"@id\":\"https:\/\/symbioosi.fr\/#\/schema\/person\/dd144bbfb16d0edb6ddd70911df0f8d7\"},\"potentialAction\":[{\"@type\":\"SearchAction\",\"target\":{\"@type\":\"EntryPoint\",\"urlTemplate\":\"https:\/\/symbioosi.fr\/?s={search_term_string}\"},\"query-input\":\"required name=search_term_string\"}],\"inLanguage\":\"fr-FR\"},{\"@type\":\"ImageObject\",\"@id\":\"https:\/\/symbioosi.fr\/index.php\/produit\/bouee-sauvetage-sodapup\/#primaryimage\",\"inLanguage\":\"fr-FR\",\"url\":\"https:\/\/symbioosi.fr\/wp-content\/uploads\/2021\/02\/IMG_5077.jpg\",\"contentUrl\":\"https:\/\/symbioosi.fr\/wp-content\/uploads\/2021\/02\/IMG_5077.jpg\",\"width\":1125,\"height\":1670},{\"@type\":\"WebPage\",\"@id\":\"https:\/\/symbioosi.fr\/index.php\/produit\/bouee-sauvetage-sodapup\/#webpage\",\"url\":\"https:\/\/symbioosi.fr\/index.php\/produit\/bouee-sauvetage-sodapup\/\",\"name\":\"Bou\\u00e9e sauvetage - Sodapup - SYMBIOOSI\",\"isPartOf\":{\"@id\":\"https:\/\/symbioosi.fr\/#website\"},\"primaryImageOfPage\":{\"@id\":\"https:\/\/symbioosi.fr\/index.php\/produit\/bouee-sauvetage-sodapup\/#primaryimage\"},\"datePublished\":\"2021-02-11T13:14:26+00:00\",\"dateModified\":\"2022-05-10T18:37:42+00:00\",\"breadcrumb\":{\"@id\":\"https:\/\/symbioosi.fr\/index.php\/produit\/bouee-sauvetage-sodapup\/#breadcrumb\"},\"inLanguage\":\"fr-FR\",\"potentialAction\":[{\"@type\":\"ReadAction\",\"target\":[\"https:\/\/symbioosi.fr\/index.php\/produit\/bouee-sauvetage-sodapup\/\"]}]},{\"@type\":\"BreadcrumbList\",\"@id\":\"https:\/\/symbioosi.fr\/index.php\/produit\/bouee-sauvetage-sodapup\/#breadcrumb\",\"itemListElement\":[{\"@type\":\"ListItem\",\"position\":1,\"name\":\"Accueil\",\"item\":\"https:\/\/symbioosi.fr\/\"},{\"@type\":\"ListItem\",\"position\":2,\"name\":\"Boutique\",\"item\":\"https:\/\/symbioosi.fr\/index.php\/boutique\/\"},{\"@type\":\"ListItem\",\"position\":3,\"name\":\"Bou\\u00e9e sauvetage &#8211; Sodapup\"}]}]}<\/script>\n<!-- \/ Yoast SEO plugin. -->","yoast_head_json":{"title":"Bou\u00e9e sauvetage - Sodapup - SYMBIOOSI","robots":{"index":"noindex","follow":"follow","max-snippet":"max-snippet:-1","max-image-preview":"max-image-preview:large","max-video-preview":"max-video-preview:-1"},"og_locale":"fr_FR","og_type":"article","og_title":"Bou\u00e9e sauvetage - Sodapup - SYMBIOOSI","og_description":"Non toxique \u2013 Biod\u00e9gradable \u2013 Jouet \u00e0 remplir &nbsp;  Taille L (15-30 kgs)  \u2192 Guide pour choisir sa Sodapup !","og_url":"https:\/\/symbioosi.fr\/index.php\/produit\/bouee-sauvetage-sodapup\/","og_site_name":"SYMBIOOSI","article_modified_time":"2022-05-10T18:37:42+00:00","og_image":[{"width":1125,"height":1670,"url":"https:\/\/symbioosi.fr\/wp-content\/uploads\/2021\/02\/IMG_5077.jpg","type":"image\/jpeg"}],"twitter_card":"summary_large_image","twitter_misc":{"Dur\u00e9e de lecture estim\u00e9e":"1 minute"},"schema":{"@context":"https:\/\/schema.org","@graph":[{"@type":["Person","Organization"],"@id":"https:\/\/symbioosi.fr\/#\/schema\/person\/dd144bbfb16d0edb6ddd70911df0f8d7","name":"Symbioosi","image":{"@type":"ImageObject","@id":"https:\/\/symbioosi.fr\/#personlogo","inLanguage":"fr-FR","url":"https:\/\/symbioosi.fr\/wp-content\/uploads\/2020\/04\/Sans-titre.png","contentUrl":"https:\/\/symbioosi.fr\/wp-content\/uploads\/2020\/04\/Sans-titre.png","width":500,"height":500,"caption":"Symbioosi"},"logo":{"@id":"https:\/\/symbioosi.fr\/#personlogo"},"sameAs":["https:\/\/www.instagram.com\/symbioosi_store\/"]},{"@type":"WebSite","@id":"https:\/\/symbioosi.fr\/#website","url":"https:\/\/symbioosi.fr\/","name":"SYMBIOOSI","description":"Produits naturels et de qualit\u00e9 pour chiens, chats, NAC...","publisher":{"@id":"https:\/\/symbioosi.fr\/#\/schema\/person\/dd144bbfb16d0edb6ddd70911df0f8d7"},"potentialAction":[{"@type":"SearchAction","target":{"@type":"EntryPoint","urlTemplate":"https:\/\/symbioosi.fr\/?s={search_term_string}"},"query-input":"required name=search_term_string"}],"inLanguage":"fr-FR"},{"@type":"ImageObject","@id":"https:\/\/symbioosi.fr\/index.php\/produit\/bouee-sauvetage-sodapup\/#primaryimage","inLanguage":"fr-FR","url":"https:\/\/symbioosi.fr\/wp-content\/uploads\/2021\/02\/IMG_5077.jpg","contentUrl":"https:\/\/symbioosi.fr\/wp-content\/uploads\/2021\/02\/IMG_5077.jpg","width":1125,"height":1670},{"@type":"WebPage","@id":"https:\/\/symbioosi.fr\/index.php\/produit\/bouee-sauvetage-sodapup\/#webpage","url":"https:\/\/symbioosi.fr\/index.php\/produit\/bouee-sauvetage-sodapup\/","name":"Bou\u00e9e sauvetage - Sodapup - SYMBIOOSI","isPartOf":{"@id":"https:\/\/symbioosi.fr\/#website"},"primaryImageOfPage":{"@id":"https:\/\/symbioosi.fr\/index.php\/produit\/bouee-sauvetage-sodapup\/#primaryimage"},"datePublished":"2021-02-11T13:14:26+00:00","dateModified":"2022-05-10T18:37:42+00:00","breadcrumb":{"@id":"https:\/\/symbioosi.fr\/index.php\/produit\/bouee-sauvetage-sodapup\/#breadcrumb"},"inLanguage":"fr-FR","potentialAction":[{"@type":"ReadAction","target":["https:\/\/symbioosi.fr\/index.php\/produit\/bouee-sauvetage-sodapup\/"]}]},{"@type":"BreadcrumbList","@id":"https:\/\/symbioosi.fr\/index.php\/produit\/bouee-sauvetage-sodapup\/#breadcrumb","itemListElement":[{"@type":"ListItem","position":1,"name":"Accueil","item":"https:\/\/symbioosi.fr\/"},{"@type":"ListItem","position":2,"name":"Boutique","item":"https:\/\/symbioosi.fr\/index.php\/boutique\/"},{"@type":"ListItem","position":3,"name":"Bou\u00e9e sauvetage &#8211; Sodapup"}]}]}},"_links":{"self":[{"href":"https:\/\/symbioosi.fr\/index.php\/wp-json\/wp\/v2\/product\/2846"}],"collection":[{"href":"https:\/\/symbioosi.fr\/index.php\/wp-json\/wp\/v2\/product"}],"about":[{"href":"https:\/\/symbioosi.fr\/index.php\/wp-json\/wp\/v2\/types\/product"}],"replies":[{"embeddable":true,"href":"https:\/\/symbioosi.fr\/index.php\/wp-json\/wp\/v2\/comments?post=2846"}],"wp:featuredmedia":[{"embeddable":true,"href":"https:\/\/symbioosi.fr\/index.php\/wp-json\/wp\/v2\/media\/5044"}],"wp:attachment":[{"href":"https:\/\/symbioosi.fr\/index.php\/wp-json\/wp\/v2\/media?parent=2846"}],"wp:term":[{"taxonomy":"product_cat","embeddable":true,"href":"https:\/\/symbioosi.fr\/index.php\/wp-json\/wp\/v2\/product_cat?post=2846"},{"taxonomy":"product_tag","embeddable":true,"href":"https:\/\/symbioosi.fr\/index.php\/wp-json\/wp\/v2\/product_tag?post=2846"}],"curies":[{"name":"wp","href":"https:\/\/api.w.org\/{rel}","templated":true}]}}