{"id":2349,"date":"2020-12-09T23:27:30","date_gmt":"2020-12-09T22:27:30","guid":{"rendered":"https:\/\/symbioosi.fr\/?post_type=product&#038;p=2349"},"modified":"2022-05-20T15:21:07","modified_gmt":"2022-05-20T13:21:07","slug":"oreilles-agneau","status":"publish","type":"product","link":"https:\/\/symbioosi.fr\/index.php\/produit\/oreilles-agneau\/","title":{"rendered":"Oreilles d&#8217;agneau"},"content":{"rendered":"<p><span class=\"tlid-translation translation\" lang=\"fr\" xml:lang=\"fr\"><span title=\"\">Les oreilles d&#8217;agneau pour chien sont id\u00e9ales pour les chiots et les chiens vieillissants pour plusieurs raisons. En effet, ce sont des sources naturelles de chondro\u00eftine mais elles sont \u00e9galement assez tendres.\u00a0<\/span><\/span><\/p>\n<p>Cependant, elles peuvent \u00eatre un parfait encas masticatoire pour les chiens adultes pour contribuer a leur bonne <span class=\"tlid-translation translation\" lang=\"fr\" xml:lang=\"fr\"><span title=\"\">hygi\u00e8ne bucco-dentaire.<\/span><\/span><\/p>\n<p>Elles sont \u00e9galement tr\u00e8s faciles \u00e0 dig\u00e9rer,<span class=\"tlid-translation translation\" lang=\"fr\" xml:lang=\"fr\"><span title=\"\">\u00a0riches en\u00a0<\/span><\/span><span class=\"tlid-translation translation\" lang=\"fr\" xml:lang=\"fr\"><span title=\"\">prot\u00e9ines<\/span>\u00a0et h<\/span><span class=\"tlid-translation translation\" lang=\"fr\" xml:lang=\"fr\"><span title=\"\">ypoallerg\u00e9niques.\u00a0<\/span><\/span><\/p>\n<hr \/>\n<p><strong>Odeur :<\/strong> <strong><span style=\"color: #808080;\"><span style=\"color: #bf7c39;\"><span style=\"color: #000000;\"><span style=\"color: #ffcc00;\">\u2666\u2666\u2666<\/span><\/span><\/span>\u2666\u2666<\/span><\/strong><\/p>\n<p><strong>Consistance :\u00a0<\/strong><strong><span style=\"color: #808080;\"><span style=\"color: #bf7c39;\"><span style=\"color: #000000;\"><span style=\"color: #ffcc00;\">\u2666<span style=\"color: #808080;\">\u2666\u2666\u2666\u2666<\/span><\/span><\/span><\/span><\/span><\/strong><\/p>\n<p><strong>Taille :<\/strong> <strong><span style=\"color: #808080;\"><span style=\"color: #bf7c39;\"><span style=\"color: #000000;\"><span style=\"color: #ffcc00;\">\u2666<span style=\"color: #808080;\">\u2666\u2666\u2666\u2666<\/span><\/span><\/span><\/span><\/span><\/strong><\/p>\n<p><strong>Pour qui :\u00a0<\/strong>Tous les chiens \u00e0 partir de 3 mois<\/p>\n<p><strong>Composition : <\/strong>100% oreilles d&#8217;agneau<\/p>\n<p><em>Comme ce sont des produits naturels, leur taille et leur texture peuvent varier.<\/em><\/p>\n<hr \/>\n<h5><em>Cassez en petits morceaux pour les petits chiens. Surveillez votre chien lorsque vous lui donnez un produit \u00e0 m\u00e2cher ou une friandise. Enlevez les morceaux cass\u00e9s ou de petites tailles afin de pr\u00e9venir un risque d\u2019\u00e9touffement. Veillez \u00e0 ce qu\u2019il est \u00e0 disposition de l\u2019eau fra\u00eeche \u00e0 tout moment. Conserver dans une boite herm\u00e9tique maximum 6 mois, dans un endroit frais, propre et sec. Ce produit est une friandise et n\u2019est pas destin\u00e9 \u00e0 \u00eatre donn\u00e9 comme repas. Non destin\u00e9 \u00e0 une consommation humaine.<\/em><\/h5>\n","protected":false},"excerpt":{"rendered":"<h4 style=\"text-align: center;\"><span style=\"color: #bf7c39;\"><strong>100% naturelles &#8211; Parfaites pour les chiots<\/strong><\/span><\/h4>\n<p>&nbsp;<\/p>\n<p><strong>Vendues aux 100g.<\/strong><\/p>\n","protected":false},"featured_media":5873,"comment_status":"open","ping_status":"closed","template":"","meta":[],"product_cat":[238],"product_tag":[],"yoast_head":"<!-- This site is optimized with the Yoast SEO plugin v17.3 - https:\/\/yoast.com\/wordpress\/plugins\/seo\/ -->\n<title>Oreilles d&#039;agneau pour chien en VRAC - SYMBIOOSI<\/title>\n<meta name=\"robots\" content=\"noindex, follow, max-snippet:-1, max-image-preview:large, max-video-preview:-1\" \/>\n<meta property=\"og:locale\" content=\"fr_FR\" \/>\n<meta property=\"og:type\" content=\"article\" \/>\n<meta property=\"og:title\" content=\"Oreilles d&#039;agneau pour chien en VRAC - SYMBIOOSI\" \/>\n<meta property=\"og:description\" content=\"100% naturelles - Parfaites pour les chiots &nbsp;  Vendues aux 100g.\" \/>\n<meta property=\"og:url\" content=\"https:\/\/symbioosi.fr\/index.php\/produit\/oreilles-agneau\/\" \/>\n<meta property=\"og:site_name\" content=\"SYMBIOOSI\" \/>\n<meta property=\"article:modified_time\" content=\"2022-05-20T13:21:07+00:00\" \/>\n<meta property=\"og:image\" content=\"https:\/\/symbioosi.fr\/wp-content\/uploads\/2020\/12\/IMG_8649-scaled.jpg\" \/>\n\t<meta property=\"og:image:width\" content=\"1920\" \/>\n\t<meta property=\"og:image:height\" content=\"2560\" \/>\n<meta name=\"twitter:card\" content=\"summary_large_image\" \/>\n<meta name=\"twitter:label1\" content=\"Dur\u00e9e de lecture estim\u00e9e\" \/>\n\t<meta name=\"twitter:data1\" content=\"1 minute\" \/>\n<script type=\"application\/ld+json\" class=\"yoast-schema-graph\">{\"@context\":\"https:\/\/schema.org\",\"@graph\":[{\"@type\":[\"Person\",\"Organization\"],\"@id\":\"https:\/\/symbioosi.fr\/#\/schema\/person\/dd144bbfb16d0edb6ddd70911df0f8d7\",\"name\":\"Symbioosi\",\"image\":{\"@type\":\"ImageObject\",\"@id\":\"https:\/\/symbioosi.fr\/#personlogo\",\"inLanguage\":\"fr-FR\",\"url\":\"https:\/\/symbioosi.fr\/wp-content\/uploads\/2020\/04\/Sans-titre.png\",\"contentUrl\":\"https:\/\/symbioosi.fr\/wp-content\/uploads\/2020\/04\/Sans-titre.png\",\"width\":500,\"height\":500,\"caption\":\"Symbioosi\"},\"logo\":{\"@id\":\"https:\/\/symbioosi.fr\/#personlogo\"},\"sameAs\":[\"https:\/\/www.instagram.com\/symbioosi_store\/\"]},{\"@type\":\"WebSite\",\"@id\":\"https:\/\/symbioosi.fr\/#website\",\"url\":\"https:\/\/symbioosi.fr\/\",\"name\":\"SYMBIOOSI\",\"description\":\"Produits naturels et de qualit\\u00e9 pour chiens, chats, NAC...\",\"publisher\":{\"@id\":\"https:\/\/symbioosi.fr\/#\/schema\/person\/dd144bbfb16d0edb6ddd70911df0f8d7\"},\"potentialAction\":[{\"@type\":\"SearchAction\",\"target\":{\"@type\":\"EntryPoint\",\"urlTemplate\":\"https:\/\/symbioosi.fr\/?s={search_term_string}\"},\"query-input\":\"required name=search_term_string\"}],\"inLanguage\":\"fr-FR\"},{\"@type\":\"ImageObject\",\"@id\":\"https:\/\/symbioosi.fr\/index.php\/produit\/oreilles-agneau\/#primaryimage\",\"inLanguage\":\"fr-FR\",\"url\":\"https:\/\/symbioosi.fr\/wp-content\/uploads\/2020\/12\/IMG_8649-scaled.jpg\",\"contentUrl\":\"https:\/\/symbioosi.fr\/wp-content\/uploads\/2020\/12\/IMG_8649-scaled.jpg\",\"width\":1920,\"height\":2560,\"caption\":\"oreilles-agneau\"},{\"@type\":\"WebPage\",\"@id\":\"https:\/\/symbioosi.fr\/index.php\/produit\/oreilles-agneau\/#webpage\",\"url\":\"https:\/\/symbioosi.fr\/index.php\/produit\/oreilles-agneau\/\",\"name\":\"Oreilles d'agneau pour chien en VRAC - SYMBIOOSI\",\"isPartOf\":{\"@id\":\"https:\/\/symbioosi.fr\/#website\"},\"primaryImageOfPage\":{\"@id\":\"https:\/\/symbioosi.fr\/index.php\/produit\/oreilles-agneau\/#primaryimage\"},\"datePublished\":\"2020-12-09T22:27:30+00:00\",\"dateModified\":\"2022-05-20T13:21:07+00:00\",\"breadcrumb\":{\"@id\":\"https:\/\/symbioosi.fr\/index.php\/produit\/oreilles-agneau\/#breadcrumb\"},\"inLanguage\":\"fr-FR\",\"potentialAction\":[{\"@type\":\"ReadAction\",\"target\":[\"https:\/\/symbioosi.fr\/index.php\/produit\/oreilles-agneau\/\"]}]},{\"@type\":\"BreadcrumbList\",\"@id\":\"https:\/\/symbioosi.fr\/index.php\/produit\/oreilles-agneau\/#breadcrumb\",\"itemListElement\":[{\"@type\":\"ListItem\",\"position\":1,\"name\":\"Accueil\",\"item\":\"https:\/\/symbioosi.fr\/\"},{\"@type\":\"ListItem\",\"position\":2,\"name\":\"Boutique\",\"item\":\"https:\/\/symbioosi.fr\/index.php\/boutique\/\"},{\"@type\":\"ListItem\",\"position\":3,\"name\":\"Oreilles d&#8217;agneau\"}]}]}<\/script>\n<!-- \/ Yoast SEO plugin. -->","yoast_head_json":{"title":"Oreilles d'agneau pour chien en VRAC - SYMBIOOSI","robots":{"index":"noindex","follow":"follow","max-snippet":"max-snippet:-1","max-image-preview":"max-image-preview:large","max-video-preview":"max-video-preview:-1"},"og_locale":"fr_FR","og_type":"article","og_title":"Oreilles d'agneau pour chien en VRAC - SYMBIOOSI","og_description":"100% naturelles - Parfaites pour les chiots &nbsp;  Vendues aux 100g.","og_url":"https:\/\/symbioosi.fr\/index.php\/produit\/oreilles-agneau\/","og_site_name":"SYMBIOOSI","article_modified_time":"2022-05-20T13:21:07+00:00","og_image":[{"width":1920,"height":2560,"url":"https:\/\/symbioosi.fr\/wp-content\/uploads\/2020\/12\/IMG_8649-scaled.jpg","type":"image\/jpeg"}],"twitter_card":"summary_large_image","twitter_misc":{"Dur\u00e9e de lecture estim\u00e9e":"1 minute"},"schema":{"@context":"https:\/\/schema.org","@graph":[{"@type":["Person","Organization"],"@id":"https:\/\/symbioosi.fr\/#\/schema\/person\/dd144bbfb16d0edb6ddd70911df0f8d7","name":"Symbioosi","image":{"@type":"ImageObject","@id":"https:\/\/symbioosi.fr\/#personlogo","inLanguage":"fr-FR","url":"https:\/\/symbioosi.fr\/wp-content\/uploads\/2020\/04\/Sans-titre.png","contentUrl":"https:\/\/symbioosi.fr\/wp-content\/uploads\/2020\/04\/Sans-titre.png","width":500,"height":500,"caption":"Symbioosi"},"logo":{"@id":"https:\/\/symbioosi.fr\/#personlogo"},"sameAs":["https:\/\/www.instagram.com\/symbioosi_store\/"]},{"@type":"WebSite","@id":"https:\/\/symbioosi.fr\/#website","url":"https:\/\/symbioosi.fr\/","name":"SYMBIOOSI","description":"Produits naturels et de qualit\u00e9 pour chiens, chats, NAC...","publisher":{"@id":"https:\/\/symbioosi.fr\/#\/schema\/person\/dd144bbfb16d0edb6ddd70911df0f8d7"},"potentialAction":[{"@type":"SearchAction","target":{"@type":"EntryPoint","urlTemplate":"https:\/\/symbioosi.fr\/?s={search_term_string}"},"query-input":"required name=search_term_string"}],"inLanguage":"fr-FR"},{"@type":"ImageObject","@id":"https:\/\/symbioosi.fr\/index.php\/produit\/oreilles-agneau\/#primaryimage","inLanguage":"fr-FR","url":"https:\/\/symbioosi.fr\/wp-content\/uploads\/2020\/12\/IMG_8649-scaled.jpg","contentUrl":"https:\/\/symbioosi.fr\/wp-content\/uploads\/2020\/12\/IMG_8649-scaled.jpg","width":1920,"height":2560,"caption":"oreilles-agneau"},{"@type":"WebPage","@id":"https:\/\/symbioosi.fr\/index.php\/produit\/oreilles-agneau\/#webpage","url":"https:\/\/symbioosi.fr\/index.php\/produit\/oreilles-agneau\/","name":"Oreilles d'agneau pour chien en VRAC - SYMBIOOSI","isPartOf":{"@id":"https:\/\/symbioosi.fr\/#website"},"primaryImageOfPage":{"@id":"https:\/\/symbioosi.fr\/index.php\/produit\/oreilles-agneau\/#primaryimage"},"datePublished":"2020-12-09T22:27:30+00:00","dateModified":"2022-05-20T13:21:07+00:00","breadcrumb":{"@id":"https:\/\/symbioosi.fr\/index.php\/produit\/oreilles-agneau\/#breadcrumb"},"inLanguage":"fr-FR","potentialAction":[{"@type":"ReadAction","target":["https:\/\/symbioosi.fr\/index.php\/produit\/oreilles-agneau\/"]}]},{"@type":"BreadcrumbList","@id":"https:\/\/symbioosi.fr\/index.php\/produit\/oreilles-agneau\/#breadcrumb","itemListElement":[{"@type":"ListItem","position":1,"name":"Accueil","item":"https:\/\/symbioosi.fr\/"},{"@type":"ListItem","position":2,"name":"Boutique","item":"https:\/\/symbioosi.fr\/index.php\/boutique\/"},{"@type":"ListItem","position":3,"name":"Oreilles d&#8217;agneau"}]}]}},"_links":{"self":[{"href":"https:\/\/symbioosi.fr\/index.php\/wp-json\/wp\/v2\/product\/2349"}],"collection":[{"href":"https:\/\/symbioosi.fr\/index.php\/wp-json\/wp\/v2\/product"}],"about":[{"href":"https:\/\/symbioosi.fr\/index.php\/wp-json\/wp\/v2\/types\/product"}],"replies":[{"embeddable":true,"href":"https:\/\/symbioosi.fr\/index.php\/wp-json\/wp\/v2\/comments?post=2349"}],"wp:featuredmedia":[{"embeddable":true,"href":"https:\/\/symbioosi.fr\/index.php\/wp-json\/wp\/v2\/media\/5873"}],"wp:attachment":[{"href":"https:\/\/symbioosi.fr\/index.php\/wp-json\/wp\/v2\/media?parent=2349"}],"wp:term":[{"taxonomy":"product_cat","embeddable":true,"href":"https:\/\/symbioosi.fr\/index.php\/wp-json\/wp\/v2\/product_cat?post=2349"},{"taxonomy":"product_tag","embeddable":true,"href":"https:\/\/symbioosi.fr\/index.php\/wp-json\/wp\/v2\/product_tag?post=2349"}],"curies":[{"name":"wp","href":"https:\/\/api.w.org\/{rel}","templated":true}]}}