{"id":2270,"date":"2020-12-06T10:43:33","date_gmt":"2020-12-06T09:43:33","guid":{"rendered":"https:\/\/symbioosi.fr\/?post_type=product&#038;p=2270"},"modified":"2022-05-10T20:41:14","modified_gmt":"2022-05-10T18:41:14","slug":"articulations-les-recettes-de-daniel-chien","status":"publish","type":"product","link":"https:\/\/symbioosi.fr\/index.php\/produit\/articulations-les-recettes-de-daniel-chien\/","title":{"rendered":"Articulations &#8211; Les recettes de Daniel"},"content":{"rendered":"<p dir=\"ltr\">Cette association de plusieurs plantes apaise et a un effet anti-inflammatoires qui soulage, apaise et r\u00e9pare les articulations des chiens, chats, NAC. Ce m\u00e9lange contient de l\u2019harpagophytum reconnue pour ses vertus anti-inflammatoires. De plus, on peut y retrouver du glucosamine et de la chondro\u00eetine qui permettent de r\u00e9g\u00e9n\u00e9rer les articulations.<\/p>\n<p dir=\"ltr\">Ce produit est donc conseill\u00e9 lors de croissances douloureuses, pour aider le chien sportif ou pour soulager les animaux vieillissants.<\/p>\n<p><strong><span style=\"color: #bf7c39;\">Composition :<\/span> <\/strong>Sulfate de glucosamine 50 000 mg\/kg et sulfate de chondro\u00eftine 30 000 mg\/kg, ma\u00efs issu de l\u2019agriculture biologique, m\u00e9lasse issue de l\u2019agriculture biologique, biscuit, Harpagophytum, calendula, pens\u00e9e sauvage, thym, geni\u00e8vre baie, lavandin, saule blanc, ang\u00e9lique.<\/p>\n<p><span style=\"color: #bf7c39;\"><strong>Quantit\u00e9s recommand\u00e9es :\u00a0<\/strong><\/span><\/p>\n<ul>\n<li><strong>Chiens &#8211; chiots<\/strong> : 10ml pour 10Kg de poids\/sujet.<\/li>\n<li><strong>Chats\/Furets &#8211; chatons<\/strong> : 5ml pour 3Kg de poids de sujet.<\/li>\n<\/ul>\n<p>&#8211;&gt; 2 \u00e0 3 fois par an selon les besoins, en cure de 15 jours ou en continu pour les sujets \u00e2g\u00e9s.<\/p>\n<p>&#8211;&gt; Pour la premi\u00e8re utilisation, doubler les doses la premi\u00e8re semaine si n\u00e9cessaire.<\/p>\n<p>&nbsp;<\/p>\n<blockquote><p><em>En cas de doute n&#8217;h\u00e9sitez pas \u00e0 demander l&#8217;avis de votre v\u00e9t\u00e9rinaire.\u00a0<\/em><\/p><\/blockquote>\n","protected":false},"excerpt":{"rendered":"<h4 style=\"text-align: center;\"><span style=\"color: #bf7c39;\"><strong>R\u00e9duit les probl\u00e8mes articulaires &#8211;\u00a0<\/strong><strong>Apaise les contractures musculaires<\/strong><\/span><\/h4>\n<p>&nbsp;<\/p>\n","protected":false},"featured_media":2278,"comment_status":"open","ping_status":"closed","template":"","meta":[],"product_cat":[261,262,320],"product_tag":[],"yoast_head":"<!-- This site is optimized with the Yoast SEO plugin v17.3 - https:\/\/yoast.com\/wordpress\/plugins\/seo\/ -->\n<title>Articulations - Les recettes de Daniel (chien, chat, NAC)- SYMBIOOSI<\/title>\n<meta name=\"description\" content=\"Ce soin articulations est conseill\u00e9 lors de la croissance, pour soutenir les articulations ou pour soulager les animaux vieillissans.\" \/>\n<meta name=\"robots\" content=\"noindex, follow, max-snippet:-1, max-image-preview:large, max-video-preview:-1\" \/>\n<meta property=\"og:locale\" content=\"fr_FR\" \/>\n<meta property=\"og:type\" content=\"article\" \/>\n<meta property=\"og:title\" content=\"Articulations - Les recettes de Daniel (chien, chat, NAC)- SYMBIOOSI\" \/>\n<meta property=\"og:description\" content=\"Ce soin articulations est conseill\u00e9 lors de la croissance, pour soutenir les articulations ou pour soulager les animaux vieillissans.\" \/>\n<meta property=\"og:url\" content=\"https:\/\/symbioosi.fr\/index.php\/produit\/articulations-les-recettes-de-daniel-chien\/\" \/>\n<meta property=\"og:site_name\" content=\"SYMBIOOSI\" \/>\n<meta property=\"article:modified_time\" content=\"2022-05-10T18:41:14+00:00\" \/>\n<meta property=\"og:image\" content=\"https:\/\/symbioosi.fr\/wp-content\/uploads\/2020\/12\/articulations-recettes-daniel-scaled.jpg\" \/>\n\t<meta property=\"og:image:width\" content=\"1920\" \/>\n\t<meta property=\"og:image:height\" content=\"2560\" \/>\n<meta name=\"twitter:card\" content=\"summary_large_image\" \/>\n<meta name=\"twitter:label1\" content=\"Dur\u00e9e de lecture estim\u00e9e\" \/>\n\t<meta name=\"twitter:data1\" content=\"1 minute\" \/>\n<script type=\"application\/ld+json\" class=\"yoast-schema-graph\">{\"@context\":\"https:\/\/schema.org\",\"@graph\":[{\"@type\":[\"Person\",\"Organization\"],\"@id\":\"https:\/\/symbioosi.fr\/#\/schema\/person\/dd144bbfb16d0edb6ddd70911df0f8d7\",\"name\":\"Symbioosi\",\"image\":{\"@type\":\"ImageObject\",\"@id\":\"https:\/\/symbioosi.fr\/#personlogo\",\"inLanguage\":\"fr-FR\",\"url\":\"https:\/\/symbioosi.fr\/wp-content\/uploads\/2020\/04\/Sans-titre.png\",\"contentUrl\":\"https:\/\/symbioosi.fr\/wp-content\/uploads\/2020\/04\/Sans-titre.png\",\"width\":500,\"height\":500,\"caption\":\"Symbioosi\"},\"logo\":{\"@id\":\"https:\/\/symbioosi.fr\/#personlogo\"},\"sameAs\":[\"https:\/\/www.instagram.com\/symbioosi_store\/\"]},{\"@type\":\"WebSite\",\"@id\":\"https:\/\/symbioosi.fr\/#website\",\"url\":\"https:\/\/symbioosi.fr\/\",\"name\":\"SYMBIOOSI\",\"description\":\"Produits naturels et de qualit\\u00e9 pour chiens, chats, NAC...\",\"publisher\":{\"@id\":\"https:\/\/symbioosi.fr\/#\/schema\/person\/dd144bbfb16d0edb6ddd70911df0f8d7\"},\"potentialAction\":[{\"@type\":\"SearchAction\",\"target\":{\"@type\":\"EntryPoint\",\"urlTemplate\":\"https:\/\/symbioosi.fr\/?s={search_term_string}\"},\"query-input\":\"required name=search_term_string\"}],\"inLanguage\":\"fr-FR\"},{\"@type\":\"ImageObject\",\"@id\":\"https:\/\/symbioosi.fr\/index.php\/produit\/articulations-les-recettes-de-daniel-chien\/#primaryimage\",\"inLanguage\":\"fr-FR\",\"url\":\"https:\/\/symbioosi.fr\/wp-content\/uploads\/2020\/12\/articulations-recettes-daniel-scaled.jpg\",\"contentUrl\":\"https:\/\/symbioosi.fr\/wp-content\/uploads\/2020\/12\/articulations-recettes-daniel-scaled.jpg\",\"width\":1920,\"height\":2560},{\"@type\":\"WebPage\",\"@id\":\"https:\/\/symbioosi.fr\/index.php\/produit\/articulations-les-recettes-de-daniel-chien\/#webpage\",\"url\":\"https:\/\/symbioosi.fr\/index.php\/produit\/articulations-les-recettes-de-daniel-chien\/\",\"name\":\"Articulations - Les recettes de Daniel (chien, chat, NAC)- SYMBIOOSI\",\"isPartOf\":{\"@id\":\"https:\/\/symbioosi.fr\/#website\"},\"primaryImageOfPage\":{\"@id\":\"https:\/\/symbioosi.fr\/index.php\/produit\/articulations-les-recettes-de-daniel-chien\/#primaryimage\"},\"datePublished\":\"2020-12-06T09:43:33+00:00\",\"dateModified\":\"2022-05-10T18:41:14+00:00\",\"description\":\"Ce soin articulations est conseill\\u00e9 lors de la croissance, pour soutenir les articulations ou pour soulager les animaux vieillissans.\",\"breadcrumb\":{\"@id\":\"https:\/\/symbioosi.fr\/index.php\/produit\/articulations-les-recettes-de-daniel-chien\/#breadcrumb\"},\"inLanguage\":\"fr-FR\",\"potentialAction\":[{\"@type\":\"ReadAction\",\"target\":[\"https:\/\/symbioosi.fr\/index.php\/produit\/articulations-les-recettes-de-daniel-chien\/\"]}]},{\"@type\":\"BreadcrumbList\",\"@id\":\"https:\/\/symbioosi.fr\/index.php\/produit\/articulations-les-recettes-de-daniel-chien\/#breadcrumb\",\"itemListElement\":[{\"@type\":\"ListItem\",\"position\":1,\"name\":\"Accueil\",\"item\":\"https:\/\/symbioosi.fr\/\"},{\"@type\":\"ListItem\",\"position\":2,\"name\":\"Boutique\",\"item\":\"https:\/\/symbioosi.fr\/index.php\/boutique\/\"},{\"@type\":\"ListItem\",\"position\":3,\"name\":\"Articulations &#8211; Les recettes de Daniel\"}]}]}<\/script>\n<!-- \/ Yoast SEO plugin. -->","yoast_head_json":{"title":"Articulations - Les recettes de Daniel (chien, chat, NAC)- SYMBIOOSI","description":"Ce soin articulations est conseill\u00e9 lors de la croissance, pour soutenir les articulations ou pour soulager les animaux vieillissans.","robots":{"index":"noindex","follow":"follow","max-snippet":"max-snippet:-1","max-image-preview":"max-image-preview:large","max-video-preview":"max-video-preview:-1"},"og_locale":"fr_FR","og_type":"article","og_title":"Articulations - Les recettes de Daniel (chien, chat, NAC)- SYMBIOOSI","og_description":"Ce soin articulations est conseill\u00e9 lors de la croissance, pour soutenir les articulations ou pour soulager les animaux vieillissans.","og_url":"https:\/\/symbioosi.fr\/index.php\/produit\/articulations-les-recettes-de-daniel-chien\/","og_site_name":"SYMBIOOSI","article_modified_time":"2022-05-10T18:41:14+00:00","og_image":[{"width":1920,"height":2560,"url":"https:\/\/symbioosi.fr\/wp-content\/uploads\/2020\/12\/articulations-recettes-daniel-scaled.jpg","type":"image\/jpeg"}],"twitter_card":"summary_large_image","twitter_misc":{"Dur\u00e9e de lecture estim\u00e9e":"1 minute"},"schema":{"@context":"https:\/\/schema.org","@graph":[{"@type":["Person","Organization"],"@id":"https:\/\/symbioosi.fr\/#\/schema\/person\/dd144bbfb16d0edb6ddd70911df0f8d7","name":"Symbioosi","image":{"@type":"ImageObject","@id":"https:\/\/symbioosi.fr\/#personlogo","inLanguage":"fr-FR","url":"https:\/\/symbioosi.fr\/wp-content\/uploads\/2020\/04\/Sans-titre.png","contentUrl":"https:\/\/symbioosi.fr\/wp-content\/uploads\/2020\/04\/Sans-titre.png","width":500,"height":500,"caption":"Symbioosi"},"logo":{"@id":"https:\/\/symbioosi.fr\/#personlogo"},"sameAs":["https:\/\/www.instagram.com\/symbioosi_store\/"]},{"@type":"WebSite","@id":"https:\/\/symbioosi.fr\/#website","url":"https:\/\/symbioosi.fr\/","name":"SYMBIOOSI","description":"Produits naturels et de qualit\u00e9 pour chiens, chats, NAC...","publisher":{"@id":"https:\/\/symbioosi.fr\/#\/schema\/person\/dd144bbfb16d0edb6ddd70911df0f8d7"},"potentialAction":[{"@type":"SearchAction","target":{"@type":"EntryPoint","urlTemplate":"https:\/\/symbioosi.fr\/?s={search_term_string}"},"query-input":"required name=search_term_string"}],"inLanguage":"fr-FR"},{"@type":"ImageObject","@id":"https:\/\/symbioosi.fr\/index.php\/produit\/articulations-les-recettes-de-daniel-chien\/#primaryimage","inLanguage":"fr-FR","url":"https:\/\/symbioosi.fr\/wp-content\/uploads\/2020\/12\/articulations-recettes-daniel-scaled.jpg","contentUrl":"https:\/\/symbioosi.fr\/wp-content\/uploads\/2020\/12\/articulations-recettes-daniel-scaled.jpg","width":1920,"height":2560},{"@type":"WebPage","@id":"https:\/\/symbioosi.fr\/index.php\/produit\/articulations-les-recettes-de-daniel-chien\/#webpage","url":"https:\/\/symbioosi.fr\/index.php\/produit\/articulations-les-recettes-de-daniel-chien\/","name":"Articulations - Les recettes de Daniel (chien, chat, NAC)- SYMBIOOSI","isPartOf":{"@id":"https:\/\/symbioosi.fr\/#website"},"primaryImageOfPage":{"@id":"https:\/\/symbioosi.fr\/index.php\/produit\/articulations-les-recettes-de-daniel-chien\/#primaryimage"},"datePublished":"2020-12-06T09:43:33+00:00","dateModified":"2022-05-10T18:41:14+00:00","description":"Ce soin articulations est conseill\u00e9 lors de la croissance, pour soutenir les articulations ou pour soulager les animaux vieillissans.","breadcrumb":{"@id":"https:\/\/symbioosi.fr\/index.php\/produit\/articulations-les-recettes-de-daniel-chien\/#breadcrumb"},"inLanguage":"fr-FR","potentialAction":[{"@type":"ReadAction","target":["https:\/\/symbioosi.fr\/index.php\/produit\/articulations-les-recettes-de-daniel-chien\/"]}]},{"@type":"BreadcrumbList","@id":"https:\/\/symbioosi.fr\/index.php\/produit\/articulations-les-recettes-de-daniel-chien\/#breadcrumb","itemListElement":[{"@type":"ListItem","position":1,"name":"Accueil","item":"https:\/\/symbioosi.fr\/"},{"@type":"ListItem","position":2,"name":"Boutique","item":"https:\/\/symbioosi.fr\/index.php\/boutique\/"},{"@type":"ListItem","position":3,"name":"Articulations &#8211; Les recettes de Daniel"}]}]}},"_links":{"self":[{"href":"https:\/\/symbioosi.fr\/index.php\/wp-json\/wp\/v2\/product\/2270"}],"collection":[{"href":"https:\/\/symbioosi.fr\/index.php\/wp-json\/wp\/v2\/product"}],"about":[{"href":"https:\/\/symbioosi.fr\/index.php\/wp-json\/wp\/v2\/types\/product"}],"replies":[{"embeddable":true,"href":"https:\/\/symbioosi.fr\/index.php\/wp-json\/wp\/v2\/comments?post=2270"}],"wp:featuredmedia":[{"embeddable":true,"href":"https:\/\/symbioosi.fr\/index.php\/wp-json\/wp\/v2\/media\/2278"}],"wp:attachment":[{"href":"https:\/\/symbioosi.fr\/index.php\/wp-json\/wp\/v2\/media?parent=2270"}],"wp:term":[{"taxonomy":"product_cat","embeddable":true,"href":"https:\/\/symbioosi.fr\/index.php\/wp-json\/wp\/v2\/product_cat?post=2270"},{"taxonomy":"product_tag","embeddable":true,"href":"https:\/\/symbioosi.fr\/index.php\/wp-json\/wp\/v2\/product_tag?post=2270"}],"curies":[{"name":"wp","href":"https:\/\/api.w.org\/{rel}","templated":true}]}}