{"id":2247,"date":"2020-12-04T22:40:47","date_gmt":"2020-12-04T21:40:47","guid":{"rendered":"https:\/\/symbioosi.fr\/?post_type=product&#038;p=2247"},"modified":"2022-05-10T20:41:55","modified_gmt":"2022-05-10T18:41:55","slug":"huile-de-foie-de-morue-les-recettes-de-daniel","status":"publish","type":"product","link":"https:\/\/symbioosi.fr\/index.php\/produit\/huile-de-foie-de-morue-les-recettes-de-daniel\/","title":{"rendered":"Huile de foie de morue &#8211; Les recettes de Daniel"},"content":{"rendered":"<p>L&#8217;huile de foie de morue doit \u00eatre distribu\u00e9e en cure de\u00a0<em><strong>dix jours<\/strong><\/em>. Riche en lipides et donc particuli\u00e8rement calorique, elle est utilis\u00e9e afin de pr\u00e9parer votre chien \u00e0 l\u2019effort sportif et en r\u00e9cup\u00e9ration pour soulager les douleurs musculaires.<\/p>\n<p>Cette huile est \u00e9galement b\u00e9n\u00e9fique pour la chienne en gestation pour lui apporter l&#8217;\u00e9nergie n\u00e9cessaire \u00e0 son organisme. Chez le chiot, sa teneur importante en vitamine D lui permettra de mieux fixer le calcium et ainsi d\u2019optimiser sa croissance.<\/p>\n<p><strong><span style=\"color: #bf7c39;\">Composition :<\/span> <\/strong>Eau, huile de foie de morue extraite de la fonte des foies frais, huile de poissons, chlorure de magn\u00e9sium, gomme de xanthane (E415), gomme d\u2019acacia (E414), vitamine E (E307), chlorure de calcium (E509), sorbate de potassium (E202), acide sorbique (E200), iodure de potassium (3b201).<\/p>\n<p><strong><span style=\"color: #bf7c39;\">Quantit\u00e9, en cuill\u00e8res \u00e0 soupe, selon le poids :<\/span><\/strong><\/p>\n<ul>\n<li>&lt; 10 KG = \u00bd \u00e0 1 cuill\u00e8re<\/li>\n<li>10 \u00e0 25 Kg = 1 \u00e0 2 cuill\u00e8res<\/li>\n<li>25 \u00e0 50 Kg = 2 \u00e0 3 cuill\u00e8res<\/li>\n<li>&gt; 50 Kg = 3 \u00e0 4 cuill\u00e8res<\/li>\n<\/ul>\n<p>&nbsp;<\/p>\n<blockquote><p><em>En cas de doute n&#8217;h\u00e9sitez pas \u00e0 demander l&#8217;avis de votre v\u00e9t\u00e9rinaire.\u00a0<\/em><\/p><\/blockquote>\n","protected":false},"excerpt":{"rendered":"<h4><span style=\"color: #bf7c39;\"><strong>Apporte de la vitalit\u00e9 &#8211;\u00a0<\/strong><strong>Pr\u00e9paration \u00e0 l\u2019effort \/ R\u00e9cup\u00e9ration apr\u00e8s l\u2019effort &#8211;\u00a0<\/strong><strong>Tr\u00e8s app\u00e8tent<\/strong><\/span><\/h4>\n","protected":false},"featured_media":2281,"comment_status":"open","ping_status":"closed","template":"","meta":[],"product_cat":[261,262,320],"product_tag":[],"yoast_head":"<!-- This site is optimized with the Yoast SEO plugin v17.3 - https:\/\/yoast.com\/wordpress\/plugins\/seo\/ -->\n<title>Huile de foie de morue - Les recettes de Daniel - SYMBIOOSI<\/title>\n<meta name=\"description\" content=\"L&#039;huile de foie de morue est riche en lipides et donc particuli\u00e8rement calorique, elle peut \u00eatre distribu\u00e9e en cure de d&#039;une dizaine de jours.\" \/>\n<meta name=\"robots\" content=\"noindex, follow, max-snippet:-1, max-image-preview:large, max-video-preview:-1\" \/>\n<meta property=\"og:locale\" content=\"fr_FR\" \/>\n<meta property=\"og:type\" content=\"article\" \/>\n<meta property=\"og:title\" content=\"Huile de foie de morue - Les recettes de Daniel - SYMBIOOSI\" \/>\n<meta property=\"og:description\" content=\"L&#039;huile de foie de morue est riche en lipides et donc particuli\u00e8rement calorique, elle peut \u00eatre distribu\u00e9e en cure de d&#039;une dizaine de jours.\" \/>\n<meta property=\"og:url\" content=\"https:\/\/symbioosi.fr\/index.php\/produit\/huile-de-foie-de-morue-les-recettes-de-daniel\/\" \/>\n<meta property=\"og:site_name\" content=\"SYMBIOOSI\" \/>\n<meta property=\"article:modified_time\" content=\"2022-05-10T18:41:55+00:00\" \/>\n<meta property=\"og:image\" content=\"https:\/\/symbioosi.fr\/wp-content\/uploads\/2020\/12\/huile-foie-morue-recettes-daniel-scaled-e1607266698935.jpg\" \/>\n\t<meta property=\"og:image:width\" content=\"1920\" \/>\n\t<meta property=\"og:image:height\" content=\"2284\" \/>\n<meta name=\"twitter:card\" content=\"summary_large_image\" \/>\n<meta name=\"twitter:label1\" content=\"Dur\u00e9e de lecture estim\u00e9e\" \/>\n\t<meta name=\"twitter:data1\" content=\"1 minute\" \/>\n<script type=\"application\/ld+json\" class=\"yoast-schema-graph\">{\"@context\":\"https:\/\/schema.org\",\"@graph\":[{\"@type\":[\"Person\",\"Organization\"],\"@id\":\"https:\/\/symbioosi.fr\/#\/schema\/person\/dd144bbfb16d0edb6ddd70911df0f8d7\",\"name\":\"Symbioosi\",\"image\":{\"@type\":\"ImageObject\",\"@id\":\"https:\/\/symbioosi.fr\/#personlogo\",\"inLanguage\":\"fr-FR\",\"url\":\"https:\/\/symbioosi.fr\/wp-content\/uploads\/2020\/04\/Sans-titre.png\",\"contentUrl\":\"https:\/\/symbioosi.fr\/wp-content\/uploads\/2020\/04\/Sans-titre.png\",\"width\":500,\"height\":500,\"caption\":\"Symbioosi\"},\"logo\":{\"@id\":\"https:\/\/symbioosi.fr\/#personlogo\"},\"sameAs\":[\"https:\/\/www.instagram.com\/symbioosi_store\/\"]},{\"@type\":\"WebSite\",\"@id\":\"https:\/\/symbioosi.fr\/#website\",\"url\":\"https:\/\/symbioosi.fr\/\",\"name\":\"SYMBIOOSI\",\"description\":\"Produits naturels et de qualit\\u00e9 pour chiens, chats, NAC...\",\"publisher\":{\"@id\":\"https:\/\/symbioosi.fr\/#\/schema\/person\/dd144bbfb16d0edb6ddd70911df0f8d7\"},\"potentialAction\":[{\"@type\":\"SearchAction\",\"target\":{\"@type\":\"EntryPoint\",\"urlTemplate\":\"https:\/\/symbioosi.fr\/?s={search_term_string}\"},\"query-input\":\"required name=search_term_string\"}],\"inLanguage\":\"fr-FR\"},{\"@type\":\"ImageObject\",\"@id\":\"https:\/\/symbioosi.fr\/index.php\/produit\/huile-de-foie-de-morue-les-recettes-de-daniel\/#primaryimage\",\"inLanguage\":\"fr-FR\",\"url\":\"https:\/\/symbioosi.fr\/wp-content\/uploads\/2020\/12\/huile-foie-morue-recettes-daniel-scaled-e1607266698935.jpg\",\"contentUrl\":\"https:\/\/symbioosi.fr\/wp-content\/uploads\/2020\/12\/huile-foie-morue-recettes-daniel-scaled-e1607266698935.jpg\",\"width\":1920,\"height\":2284},{\"@type\":\"WebPage\",\"@id\":\"https:\/\/symbioosi.fr\/index.php\/produit\/huile-de-foie-de-morue-les-recettes-de-daniel\/#webpage\",\"url\":\"https:\/\/symbioosi.fr\/index.php\/produit\/huile-de-foie-de-morue-les-recettes-de-daniel\/\",\"name\":\"Huile de foie de morue - Les recettes de Daniel - SYMBIOOSI\",\"isPartOf\":{\"@id\":\"https:\/\/symbioosi.fr\/#website\"},\"primaryImageOfPage\":{\"@id\":\"https:\/\/symbioosi.fr\/index.php\/produit\/huile-de-foie-de-morue-les-recettes-de-daniel\/#primaryimage\"},\"datePublished\":\"2020-12-04T21:40:47+00:00\",\"dateModified\":\"2022-05-10T18:41:55+00:00\",\"description\":\"L'huile de foie de morue est riche en lipides et donc particuli\\u00e8rement calorique, elle peut \\u00eatre distribu\\u00e9e en cure de d'une dizaine de jours.\",\"breadcrumb\":{\"@id\":\"https:\/\/symbioosi.fr\/index.php\/produit\/huile-de-foie-de-morue-les-recettes-de-daniel\/#breadcrumb\"},\"inLanguage\":\"fr-FR\",\"potentialAction\":[{\"@type\":\"ReadAction\",\"target\":[\"https:\/\/symbioosi.fr\/index.php\/produit\/huile-de-foie-de-morue-les-recettes-de-daniel\/\"]}]},{\"@type\":\"BreadcrumbList\",\"@id\":\"https:\/\/symbioosi.fr\/index.php\/produit\/huile-de-foie-de-morue-les-recettes-de-daniel\/#breadcrumb\",\"itemListElement\":[{\"@type\":\"ListItem\",\"position\":1,\"name\":\"Accueil\",\"item\":\"https:\/\/symbioosi.fr\/\"},{\"@type\":\"ListItem\",\"position\":2,\"name\":\"Boutique\",\"item\":\"https:\/\/symbioosi.fr\/index.php\/boutique\/\"},{\"@type\":\"ListItem\",\"position\":3,\"name\":\"Huile de foie de morue &#8211; Les recettes de Daniel\"}]}]}<\/script>\n<!-- \/ Yoast SEO plugin. -->","yoast_head_json":{"title":"Huile de foie de morue - Les recettes de Daniel - SYMBIOOSI","description":"L'huile de foie de morue est riche en lipides et donc particuli\u00e8rement calorique, elle peut \u00eatre distribu\u00e9e en cure de d'une dizaine de jours.","robots":{"index":"noindex","follow":"follow","max-snippet":"max-snippet:-1","max-image-preview":"max-image-preview:large","max-video-preview":"max-video-preview:-1"},"og_locale":"fr_FR","og_type":"article","og_title":"Huile de foie de morue - Les recettes de Daniel - SYMBIOOSI","og_description":"L'huile de foie de morue est riche en lipides et donc particuli\u00e8rement calorique, elle peut \u00eatre distribu\u00e9e en cure de d'une dizaine de jours.","og_url":"https:\/\/symbioosi.fr\/index.php\/produit\/huile-de-foie-de-morue-les-recettes-de-daniel\/","og_site_name":"SYMBIOOSI","article_modified_time":"2022-05-10T18:41:55+00:00","og_image":[{"width":1920,"height":2284,"url":"https:\/\/symbioosi.fr\/wp-content\/uploads\/2020\/12\/huile-foie-morue-recettes-daniel-scaled-e1607266698935.jpg","type":"image\/jpeg"}],"twitter_card":"summary_large_image","twitter_misc":{"Dur\u00e9e de lecture estim\u00e9e":"1 minute"},"schema":{"@context":"https:\/\/schema.org","@graph":[{"@type":["Person","Organization"],"@id":"https:\/\/symbioosi.fr\/#\/schema\/person\/dd144bbfb16d0edb6ddd70911df0f8d7","name":"Symbioosi","image":{"@type":"ImageObject","@id":"https:\/\/symbioosi.fr\/#personlogo","inLanguage":"fr-FR","url":"https:\/\/symbioosi.fr\/wp-content\/uploads\/2020\/04\/Sans-titre.png","contentUrl":"https:\/\/symbioosi.fr\/wp-content\/uploads\/2020\/04\/Sans-titre.png","width":500,"height":500,"caption":"Symbioosi"},"logo":{"@id":"https:\/\/symbioosi.fr\/#personlogo"},"sameAs":["https:\/\/www.instagram.com\/symbioosi_store\/"]},{"@type":"WebSite","@id":"https:\/\/symbioosi.fr\/#website","url":"https:\/\/symbioosi.fr\/","name":"SYMBIOOSI","description":"Produits naturels et de qualit\u00e9 pour chiens, chats, NAC...","publisher":{"@id":"https:\/\/symbioosi.fr\/#\/schema\/person\/dd144bbfb16d0edb6ddd70911df0f8d7"},"potentialAction":[{"@type":"SearchAction","target":{"@type":"EntryPoint","urlTemplate":"https:\/\/symbioosi.fr\/?s={search_term_string}"},"query-input":"required name=search_term_string"}],"inLanguage":"fr-FR"},{"@type":"ImageObject","@id":"https:\/\/symbioosi.fr\/index.php\/produit\/huile-de-foie-de-morue-les-recettes-de-daniel\/#primaryimage","inLanguage":"fr-FR","url":"https:\/\/symbioosi.fr\/wp-content\/uploads\/2020\/12\/huile-foie-morue-recettes-daniel-scaled-e1607266698935.jpg","contentUrl":"https:\/\/symbioosi.fr\/wp-content\/uploads\/2020\/12\/huile-foie-morue-recettes-daniel-scaled-e1607266698935.jpg","width":1920,"height":2284},{"@type":"WebPage","@id":"https:\/\/symbioosi.fr\/index.php\/produit\/huile-de-foie-de-morue-les-recettes-de-daniel\/#webpage","url":"https:\/\/symbioosi.fr\/index.php\/produit\/huile-de-foie-de-morue-les-recettes-de-daniel\/","name":"Huile de foie de morue - Les recettes de Daniel - SYMBIOOSI","isPartOf":{"@id":"https:\/\/symbioosi.fr\/#website"},"primaryImageOfPage":{"@id":"https:\/\/symbioosi.fr\/index.php\/produit\/huile-de-foie-de-morue-les-recettes-de-daniel\/#primaryimage"},"datePublished":"2020-12-04T21:40:47+00:00","dateModified":"2022-05-10T18:41:55+00:00","description":"L'huile de foie de morue est riche en lipides et donc particuli\u00e8rement calorique, elle peut \u00eatre distribu\u00e9e en cure de d'une dizaine de jours.","breadcrumb":{"@id":"https:\/\/symbioosi.fr\/index.php\/produit\/huile-de-foie-de-morue-les-recettes-de-daniel\/#breadcrumb"},"inLanguage":"fr-FR","potentialAction":[{"@type":"ReadAction","target":["https:\/\/symbioosi.fr\/index.php\/produit\/huile-de-foie-de-morue-les-recettes-de-daniel\/"]}]},{"@type":"BreadcrumbList","@id":"https:\/\/symbioosi.fr\/index.php\/produit\/huile-de-foie-de-morue-les-recettes-de-daniel\/#breadcrumb","itemListElement":[{"@type":"ListItem","position":1,"name":"Accueil","item":"https:\/\/symbioosi.fr\/"},{"@type":"ListItem","position":2,"name":"Boutique","item":"https:\/\/symbioosi.fr\/index.php\/boutique\/"},{"@type":"ListItem","position":3,"name":"Huile de foie de morue &#8211; Les recettes de Daniel"}]}]}},"_links":{"self":[{"href":"https:\/\/symbioosi.fr\/index.php\/wp-json\/wp\/v2\/product\/2247"}],"collection":[{"href":"https:\/\/symbioosi.fr\/index.php\/wp-json\/wp\/v2\/product"}],"about":[{"href":"https:\/\/symbioosi.fr\/index.php\/wp-json\/wp\/v2\/types\/product"}],"replies":[{"embeddable":true,"href":"https:\/\/symbioosi.fr\/index.php\/wp-json\/wp\/v2\/comments?post=2247"}],"wp:featuredmedia":[{"embeddable":true,"href":"https:\/\/symbioosi.fr\/index.php\/wp-json\/wp\/v2\/media\/2281"}],"wp:attachment":[{"href":"https:\/\/symbioosi.fr\/index.php\/wp-json\/wp\/v2\/media?parent=2247"}],"wp:term":[{"taxonomy":"product_cat","embeddable":true,"href":"https:\/\/symbioosi.fr\/index.php\/wp-json\/wp\/v2\/product_cat?post=2247"},{"taxonomy":"product_tag","embeddable":true,"href":"https:\/\/symbioosi.fr\/index.php\/wp-json\/wp\/v2\/product_tag?post=2247"}],"curies":[{"name":"wp","href":"https:\/\/api.w.org\/{rel}","templated":true}]}}