{"id":1834,"date":"2020-10-15T16:40:29","date_gmt":"2020-10-15T14:40:29","guid":{"rendered":"https:\/\/symbioosi.fr\/?post_type=product&#038;p=1834"},"modified":"2022-04-29T15:50:14","modified_gmt":"2022-04-29T13:50:14","slug":"busy-buddy-hippster-cow-wow-elephunk-petsafe","status":"publish","type":"product","link":"https:\/\/symbioosi.fr\/index.php\/produit\/busy-buddy-hippster-cow-wow-elephunk-petsafe\/","title":{"rendered":"Busy Buddy Hippster \/ Elephunk &#8211; Petsafe"},"content":{"rendered":"<p>Les balles Busy Buddy Petsafe \u00e0 remplir rebondissent de fa\u00e7on impr\u00e9visible, ce qui augmente l\u2019int\u00e9r\u00eat de votre chien et donc son temps d&#8217;occupation.<\/p>\n<p>La technologie &#8220;Treat Meter&#8221; distribue al\u00e9atoirement les friandises pour plus de fun. Les languettes peuvent \u00eatre ajust\u00e9es pour modifier le d\u00e9bit des friandises. Les balles peuvent contenir un nombre important de friandises.<\/p>\n","protected":false},"excerpt":{"rendered":"<h4 style=\"text-align: center;\"><span style=\"color: #bf7c39;\"><strong>Jouet d\u2019occupation \u2013 Se remplit de friandises \u00a0<\/strong><\/span><strong><span style=\"color: #bf7c39;\">\u2013 Rebondit al\u00e9atoirement<\/span>\u00a0<\/strong><\/h4>\n<p>&nbsp;<\/p>\n<p><strong>2 animaux possibles :\u00a0<\/strong><\/p>\n<ul>\n<li>Hippster : Hippopotame, la balle bleue.<\/li>\n<li>Elephunk : \u00c9l\u00e9phant, la balle verte.<\/li>\n<\/ul>\n","protected":false},"featured_media":5267,"comment_status":"open","ping_status":"closed","template":"","meta":[],"product_cat":[235,286],"product_tag":[70,72,68],"yoast_head":"<!-- This site is optimized with the Yoast SEO plugin v17.3 - https:\/\/yoast.com\/wordpress\/plugins\/seo\/ -->\n<title>Busy Buddy Hippster \/ Elephunk - Petsafe - SYMBIOOSI<\/title>\n<meta name=\"description\" content=\"Ces balles Busy Buddy Petsafe \u00e0 remplir rebondissent de fa\u00e7on impr\u00e9visible en distribuant des friandises. La parfaite occupation !\" \/>\n<meta name=\"robots\" content=\"noindex, follow, max-snippet:-1, max-image-preview:large, max-video-preview:-1\" \/>\n<meta property=\"og:locale\" content=\"fr_FR\" \/>\n<meta property=\"og:type\" content=\"article\" \/>\n<meta property=\"og:title\" content=\"Busy Buddy Hippster \/ Elephunk - Petsafe - SYMBIOOSI\" \/>\n<meta property=\"og:description\" content=\"Ces balles Busy Buddy Petsafe \u00e0 remplir rebondissent de fa\u00e7on impr\u00e9visible en distribuant des friandises. La parfaite occupation !\" \/>\n<meta property=\"og:url\" content=\"https:\/\/symbioosi.fr\/index.php\/produit\/busy-buddy-hippster-cow-wow-elephunk-petsafe\/\" \/>\n<meta property=\"og:site_name\" content=\"SYMBIOOSI\" \/>\n<meta property=\"article:modified_time\" content=\"2022-04-29T13:50:14+00:00\" \/>\n<meta property=\"og:image\" content=\"https:\/\/symbioosi.fr\/wp-content\/uploads\/2020\/10\/IMG_5850.jpg\" \/>\n\t<meta property=\"og:image:width\" content=\"1125\" \/>\n\t<meta property=\"og:image:height\" content=\"1680\" \/>\n<meta name=\"twitter:card\" content=\"summary_large_image\" \/>\n<script type=\"application\/ld+json\" class=\"yoast-schema-graph\">{\"@context\":\"https:\/\/schema.org\",\"@graph\":[{\"@type\":[\"Person\",\"Organization\"],\"@id\":\"https:\/\/symbioosi.fr\/#\/schema\/person\/dd144bbfb16d0edb6ddd70911df0f8d7\",\"name\":\"Symbioosi\",\"image\":{\"@type\":\"ImageObject\",\"@id\":\"https:\/\/symbioosi.fr\/#personlogo\",\"inLanguage\":\"fr-FR\",\"url\":\"https:\/\/symbioosi.fr\/wp-content\/uploads\/2020\/04\/Sans-titre.png\",\"contentUrl\":\"https:\/\/symbioosi.fr\/wp-content\/uploads\/2020\/04\/Sans-titre.png\",\"width\":500,\"height\":500,\"caption\":\"Symbioosi\"},\"logo\":{\"@id\":\"https:\/\/symbioosi.fr\/#personlogo\"},\"sameAs\":[\"https:\/\/www.instagram.com\/symbioosi_store\/\"]},{\"@type\":\"WebSite\",\"@id\":\"https:\/\/symbioosi.fr\/#website\",\"url\":\"https:\/\/symbioosi.fr\/\",\"name\":\"SYMBIOOSI\",\"description\":\"Produits naturels et de qualit\\u00e9 pour chiens, chats, NAC...\",\"publisher\":{\"@id\":\"https:\/\/symbioosi.fr\/#\/schema\/person\/dd144bbfb16d0edb6ddd70911df0f8d7\"},\"potentialAction\":[{\"@type\":\"SearchAction\",\"target\":{\"@type\":\"EntryPoint\",\"urlTemplate\":\"https:\/\/symbioosi.fr\/?s={search_term_string}\"},\"query-input\":\"required name=search_term_string\"}],\"inLanguage\":\"fr-FR\"},{\"@type\":\"ImageObject\",\"@id\":\"https:\/\/symbioosi.fr\/index.php\/produit\/busy-buddy-hippster-cow-wow-elephunk-petsafe\/#primaryimage\",\"inLanguage\":\"fr-FR\",\"url\":\"https:\/\/symbioosi.fr\/wp-content\/uploads\/2020\/10\/IMG_5850.jpg\",\"contentUrl\":\"https:\/\/symbioosi.fr\/wp-content\/uploads\/2020\/10\/IMG_5850.jpg\",\"width\":1125,\"height\":1680},{\"@type\":\"WebPage\",\"@id\":\"https:\/\/symbioosi.fr\/index.php\/produit\/busy-buddy-hippster-cow-wow-elephunk-petsafe\/#webpage\",\"url\":\"https:\/\/symbioosi.fr\/index.php\/produit\/busy-buddy-hippster-cow-wow-elephunk-petsafe\/\",\"name\":\"Busy Buddy Hippster \/ Elephunk - Petsafe - SYMBIOOSI\",\"isPartOf\":{\"@id\":\"https:\/\/symbioosi.fr\/#website\"},\"primaryImageOfPage\":{\"@id\":\"https:\/\/symbioosi.fr\/index.php\/produit\/busy-buddy-hippster-cow-wow-elephunk-petsafe\/#primaryimage\"},\"datePublished\":\"2020-10-15T14:40:29+00:00\",\"dateModified\":\"2022-04-29T13:50:14+00:00\",\"description\":\"Ces balles Busy Buddy Petsafe \\u00e0 remplir rebondissent de fa\\u00e7on impr\\u00e9visible en distribuant des friandises. La parfaite occupation !\",\"breadcrumb\":{\"@id\":\"https:\/\/symbioosi.fr\/index.php\/produit\/busy-buddy-hippster-cow-wow-elephunk-petsafe\/#breadcrumb\"},\"inLanguage\":\"fr-FR\",\"potentialAction\":[{\"@type\":\"ReadAction\",\"target\":[\"https:\/\/symbioosi.fr\/index.php\/produit\/busy-buddy-hippster-cow-wow-elephunk-petsafe\/\"]}]},{\"@type\":\"BreadcrumbList\",\"@id\":\"https:\/\/symbioosi.fr\/index.php\/produit\/busy-buddy-hippster-cow-wow-elephunk-petsafe\/#breadcrumb\",\"itemListElement\":[{\"@type\":\"ListItem\",\"position\":1,\"name\":\"Accueil\",\"item\":\"https:\/\/symbioosi.fr\/\"},{\"@type\":\"ListItem\",\"position\":2,\"name\":\"Boutique\",\"item\":\"https:\/\/symbioosi.fr\/index.php\/boutique\/\"},{\"@type\":\"ListItem\",\"position\":3,\"name\":\"Busy Buddy Hippster \/ Elephunk &#8211; Petsafe\"}]}]}<\/script>\n<!-- \/ Yoast SEO plugin. -->","yoast_head_json":{"title":"Busy Buddy Hippster \/ Elephunk - Petsafe - SYMBIOOSI","description":"Ces balles Busy Buddy Petsafe \u00e0 remplir rebondissent de fa\u00e7on impr\u00e9visible en distribuant des friandises. La parfaite occupation !","robots":{"index":"noindex","follow":"follow","max-snippet":"max-snippet:-1","max-image-preview":"max-image-preview:large","max-video-preview":"max-video-preview:-1"},"og_locale":"fr_FR","og_type":"article","og_title":"Busy Buddy Hippster \/ Elephunk - Petsafe - SYMBIOOSI","og_description":"Ces balles Busy Buddy Petsafe \u00e0 remplir rebondissent de fa\u00e7on impr\u00e9visible en distribuant des friandises. La parfaite occupation !","og_url":"https:\/\/symbioosi.fr\/index.php\/produit\/busy-buddy-hippster-cow-wow-elephunk-petsafe\/","og_site_name":"SYMBIOOSI","article_modified_time":"2022-04-29T13:50:14+00:00","og_image":[{"width":1125,"height":1680,"url":"https:\/\/symbioosi.fr\/wp-content\/uploads\/2020\/10\/IMG_5850.jpg","type":"image\/jpeg"}],"twitter_card":"summary_large_image","schema":{"@context":"https:\/\/schema.org","@graph":[{"@type":["Person","Organization"],"@id":"https:\/\/symbioosi.fr\/#\/schema\/person\/dd144bbfb16d0edb6ddd70911df0f8d7","name":"Symbioosi","image":{"@type":"ImageObject","@id":"https:\/\/symbioosi.fr\/#personlogo","inLanguage":"fr-FR","url":"https:\/\/symbioosi.fr\/wp-content\/uploads\/2020\/04\/Sans-titre.png","contentUrl":"https:\/\/symbioosi.fr\/wp-content\/uploads\/2020\/04\/Sans-titre.png","width":500,"height":500,"caption":"Symbioosi"},"logo":{"@id":"https:\/\/symbioosi.fr\/#personlogo"},"sameAs":["https:\/\/www.instagram.com\/symbioosi_store\/"]},{"@type":"WebSite","@id":"https:\/\/symbioosi.fr\/#website","url":"https:\/\/symbioosi.fr\/","name":"SYMBIOOSI","description":"Produits naturels et de qualit\u00e9 pour chiens, chats, NAC...","publisher":{"@id":"https:\/\/symbioosi.fr\/#\/schema\/person\/dd144bbfb16d0edb6ddd70911df0f8d7"},"potentialAction":[{"@type":"SearchAction","target":{"@type":"EntryPoint","urlTemplate":"https:\/\/symbioosi.fr\/?s={search_term_string}"},"query-input":"required name=search_term_string"}],"inLanguage":"fr-FR"},{"@type":"ImageObject","@id":"https:\/\/symbioosi.fr\/index.php\/produit\/busy-buddy-hippster-cow-wow-elephunk-petsafe\/#primaryimage","inLanguage":"fr-FR","url":"https:\/\/symbioosi.fr\/wp-content\/uploads\/2020\/10\/IMG_5850.jpg","contentUrl":"https:\/\/symbioosi.fr\/wp-content\/uploads\/2020\/10\/IMG_5850.jpg","width":1125,"height":1680},{"@type":"WebPage","@id":"https:\/\/symbioosi.fr\/index.php\/produit\/busy-buddy-hippster-cow-wow-elephunk-petsafe\/#webpage","url":"https:\/\/symbioosi.fr\/index.php\/produit\/busy-buddy-hippster-cow-wow-elephunk-petsafe\/","name":"Busy Buddy Hippster \/ Elephunk - Petsafe - SYMBIOOSI","isPartOf":{"@id":"https:\/\/symbioosi.fr\/#website"},"primaryImageOfPage":{"@id":"https:\/\/symbioosi.fr\/index.php\/produit\/busy-buddy-hippster-cow-wow-elephunk-petsafe\/#primaryimage"},"datePublished":"2020-10-15T14:40:29+00:00","dateModified":"2022-04-29T13:50:14+00:00","description":"Ces balles Busy Buddy Petsafe \u00e0 remplir rebondissent de fa\u00e7on impr\u00e9visible en distribuant des friandises. La parfaite occupation !","breadcrumb":{"@id":"https:\/\/symbioosi.fr\/index.php\/produit\/busy-buddy-hippster-cow-wow-elephunk-petsafe\/#breadcrumb"},"inLanguage":"fr-FR","potentialAction":[{"@type":"ReadAction","target":["https:\/\/symbioosi.fr\/index.php\/produit\/busy-buddy-hippster-cow-wow-elephunk-petsafe\/"]}]},{"@type":"BreadcrumbList","@id":"https:\/\/symbioosi.fr\/index.php\/produit\/busy-buddy-hippster-cow-wow-elephunk-petsafe\/#breadcrumb","itemListElement":[{"@type":"ListItem","position":1,"name":"Accueil","item":"https:\/\/symbioosi.fr\/"},{"@type":"ListItem","position":2,"name":"Boutique","item":"https:\/\/symbioosi.fr\/index.php\/boutique\/"},{"@type":"ListItem","position":3,"name":"Busy Buddy Hippster \/ Elephunk &#8211; Petsafe"}]}]}},"_links":{"self":[{"href":"https:\/\/symbioosi.fr\/index.php\/wp-json\/wp\/v2\/product\/1834"}],"collection":[{"href":"https:\/\/symbioosi.fr\/index.php\/wp-json\/wp\/v2\/product"}],"about":[{"href":"https:\/\/symbioosi.fr\/index.php\/wp-json\/wp\/v2\/types\/product"}],"replies":[{"embeddable":true,"href":"https:\/\/symbioosi.fr\/index.php\/wp-json\/wp\/v2\/comments?post=1834"}],"wp:featuredmedia":[{"embeddable":true,"href":"https:\/\/symbioosi.fr\/index.php\/wp-json\/wp\/v2\/media\/5267"}],"wp:attachment":[{"href":"https:\/\/symbioosi.fr\/index.php\/wp-json\/wp\/v2\/media?parent=1834"}],"wp:term":[{"taxonomy":"product_cat","embeddable":true,"href":"https:\/\/symbioosi.fr\/index.php\/wp-json\/wp\/v2\/product_cat?post=1834"},{"taxonomy":"product_tag","embeddable":true,"href":"https:\/\/symbioosi.fr\/index.php\/wp-json\/wp\/v2\/product_tag?post=1834"}],"curies":[{"name":"wp","href":"https:\/\/api.w.org\/{rel}","templated":true}]}}