{"id":1822,"date":"2020-10-15T15:09:48","date_gmt":"2020-10-15T13:09:48","guid":{"rendered":"https:\/\/symbioosi.fr\/?post_type=product&#038;p=1822"},"modified":"2022-05-10T20:38:44","modified_gmt":"2022-05-10T18:38:44","slug":"pingouin-glace-petsafe","status":"publish","type":"product","link":"https:\/\/symbioosi.fr\/index.php\/produit\/pingouin-glace-petsafe\/","title":{"rendered":"Pingouin glac\u00e9 &#8211; Petsafe"},"content":{"rendered":"<p>Le pingouin glac\u00e9 Petsafe est parfait pour une bonne d\u00e9pense mentale. En effet, vous pouvez le fourrer et le congeler pour une occupation plus longue.\u00a0Le dos du pingouin est arrondi ce qui permet au jouet de vaciller pendant que le chien joue avec ou le l\u00e8che.<\/p>\n<p>Plusieurs pingouins peuvent \u00eatre empil\u00e9s les uns sur les autres dans le cong\u00e9lateur pour faciliter le rangement. De plus, votre m\u00e9lange ne se renversera pas dans le cong\u00e9lateur comme vous pouvez le mettre bien \u00e0 plat.<\/p>\n<p>Le fait de l\u00e9cher favorise l&#8217;apaisement par la lib\u00e9ration de l&#8217;endorphine et facilite la digestion.<\/p>\n","protected":false},"excerpt":{"rendered":"<h4 style=\"text-align: center;\"><span style=\"color: #bf7c39;\"><strong>Jouet d&#8217;occupation &#8211; Se remplit de friandises ou de p\u00e2t\u00e9e &#8211; Peut aller au cong\u00e9lateur<\/strong><\/span><\/h4>\n<p>&nbsp;<\/p>\n<p><strong>Correspondance des tailles :\u00a0<\/strong><\/p>\n<ul>\n<li>S = chien de 4 \u00e0 10 kilos<\/li>\n<li>M\/L = chien de 10 \u00e0 36 kilos.<\/li>\n<\/ul>\n","protected":false},"featured_media":5278,"comment_status":"open","ping_status":"closed","template":"","meta":[],"product_cat":[235,286],"product_tag":[],"yoast_head":"<!-- This site is optimized with the Yoast SEO plugin v17.3 - https:\/\/yoast.com\/wordpress\/plugins\/seo\/ -->\n<title>Jouet \u00e0 garnir - Pingouin glac\u00e9 - Petsafe - SYMBIOOSI<\/title>\n<meta name=\"description\" content=\"Le pingouin glac\u00e9 Petsafe est parfait pour une bonne d\u00e9pense mentale. Il peut se garnir et se congeler pour une occupation plus longue.\u00a0\" \/>\n<meta name=\"robots\" content=\"noindex, follow, max-snippet:-1, max-image-preview:large, max-video-preview:-1\" \/>\n<meta property=\"og:locale\" content=\"fr_FR\" \/>\n<meta property=\"og:type\" content=\"article\" \/>\n<meta property=\"og:title\" content=\"Jouet \u00e0 garnir - Pingouin glac\u00e9 - Petsafe - SYMBIOOSI\" \/>\n<meta property=\"og:description\" content=\"Le pingouin glac\u00e9 Petsafe est parfait pour une bonne d\u00e9pense mentale. Il peut se garnir et se congeler pour une occupation plus longue.\u00a0\" \/>\n<meta property=\"og:url\" content=\"https:\/\/symbioosi.fr\/index.php\/produit\/pingouin-glace-petsafe\/\" \/>\n<meta property=\"og:site_name\" content=\"SYMBIOOSI\" \/>\n<meta property=\"article:modified_time\" content=\"2022-05-10T18:38:44+00:00\" \/>\n<meta property=\"og:image\" content=\"https:\/\/symbioosi.fr\/wp-content\/uploads\/2020\/10\/IMG_5857.jpg\" \/>\n\t<meta property=\"og:image:width\" content=\"1125\" \/>\n\t<meta property=\"og:image:height\" content=\"1673\" \/>\n<meta name=\"twitter:card\" content=\"summary_large_image\" \/>\n<meta name=\"twitter:label1\" content=\"Dur\u00e9e de lecture estim\u00e9e\" \/>\n\t<meta name=\"twitter:data1\" content=\"1 minute\" \/>\n<script type=\"application\/ld+json\" class=\"yoast-schema-graph\">{\"@context\":\"https:\/\/schema.org\",\"@graph\":[{\"@type\":[\"Person\",\"Organization\"],\"@id\":\"https:\/\/symbioosi.fr\/#\/schema\/person\/dd144bbfb16d0edb6ddd70911df0f8d7\",\"name\":\"Symbioosi\",\"image\":{\"@type\":\"ImageObject\",\"@id\":\"https:\/\/symbioosi.fr\/#personlogo\",\"inLanguage\":\"fr-FR\",\"url\":\"https:\/\/symbioosi.fr\/wp-content\/uploads\/2020\/04\/Sans-titre.png\",\"contentUrl\":\"https:\/\/symbioosi.fr\/wp-content\/uploads\/2020\/04\/Sans-titre.png\",\"width\":500,\"height\":500,\"caption\":\"Symbioosi\"},\"logo\":{\"@id\":\"https:\/\/symbioosi.fr\/#personlogo\"},\"sameAs\":[\"https:\/\/www.instagram.com\/symbioosi_store\/\"]},{\"@type\":\"WebSite\",\"@id\":\"https:\/\/symbioosi.fr\/#website\",\"url\":\"https:\/\/symbioosi.fr\/\",\"name\":\"SYMBIOOSI\",\"description\":\"Produits naturels et de qualit\\u00e9 pour chiens, chats, NAC...\",\"publisher\":{\"@id\":\"https:\/\/symbioosi.fr\/#\/schema\/person\/dd144bbfb16d0edb6ddd70911df0f8d7\"},\"potentialAction\":[{\"@type\":\"SearchAction\",\"target\":{\"@type\":\"EntryPoint\",\"urlTemplate\":\"https:\/\/symbioosi.fr\/?s={search_term_string}\"},\"query-input\":\"required name=search_term_string\"}],\"inLanguage\":\"fr-FR\"},{\"@type\":\"ImageObject\",\"@id\":\"https:\/\/symbioosi.fr\/index.php\/produit\/pingouin-glace-petsafe\/#primaryimage\",\"inLanguage\":\"fr-FR\",\"url\":\"https:\/\/symbioosi.fr\/wp-content\/uploads\/2020\/10\/IMG_5857.jpg\",\"contentUrl\":\"https:\/\/symbioosi.fr\/wp-content\/uploads\/2020\/10\/IMG_5857.jpg\",\"width\":1125,\"height\":1673},{\"@type\":\"WebPage\",\"@id\":\"https:\/\/symbioosi.fr\/index.php\/produit\/pingouin-glace-petsafe\/#webpage\",\"url\":\"https:\/\/symbioosi.fr\/index.php\/produit\/pingouin-glace-petsafe\/\",\"name\":\"Jouet \\u00e0 garnir - Pingouin glac\\u00e9 - Petsafe - SYMBIOOSI\",\"isPartOf\":{\"@id\":\"https:\/\/symbioosi.fr\/#website\"},\"primaryImageOfPage\":{\"@id\":\"https:\/\/symbioosi.fr\/index.php\/produit\/pingouin-glace-petsafe\/#primaryimage\"},\"datePublished\":\"2020-10-15T13:09:48+00:00\",\"dateModified\":\"2022-05-10T18:38:44+00:00\",\"description\":\"Le pingouin glac\\u00e9 Petsafe est parfait pour une bonne d\\u00e9pense mentale. Il peut se garnir et se congeler pour une occupation plus longue.\\u00a0\",\"breadcrumb\":{\"@id\":\"https:\/\/symbioosi.fr\/index.php\/produit\/pingouin-glace-petsafe\/#breadcrumb\"},\"inLanguage\":\"fr-FR\",\"potentialAction\":[{\"@type\":\"ReadAction\",\"target\":[\"https:\/\/symbioosi.fr\/index.php\/produit\/pingouin-glace-petsafe\/\"]}]},{\"@type\":\"BreadcrumbList\",\"@id\":\"https:\/\/symbioosi.fr\/index.php\/produit\/pingouin-glace-petsafe\/#breadcrumb\",\"itemListElement\":[{\"@type\":\"ListItem\",\"position\":1,\"name\":\"Accueil\",\"item\":\"https:\/\/symbioosi.fr\/\"},{\"@type\":\"ListItem\",\"position\":2,\"name\":\"Boutique\",\"item\":\"https:\/\/symbioosi.fr\/index.php\/boutique\/\"},{\"@type\":\"ListItem\",\"position\":3,\"name\":\"Pingouin glac\\u00e9 &#8211; Petsafe\"}]}]}<\/script>\n<!-- \/ Yoast SEO plugin. -->","yoast_head_json":{"title":"Jouet \u00e0 garnir - Pingouin glac\u00e9 - Petsafe - SYMBIOOSI","description":"Le pingouin glac\u00e9 Petsafe est parfait pour une bonne d\u00e9pense mentale. Il peut se garnir et se congeler pour une occupation plus longue.\u00a0","robots":{"index":"noindex","follow":"follow","max-snippet":"max-snippet:-1","max-image-preview":"max-image-preview:large","max-video-preview":"max-video-preview:-1"},"og_locale":"fr_FR","og_type":"article","og_title":"Jouet \u00e0 garnir - Pingouin glac\u00e9 - Petsafe - SYMBIOOSI","og_description":"Le pingouin glac\u00e9 Petsafe est parfait pour une bonne d\u00e9pense mentale. Il peut se garnir et se congeler pour une occupation plus longue.\u00a0","og_url":"https:\/\/symbioosi.fr\/index.php\/produit\/pingouin-glace-petsafe\/","og_site_name":"SYMBIOOSI","article_modified_time":"2022-05-10T18:38:44+00:00","og_image":[{"width":1125,"height":1673,"url":"https:\/\/symbioosi.fr\/wp-content\/uploads\/2020\/10\/IMG_5857.jpg","type":"image\/jpeg"}],"twitter_card":"summary_large_image","twitter_misc":{"Dur\u00e9e de lecture estim\u00e9e":"1 minute"},"schema":{"@context":"https:\/\/schema.org","@graph":[{"@type":["Person","Organization"],"@id":"https:\/\/symbioosi.fr\/#\/schema\/person\/dd144bbfb16d0edb6ddd70911df0f8d7","name":"Symbioosi","image":{"@type":"ImageObject","@id":"https:\/\/symbioosi.fr\/#personlogo","inLanguage":"fr-FR","url":"https:\/\/symbioosi.fr\/wp-content\/uploads\/2020\/04\/Sans-titre.png","contentUrl":"https:\/\/symbioosi.fr\/wp-content\/uploads\/2020\/04\/Sans-titre.png","width":500,"height":500,"caption":"Symbioosi"},"logo":{"@id":"https:\/\/symbioosi.fr\/#personlogo"},"sameAs":["https:\/\/www.instagram.com\/symbioosi_store\/"]},{"@type":"WebSite","@id":"https:\/\/symbioosi.fr\/#website","url":"https:\/\/symbioosi.fr\/","name":"SYMBIOOSI","description":"Produits naturels et de qualit\u00e9 pour chiens, chats, NAC...","publisher":{"@id":"https:\/\/symbioosi.fr\/#\/schema\/person\/dd144bbfb16d0edb6ddd70911df0f8d7"},"potentialAction":[{"@type":"SearchAction","target":{"@type":"EntryPoint","urlTemplate":"https:\/\/symbioosi.fr\/?s={search_term_string}"},"query-input":"required name=search_term_string"}],"inLanguage":"fr-FR"},{"@type":"ImageObject","@id":"https:\/\/symbioosi.fr\/index.php\/produit\/pingouin-glace-petsafe\/#primaryimage","inLanguage":"fr-FR","url":"https:\/\/symbioosi.fr\/wp-content\/uploads\/2020\/10\/IMG_5857.jpg","contentUrl":"https:\/\/symbioosi.fr\/wp-content\/uploads\/2020\/10\/IMG_5857.jpg","width":1125,"height":1673},{"@type":"WebPage","@id":"https:\/\/symbioosi.fr\/index.php\/produit\/pingouin-glace-petsafe\/#webpage","url":"https:\/\/symbioosi.fr\/index.php\/produit\/pingouin-glace-petsafe\/","name":"Jouet \u00e0 garnir - Pingouin glac\u00e9 - Petsafe - SYMBIOOSI","isPartOf":{"@id":"https:\/\/symbioosi.fr\/#website"},"primaryImageOfPage":{"@id":"https:\/\/symbioosi.fr\/index.php\/produit\/pingouin-glace-petsafe\/#primaryimage"},"datePublished":"2020-10-15T13:09:48+00:00","dateModified":"2022-05-10T18:38:44+00:00","description":"Le pingouin glac\u00e9 Petsafe est parfait pour une bonne d\u00e9pense mentale. Il peut se garnir et se congeler pour une occupation plus longue.\u00a0","breadcrumb":{"@id":"https:\/\/symbioosi.fr\/index.php\/produit\/pingouin-glace-petsafe\/#breadcrumb"},"inLanguage":"fr-FR","potentialAction":[{"@type":"ReadAction","target":["https:\/\/symbioosi.fr\/index.php\/produit\/pingouin-glace-petsafe\/"]}]},{"@type":"BreadcrumbList","@id":"https:\/\/symbioosi.fr\/index.php\/produit\/pingouin-glace-petsafe\/#breadcrumb","itemListElement":[{"@type":"ListItem","position":1,"name":"Accueil","item":"https:\/\/symbioosi.fr\/"},{"@type":"ListItem","position":2,"name":"Boutique","item":"https:\/\/symbioosi.fr\/index.php\/boutique\/"},{"@type":"ListItem","position":3,"name":"Pingouin glac\u00e9 &#8211; Petsafe"}]}]}},"_links":{"self":[{"href":"https:\/\/symbioosi.fr\/index.php\/wp-json\/wp\/v2\/product\/1822"}],"collection":[{"href":"https:\/\/symbioosi.fr\/index.php\/wp-json\/wp\/v2\/product"}],"about":[{"href":"https:\/\/symbioosi.fr\/index.php\/wp-json\/wp\/v2\/types\/product"}],"replies":[{"embeddable":true,"href":"https:\/\/symbioosi.fr\/index.php\/wp-json\/wp\/v2\/comments?post=1822"}],"wp:featuredmedia":[{"embeddable":true,"href":"https:\/\/symbioosi.fr\/index.php\/wp-json\/wp\/v2\/media\/5278"}],"wp:attachment":[{"href":"https:\/\/symbioosi.fr\/index.php\/wp-json\/wp\/v2\/media?parent=1822"}],"wp:term":[{"taxonomy":"product_cat","embeddable":true,"href":"https:\/\/symbioosi.fr\/index.php\/wp-json\/wp\/v2\/product_cat?post=1822"},{"taxonomy":"product_tag","embeddable":true,"href":"https:\/\/symbioosi.fr\/index.php\/wp-json\/wp\/v2\/product_tag?post=1822"}],"curies":[{"name":"wp","href":"https:\/\/api.w.org\/{rel}","templated":true}]}}