{"id":1454,"date":"2020-07-21T17:29:40","date_gmt":"2020-07-21T15:29:40","guid":{"rendered":"https:\/\/symbioosi.fr\/?post_type=product&#038;p=1454"},"modified":"2022-06-15T18:51:47","modified_gmt":"2022-06-15T16:51:47","slug":"patee-deluxe-aux-filets-de-thon-et-aux-moules-naturea","status":"publish","type":"product","link":"https:\/\/symbioosi.fr\/index.php\/produit\/patee-deluxe-aux-filets-de-thon-et-aux-moules-naturea\/","title":{"rendered":"P\u00e2t\u00e9e deluxe aux filets de thon et aux moules \u2013 Naturea"},"content":{"rendered":"<p>Cette p\u00e2t\u00e9e savoureuse est compos\u00e9e exclusivement de thon et de moules. Sans c\u00e9r\u00e9ale et contenant essentiellement des ingr\u00e9dients de haute qualit\u00e9, cet aliment est parfaitement adapt\u00e9 au r\u00e9gime carnivore des chats. La p\u00e2t\u00e9e Naturea au thon et aux moules est adapt\u00e9e \u00e0 tous les chats m\u00eame st\u00e9rilis\u00e9s et aux chatons. Sa superbe composition en fait une p\u00e2t\u00e9e tr\u00e8s peu grasse : 0,4% seulement de mati\u00e8res grasses.<\/p>\n<p>Elle contient des min\u00e9raux, des vitamines et des nutriments pour contribuer quotidiennement \u00e0 la sant\u00e9 de vos chats. Vous pouvez utiliser cette p\u00e2t\u00e9e pour remplir les jouets d\u2019occupation comme les lickimats pr\u00e9vu \u00e0 cet effet. (En vente sur la boutique)<\/p>\n<p><span style=\"color: #bf7c39;\"><strong>Convient pour<\/strong> :<\/span> chats, chats st\u00e9rilis\u00e9s, chatons.<\/p>\n<p><span style=\"color: #bf7c39;\"><strong>Constituants analytiques :<\/strong><\/span>\u00a0Prot\u00e9ines 11,5%, huiles et graisses brutes 0,4%, fibres: 0,2%, cendres brutes 0,8%, humidit\u00e9: 86,5%<\/p>\n<p><span style=\"color: #bf7c39;\"><strong>Suggestion :<\/strong><\/span> \u00c0 utiliser en tant que repas exclusif, \u00e0 ajouter aux croquettes ou bien \u00e0 utiliser sur les tapis Lickimats (pr\u00e9sents sur la boutique).<\/p>\n<p><span style=\"color: #bf7c39;\"><strong>Conservation :<\/strong><\/span> Avant ouverture, \u00e0 garder au sec et \u00e0 l\u2019abri de l\u2019humidit\u00e9. Apr\u00e8s ouverture, se conserve 2 jours au r\u00e9frig\u00e9rateur.<\/p>\n<p><span style=\"color: #bf7c39;\"><strong>Contenant<\/strong> :<\/span> 85g.<\/p>\n","protected":false},"excerpt":{"rendered":"<p style=\"text-align: center;\"><strong>100% Poisson \u2013 Sans colorant artificiel, sans ajout de parfum, ni conservateur \u2013 Haute app\u00e9tence \u2013 Facilit\u00e9 de digestion \u2013 Om\u00e9ga 3-6 &#8211; Tr\u00e8s peu de gras donc id\u00e9al pour les chats bien portants<\/strong><\/p>\n<p><strong>Composition<\/strong> :\u00a0Thon (38%), moules (4%).<\/p>\n","protected":false},"featured_media":5576,"comment_status":"open","ping_status":"closed","template":"","meta":[],"product_cat":[228],"product_tag":[71,73,69],"yoast_head":"<!-- This site is optimized with the Yoast SEO plugin v17.3 - https:\/\/yoast.com\/wordpress\/plugins\/seo\/ -->\n<title>P\u00e2t\u00e9e deluxe aux filets de thon et aux moules \u2013 Naturea - SYMBIOOSI<\/title>\n<meta name=\"description\" content=\"Cette p\u00e2t\u00e9e Naturea au thon frais et moules fraiches ravira les papilles de votre chat. Elle est sans c\u00e9r\u00e9ales.\" \/>\n<meta name=\"robots\" content=\"noindex, follow, max-snippet:-1, max-image-preview:large, max-video-preview:-1\" \/>\n<meta property=\"og:locale\" content=\"fr_FR\" \/>\n<meta property=\"og:type\" content=\"article\" \/>\n<meta property=\"og:title\" content=\"P\u00e2t\u00e9e deluxe aux filets de thon et aux moules \u2013 Naturea - SYMBIOOSI\" \/>\n<meta property=\"og:description\" content=\"Cette p\u00e2t\u00e9e Naturea au thon frais et moules fraiches ravira les papilles de votre chat. Elle est sans c\u00e9r\u00e9ales.\" \/>\n<meta property=\"og:url\" content=\"https:\/\/symbioosi.fr\/index.php\/produit\/patee-deluxe-aux-filets-de-thon-et-aux-moules-naturea\/\" \/>\n<meta property=\"og:site_name\" content=\"SYMBIOOSI\" \/>\n<meta property=\"article:modified_time\" content=\"2022-06-15T16:51:47+00:00\" \/>\n<meta property=\"og:image\" content=\"https:\/\/symbioosi.fr\/wp-content\/uploads\/2020\/07\/DSC7434.jpg\" \/>\n\t<meta property=\"og:image:width\" content=\"1365\" \/>\n\t<meta property=\"og:image:height\" content=\"2048\" \/>\n<meta name=\"twitter:card\" content=\"summary_large_image\" \/>\n<meta name=\"twitter:label1\" content=\"Dur\u00e9e de lecture estim\u00e9e\" \/>\n\t<meta name=\"twitter:data1\" content=\"1 minute\" \/>\n<script type=\"application\/ld+json\" class=\"yoast-schema-graph\">{\"@context\":\"https:\/\/schema.org\",\"@graph\":[{\"@type\":[\"Person\",\"Organization\"],\"@id\":\"https:\/\/symbioosi.fr\/#\/schema\/person\/dd144bbfb16d0edb6ddd70911df0f8d7\",\"name\":\"Symbioosi\",\"image\":{\"@type\":\"ImageObject\",\"@id\":\"https:\/\/symbioosi.fr\/#personlogo\",\"inLanguage\":\"fr-FR\",\"url\":\"https:\/\/symbioosi.fr\/wp-content\/uploads\/2020\/04\/Sans-titre.png\",\"contentUrl\":\"https:\/\/symbioosi.fr\/wp-content\/uploads\/2020\/04\/Sans-titre.png\",\"width\":500,\"height\":500,\"caption\":\"Symbioosi\"},\"logo\":{\"@id\":\"https:\/\/symbioosi.fr\/#personlogo\"},\"sameAs\":[\"https:\/\/www.instagram.com\/symbioosi_store\/\"]},{\"@type\":\"WebSite\",\"@id\":\"https:\/\/symbioosi.fr\/#website\",\"url\":\"https:\/\/symbioosi.fr\/\",\"name\":\"SYMBIOOSI\",\"description\":\"Produits naturels et de qualit\\u00e9 pour chiens, chats, NAC...\",\"publisher\":{\"@id\":\"https:\/\/symbioosi.fr\/#\/schema\/person\/dd144bbfb16d0edb6ddd70911df0f8d7\"},\"potentialAction\":[{\"@type\":\"SearchAction\",\"target\":{\"@type\":\"EntryPoint\",\"urlTemplate\":\"https:\/\/symbioosi.fr\/?s={search_term_string}\"},\"query-input\":\"required name=search_term_string\"}],\"inLanguage\":\"fr-FR\"},{\"@type\":\"ImageObject\",\"@id\":\"https:\/\/symbioosi.fr\/index.php\/produit\/patee-deluxe-aux-filets-de-thon-et-aux-moules-naturea\/#primaryimage\",\"inLanguage\":\"fr-FR\",\"url\":\"https:\/\/symbioosi.fr\/wp-content\/uploads\/2020\/07\/DSC7434.jpg\",\"contentUrl\":\"https:\/\/symbioosi.fr\/wp-content\/uploads\/2020\/07\/DSC7434.jpg\",\"width\":1365,\"height\":2048},{\"@type\":\"WebPage\",\"@id\":\"https:\/\/symbioosi.fr\/index.php\/produit\/patee-deluxe-aux-filets-de-thon-et-aux-moules-naturea\/#webpage\",\"url\":\"https:\/\/symbioosi.fr\/index.php\/produit\/patee-deluxe-aux-filets-de-thon-et-aux-moules-naturea\/\",\"name\":\"P\\u00e2t\\u00e9e deluxe aux filets de thon et aux moules \\u2013 Naturea - SYMBIOOSI\",\"isPartOf\":{\"@id\":\"https:\/\/symbioosi.fr\/#website\"},\"primaryImageOfPage\":{\"@id\":\"https:\/\/symbioosi.fr\/index.php\/produit\/patee-deluxe-aux-filets-de-thon-et-aux-moules-naturea\/#primaryimage\"},\"datePublished\":\"2020-07-21T15:29:40+00:00\",\"dateModified\":\"2022-06-15T16:51:47+00:00\",\"description\":\"Cette p\\u00e2t\\u00e9e Naturea au thon frais et moules fraiches ravira les papilles de votre chat. Elle est sans c\\u00e9r\\u00e9ales.\",\"breadcrumb\":{\"@id\":\"https:\/\/symbioosi.fr\/index.php\/produit\/patee-deluxe-aux-filets-de-thon-et-aux-moules-naturea\/#breadcrumb\"},\"inLanguage\":\"fr-FR\",\"potentialAction\":[{\"@type\":\"ReadAction\",\"target\":[\"https:\/\/symbioosi.fr\/index.php\/produit\/patee-deluxe-aux-filets-de-thon-et-aux-moules-naturea\/\"]}]},{\"@type\":\"BreadcrumbList\",\"@id\":\"https:\/\/symbioosi.fr\/index.php\/produit\/patee-deluxe-aux-filets-de-thon-et-aux-moules-naturea\/#breadcrumb\",\"itemListElement\":[{\"@type\":\"ListItem\",\"position\":1,\"name\":\"Accueil\",\"item\":\"https:\/\/symbioosi.fr\/\"},{\"@type\":\"ListItem\",\"position\":2,\"name\":\"Boutique\",\"item\":\"https:\/\/symbioosi.fr\/index.php\/boutique\/\"},{\"@type\":\"ListItem\",\"position\":3,\"name\":\"P\\u00e2t\\u00e9e deluxe aux filets de thon et aux moules \\u2013 Naturea\"}]}]}<\/script>\n<!-- \/ Yoast SEO plugin. -->","yoast_head_json":{"title":"P\u00e2t\u00e9e deluxe aux filets de thon et aux moules \u2013 Naturea - SYMBIOOSI","description":"Cette p\u00e2t\u00e9e Naturea au thon frais et moules fraiches ravira les papilles de votre chat. Elle est sans c\u00e9r\u00e9ales.","robots":{"index":"noindex","follow":"follow","max-snippet":"max-snippet:-1","max-image-preview":"max-image-preview:large","max-video-preview":"max-video-preview:-1"},"og_locale":"fr_FR","og_type":"article","og_title":"P\u00e2t\u00e9e deluxe aux filets de thon et aux moules \u2013 Naturea - SYMBIOOSI","og_description":"Cette p\u00e2t\u00e9e Naturea au thon frais et moules fraiches ravira les papilles de votre chat. Elle est sans c\u00e9r\u00e9ales.","og_url":"https:\/\/symbioosi.fr\/index.php\/produit\/patee-deluxe-aux-filets-de-thon-et-aux-moules-naturea\/","og_site_name":"SYMBIOOSI","article_modified_time":"2022-06-15T16:51:47+00:00","og_image":[{"width":1365,"height":2048,"url":"https:\/\/symbioosi.fr\/wp-content\/uploads\/2020\/07\/DSC7434.jpg","type":"image\/jpeg"}],"twitter_card":"summary_large_image","twitter_misc":{"Dur\u00e9e de lecture estim\u00e9e":"1 minute"},"schema":{"@context":"https:\/\/schema.org","@graph":[{"@type":["Person","Organization"],"@id":"https:\/\/symbioosi.fr\/#\/schema\/person\/dd144bbfb16d0edb6ddd70911df0f8d7","name":"Symbioosi","image":{"@type":"ImageObject","@id":"https:\/\/symbioosi.fr\/#personlogo","inLanguage":"fr-FR","url":"https:\/\/symbioosi.fr\/wp-content\/uploads\/2020\/04\/Sans-titre.png","contentUrl":"https:\/\/symbioosi.fr\/wp-content\/uploads\/2020\/04\/Sans-titre.png","width":500,"height":500,"caption":"Symbioosi"},"logo":{"@id":"https:\/\/symbioosi.fr\/#personlogo"},"sameAs":["https:\/\/www.instagram.com\/symbioosi_store\/"]},{"@type":"WebSite","@id":"https:\/\/symbioosi.fr\/#website","url":"https:\/\/symbioosi.fr\/","name":"SYMBIOOSI","description":"Produits naturels et de qualit\u00e9 pour chiens, chats, NAC...","publisher":{"@id":"https:\/\/symbioosi.fr\/#\/schema\/person\/dd144bbfb16d0edb6ddd70911df0f8d7"},"potentialAction":[{"@type":"SearchAction","target":{"@type":"EntryPoint","urlTemplate":"https:\/\/symbioosi.fr\/?s={search_term_string}"},"query-input":"required name=search_term_string"}],"inLanguage":"fr-FR"},{"@type":"ImageObject","@id":"https:\/\/symbioosi.fr\/index.php\/produit\/patee-deluxe-aux-filets-de-thon-et-aux-moules-naturea\/#primaryimage","inLanguage":"fr-FR","url":"https:\/\/symbioosi.fr\/wp-content\/uploads\/2020\/07\/DSC7434.jpg","contentUrl":"https:\/\/symbioosi.fr\/wp-content\/uploads\/2020\/07\/DSC7434.jpg","width":1365,"height":2048},{"@type":"WebPage","@id":"https:\/\/symbioosi.fr\/index.php\/produit\/patee-deluxe-aux-filets-de-thon-et-aux-moules-naturea\/#webpage","url":"https:\/\/symbioosi.fr\/index.php\/produit\/patee-deluxe-aux-filets-de-thon-et-aux-moules-naturea\/","name":"P\u00e2t\u00e9e deluxe aux filets de thon et aux moules \u2013 Naturea - SYMBIOOSI","isPartOf":{"@id":"https:\/\/symbioosi.fr\/#website"},"primaryImageOfPage":{"@id":"https:\/\/symbioosi.fr\/index.php\/produit\/patee-deluxe-aux-filets-de-thon-et-aux-moules-naturea\/#primaryimage"},"datePublished":"2020-07-21T15:29:40+00:00","dateModified":"2022-06-15T16:51:47+00:00","description":"Cette p\u00e2t\u00e9e Naturea au thon frais et moules fraiches ravira les papilles de votre chat. Elle est sans c\u00e9r\u00e9ales.","breadcrumb":{"@id":"https:\/\/symbioosi.fr\/index.php\/produit\/patee-deluxe-aux-filets-de-thon-et-aux-moules-naturea\/#breadcrumb"},"inLanguage":"fr-FR","potentialAction":[{"@type":"ReadAction","target":["https:\/\/symbioosi.fr\/index.php\/produit\/patee-deluxe-aux-filets-de-thon-et-aux-moules-naturea\/"]}]},{"@type":"BreadcrumbList","@id":"https:\/\/symbioosi.fr\/index.php\/produit\/patee-deluxe-aux-filets-de-thon-et-aux-moules-naturea\/#breadcrumb","itemListElement":[{"@type":"ListItem","position":1,"name":"Accueil","item":"https:\/\/symbioosi.fr\/"},{"@type":"ListItem","position":2,"name":"Boutique","item":"https:\/\/symbioosi.fr\/index.php\/boutique\/"},{"@type":"ListItem","position":3,"name":"P\u00e2t\u00e9e deluxe aux filets de thon et aux moules \u2013 Naturea"}]}]}},"_links":{"self":[{"href":"https:\/\/symbioosi.fr\/index.php\/wp-json\/wp\/v2\/product\/1454"}],"collection":[{"href":"https:\/\/symbioosi.fr\/index.php\/wp-json\/wp\/v2\/product"}],"about":[{"href":"https:\/\/symbioosi.fr\/index.php\/wp-json\/wp\/v2\/types\/product"}],"replies":[{"embeddable":true,"href":"https:\/\/symbioosi.fr\/index.php\/wp-json\/wp\/v2\/comments?post=1454"}],"wp:featuredmedia":[{"embeddable":true,"href":"https:\/\/symbioosi.fr\/index.php\/wp-json\/wp\/v2\/media\/5576"}],"wp:attachment":[{"href":"https:\/\/symbioosi.fr\/index.php\/wp-json\/wp\/v2\/media?parent=1454"}],"wp:term":[{"taxonomy":"product_cat","embeddable":true,"href":"https:\/\/symbioosi.fr\/index.php\/wp-json\/wp\/v2\/product_cat?post=1454"},{"taxonomy":"product_tag","embeddable":true,"href":"https:\/\/symbioosi.fr\/index.php\/wp-json\/wp\/v2\/product_tag?post=1454"}],"curies":[{"name":"wp","href":"https:\/\/api.w.org\/{rel}","templated":true}]}}